{"id":2084,"date":"2024-03-27T09:52:24","date_gmt":"2024-03-27T09:52:24","guid":{"rendered":"https:\/\/inkskin.nl\/products\/cheyenne-9-puissance\/"},"modified":"2024-03-27T09:52:24","modified_gmt":"2024-03-27T09:52:24","slug":"cheyenne-9-puissance","status":"publish","type":"product","link":"https:\/\/inkskin.nl\/fr\/products\/cheyenne-9-puissance\/","title":{"rendered":"Cheyenne 9 puissance"},"content":{"rendered":"<p>Vous \u00eates un tatoueur professionnel et vous cherchez les meilleurs modules d&rsquo;aiguilles pour votre travail ? Ne cherchez plus ! Avec les cartouches de s\u00e9curit\u00e9 Cheyenne, vous obtenez qualit\u00e9 et fiabilit\u00e9. Ces modules d&rsquo;aiguilles sont sp\u00e9cialement con\u00e7us pour les tatoueurs professionnels comme vous. Ils r\u00e9pondent aux normes les plus strictes (ISO 13485) et sont d&rsquo;une qualit\u00e9 in\u00e9gal\u00e9e. Gr\u00e2ce \u00e0 la technologie innovante et au mat\u00e9riel de haute qualit\u00e9, vous avez la garantie d&rsquo;une exp\u00e9rience de tatouage pr\u00e9cise et s\u00fbre. Que vous travailliez avec des lignes \u00e9paisses, des ombres ou de la couleur, ces cartouches garantissent des r\u00e9sultats impeccables. Avec les cartouches de s\u00e9curit\u00e9 Cheyenne, vous pouvez surprendre vos clients \u00e0 chaque fois avec votre savoir-faire. Qu&rsquo;attendez-vous ? Am\u00e9liorez votre studio de tatouage d\u00e8s aujourd&rsquo;hui avec ces modules d&rsquo;aiguilles de qualit\u00e9 sup\u00e9rieure !<\/p>\n<p><strong>Les cartouches de s\u00e9curit\u00e9 Cheyenne sont-elles compatibles avec toutes les machines \u00e0 tatouer ?<\/strong><br \/>\n  Oui, les cartouches de s\u00e9curit\u00e9 Cheyenne sont con\u00e7ues pour \u00eatre compatibles avec toutes les machines \u00e0 tatouer courantes.<\/p>\n<p><strong>Les cartouches de s\u00e9curit\u00e9 Cheyenne sont-elles faciles \u00e0 utiliser ?<\/strong><br \/>\n  Oui, les cartouches de s\u00e9curit\u00e9 Cheyenne sont tr\u00e8s faciles \u00e0 utiliser. Ils sont faciles \u00e0 changer et \u00e0 fixer sur la machine \u00e0 tatouer.<\/p>\n<p><strong>Les cartouches de s\u00e9curit\u00e9 Cheyenne sont-elles hygi\u00e9niques et s\u00fbres ?<\/strong><br \/>\n  Oui, les cartouches de s\u00e9curit\u00e9 Cheyenne r\u00e9pondent aux normes les plus strictes (ISO 13485) et sont con\u00e7ues pour assurer la s\u00e9curit\u00e9 des tatoueurs et des clients. Ils sont hygi\u00e9niques et garantissent une exp\u00e9rience de tatouage s\u00fbre.<\/p>\n","protected":false},"excerpt":{"rendered":"<p>Vous \u00eates un tatoueur professionnel et vous cherchez les meilleurs modules d&rsquo;aiguilles pour votre travail ? Ne cherchez plus ! Avec les cartouches de s\u00e9curit\u00e9 Cheyenne, vous obtenez qualit\u00e9 et fiabilit\u00e9. Ces modules d&rsquo;aiguilles sont sp\u00e9cialement con\u00e7us pour les tatoueurs professionnels comme vous. Ils r\u00e9pondent aux normes les plus strictes (ISO 13485) et sont d&rsquo;une [&hellip;]<\/p>\n","protected":false},"featured_media":1819,"template":"","meta":{"_acf_changed":false},"product_brand":[],"product_cat":[160,196],"product_tag":[197,198],"class_list":{"0":"post-2084","1":"product","2":"type-product","3":"status-publish","4":"has-post-thumbnail","6":"product_cat-aiguilles-cartouche","7":"product_cat-cartouches-cheyenne","8":"product_tag-aiguilles-cartouche","9":"product_tag-cartouches-cheyenne","11":"first","12":"instock","13":"taxable","14":"shipping-taxable","15":"purchasable","16":"product-type-simple"},"ams_default_variation_id":0,"ams_product_points_reward":[],"ams_product_discount_percentage":0,"ams_price_to_display":34,"ams_acf":[],"acf":[],"_links":{"self":[{"href":"https:\/\/inkskin.nl\/fr\/wp-json\/wp\/v2\/product\/2084","targetHints":{"allow":["GET"]}}],"collection":[{"href":"https:\/\/inkskin.nl\/fr\/wp-json\/wp\/v2\/product"}],"about":[{"href":"https:\/\/inkskin.nl\/fr\/wp-json\/wp\/v2\/types\/product"}],"version-history":[{"count":0,"href":"https:\/\/inkskin.nl\/fr\/wp-json\/wp\/v2\/product\/2084\/revisions"}],"wp:featuredmedia":[{"embeddable":true,"href":"https:\/\/inkskin.nl\/fr\/wp-json\/wp\/v2\/media\/1819"}],"wp:attachment":[{"href":"https:\/\/inkskin.nl\/fr\/wp-json\/wp\/v2\/media?parent=2084"}],"wp:term":[{"taxonomy":"product_brand","embeddable":true,"href":"https:\/\/inkskin.nl\/fr\/wp-json\/wp\/v2\/product_brand?post=2084"},{"taxonomy":"product_cat","embeddable":true,"href":"https:\/\/inkskin.nl\/fr\/wp-json\/wp\/v2\/product_cat?post=2084"},{"taxonomy":"product_tag","embeddable":true,"href":"https:\/\/inkskin.nl\/fr\/wp-json\/wp\/v2\/product_tag?post=2084"}],"curies":[{"name":"wp","href":"https:\/\/api.w.org\/{rel}","templated":true}]}}