{"id":2082,"date":"2024-03-27T09:52:19","date_gmt":"2024-03-27T09:52:19","guid":{"rendered":"https:\/\/inkskin.nl\/products\/cheyenne-hawk-thunder-black\/"},"modified":"2024-03-27T09:52:19","modified_gmt":"2024-03-27T09:52:19","slug":"cheyenne-hawk-thunder-black","status":"publish","type":"product","link":"https:\/\/inkskin.nl\/fr\/products\/cheyenne-hawk-thunder-black\/","title":{"rendered":"Cheyenne Hawk Thunder Black"},"content":{"rendered":"<p>Vous \u00eates un tatoueur passionn\u00e9, toujours \u00e0 la recherche des meilleurs outils pour donner vie \u00e0 vos \u0153uvres ? D\u00e9couvrez la HAWK Thunder, une machine \u00e0 tatouer r\u00e9volutionnaire qui d\u00e9passera toutes vos attentes.<\/p>\n<p>  Gr\u00e2ce \u00e0 sa poign\u00e9e r\u00e9glable, vous pouvez adapter le HAWK Thunder \u00e0 vos pr\u00e9f\u00e9rences personnelles. Choisissez parmi deux tailles de poign\u00e9es diff\u00e9rentes pour vous assurer d&rsquo;avoir toujours la prise parfaite pour un confort et un contr\u00f4le optimaux.<\/p>\n<p>  Avec le HAWK Thunder, la s\u00e9curit\u00e9 passe avant tout. Gr\u00e2ce \u00e0 la membrane de s\u00e9curit\u00e9 brevet\u00e9e des cartouches Cheyenne, vous n&rsquo;avez pas \u00e0 vous soucier de l&rsquo;\u00e9coulement des liquides dans l&rsquo;appareil. Vous pouvez ainsi vous concentrer pleinement sur la cr\u00e9ation de beaux tatouages.<\/p>\n<p>  Le HAWK Thunder n&rsquo;est pas seulement s\u00fbr, il est aussi puissant et pr\u00e9cis. Avec une course de 4 mm et une profondeur d&rsquo;aiguille de 0 \u00e0 4,0 mm, vous pouvez sans effort donner vie aux motifs les plus d\u00e9taill\u00e9s. Le moteur \u00e0 courant continu assure un fonctionnement souple et stable, tandis que la fr\u00e9quence variable de 70 \u00e0 160 Hz garantit des performances optimales.<\/p>\n<p>  Avec sa taille compacte et sa conception l\u00e9g\u00e8re, le HAWK Thunder est facile \u00e0 manipuler et parfait pour les longues sessions. De plus, cette machine \u00e0 tatouer de haute qualit\u00e9 est fabriqu\u00e9e en Allemagne selon des normes m\u00e9dicales. Vous pouvez donc \u00eatre s\u00fbr d&rsquo;avoir entre les mains un produit fiable et durable.<\/p>\n<p>  En bref, avec le HAWK Thunder, vous obtenez une machine \u00e0 tatouer de premi\u00e8re classe qui r\u00e9pond \u00e0 tous vos besoins et exigences. Qu&rsquo;attendez-vous ? Am\u00e9liorez votre exp\u00e9rience de tatouage d\u00e8s aujourd&rsquo;hui avec le HAWK Thunder !<\/p>\n<p><strong>Quelles sont les dimensions de la machine \u00e0 tatouer HAWK Thunder ?<\/strong><br \/>\n  Les dimensions de la machine \u00e0 tatouer HAWK Thunder sont compactes et faciles \u00e0 manipuler, mais les dimensions exactes ne sont pas mentionn\u00e9es dans les informations.<\/p>\n<p><strong>O\u00f9 la machine \u00e0 tatouer HAWK Thunder est-elle fabriqu\u00e9e ?<\/strong><br \/>\n  La machine \u00e0 tatouer HAWK Thunder est fabriqu\u00e9e en Allemagne selon des normes m\u00e9dicales, ce qui signifie qu&rsquo;il s&rsquo;agit d&rsquo;un produit fiable et durable.<\/p>\n<p><strong>Quelle profondeur d&rsquo;aiguille peut-on r\u00e9gler sur la machine \u00e0 tatouer HAWK Thunder ?<\/strong><br \/>\n  La machine \u00e0 tatouer HAWK Thunder a une profondeur d&rsquo;aiguille r\u00e9glable de 0 \u00e0 4,0 mm, ce qui vous permet de cr\u00e9er des motifs d\u00e9taill\u00e9s sans effort.<\/p>\n","protected":false},"excerpt":{"rendered":"<p>Vous \u00eates un tatoueur passionn\u00e9, toujours \u00e0 la recherche des meilleurs outils pour donner vie \u00e0 vos \u0153uvres ? D\u00e9couvrez la HAWK Thunder, une machine \u00e0 tatouer r\u00e9volutionnaire qui d\u00e9passera toutes vos attentes. Gr\u00e2ce \u00e0 sa poign\u00e9e r\u00e9glable, vous pouvez adapter le HAWK Thunder \u00e0 vos pr\u00e9f\u00e9rences personnelles. Choisissez parmi deux tailles de poign\u00e9es diff\u00e9rentes [&hellip;]<\/p>\n","protected":false},"featured_media":1746,"template":"","meta":{"_acf_changed":false},"product_brand":[],"product_cat":[189],"product_tag":[190],"class_list":{"0":"post-2082","1":"product","2":"type-product","3":"status-publish","4":"has-post-thumbnail","6":"product_cat-machine-a-tatouer","7":"product_tag-machine-a-tatouer","9":"first","10":"outofstock","11":"taxable","12":"shipping-taxable","13":"purchasable","14":"product-type-simple"},"ams_default_variation_id":0,"ams_product_points_reward":[],"ams_product_discount_percentage":0,"ams_price_to_display":309,"ams_acf":[],"acf":[],"_links":{"self":[{"href":"https:\/\/inkskin.nl\/fr\/wp-json\/wp\/v2\/product\/2082","targetHints":{"allow":["GET"]}}],"collection":[{"href":"https:\/\/inkskin.nl\/fr\/wp-json\/wp\/v2\/product"}],"about":[{"href":"https:\/\/inkskin.nl\/fr\/wp-json\/wp\/v2\/types\/product"}],"version-history":[{"count":0,"href":"https:\/\/inkskin.nl\/fr\/wp-json\/wp\/v2\/product\/2082\/revisions"}],"wp:featuredmedia":[{"embeddable":true,"href":"https:\/\/inkskin.nl\/fr\/wp-json\/wp\/v2\/media\/1746"}],"wp:attachment":[{"href":"https:\/\/inkskin.nl\/fr\/wp-json\/wp\/v2\/media?parent=2082"}],"wp:term":[{"taxonomy":"product_brand","embeddable":true,"href":"https:\/\/inkskin.nl\/fr\/wp-json\/wp\/v2\/product_brand?post=2082"},{"taxonomy":"product_cat","embeddable":true,"href":"https:\/\/inkskin.nl\/fr\/wp-json\/wp\/v2\/product_cat?post=2082"},{"taxonomy":"product_tag","embeddable":true,"href":"https:\/\/inkskin.nl\/fr\/wp-json\/wp\/v2\/product_tag?post=2082"}],"curies":[{"name":"wp","href":"https:\/\/api.w.org\/{rel}","templated":true}]}}