{"id":2080,"date":"2024-03-27T09:52:18","date_gmt":"2024-03-27T09:52:18","guid":{"rendered":"https:\/\/inkskin.nl\/products\/cheyenne-sol-nova-unlimited-35-mm\/"},"modified":"2024-03-27T09:52:18","modified_gmt":"2024-03-27T09:52:18","slug":"cheyenne-sol-nova-unlimited-35-mm","status":"publish","type":"product","link":"https:\/\/inkskin.nl\/fr\/products\/cheyenne-sol-nova-unlimited-35-mm\/","title":{"rendered":"Cheyenne Sol Nova Unlimited 3,5 mm"},"content":{"rendered":"<p>D\u00e9couvrez la r\u00e9volutionnaire SOL Nova Unlimited, l&rsquo;ultime machine \u00e0 tatouer sans fil qui fait passer votre exp\u00e9rience du tatouage au niveau sup\u00e9rieur. Avec sa poign\u00e9e SOL Nova Grip de 33,0 mm, cette machine tient parfaitement dans la main et vous permet de r\u00e9aliser les plus belles cr\u00e9ations sans effort.  <\/p>\n<p>  Le SOL Nova Unlimited n&rsquo;est pas seulement compatible avec sa propre poign\u00e9e, mais peut \u00e9galement \u00eatre utilis\u00e9 avec des poign\u00e9es ergonomiques jetables de diff\u00e9rentes tailles. Avec deux piles incluses et un chargeur filaire, vous n&rsquo;aurez jamais \u00e0 vous soucier du manque d&rsquo;\u00e9nergie.  <\/p>\n<p>  La s\u00e9curit\u00e9 est primordiale chez Cheyenne, c&rsquo;est pourquoi nous recommandons l&rsquo;utilisation de nos cartouches Cheyenne brevet\u00e9es, qui contiennent une membrane de s\u00e9curit\u00e9 pour emp\u00eacher le reflux des liquides.  <\/p>\n<p>  Avec diff\u00e9rentes options de course et de profondeur d&rsquo;aiguille, aliment\u00e9es par un puissant moteur BLDC et une fr\u00e9quence r\u00e9glable, vous pouvez enti\u00e8rement personnaliser le SOL Nova Unlimited en fonction de vos pr\u00e9f\u00e9rences.  <\/p>\n<p>  Fabriqu\u00e9 en Allemagne selon des normes m\u00e9dicales, le SOL Nova Unlimited est un compagnon fiable pour tous les tatoueurs. Avec un \u00e9tui pour ranger le tout en toute s\u00e9curit\u00e9, vous \u00eates pr\u00eat \u00e0 laisser libre cours \u00e0 votre cr\u00e9ativit\u00e9.<\/p>\n<p><strong>Quelle est la taille de la poign\u00e9e SOL Nova Unlimited ?<\/strong><br \/>\n  La SOL Nova Unlimited a un grip confortable de 33,0 mm.<\/p>\n<p><strong>Le SOL Nova Unlimited peut-il \u00eatre utilis\u00e9 avec d&rsquo;autres poign\u00e9es ?<\/strong><br \/>\n  Oui, le SOL Nova Unlimited est compatible avec des poign\u00e9es ergonomiques jetables de diff\u00e9rentes tailles.<\/p>\n<p><strong>Les piles et le chargeur sont-ils fournis avec le SOL Nova Unlimited ?<\/strong><br \/>\n  Oui, le SOL Nova Unlimited est livr\u00e9 avec deux batteries et un chargeur avec c\u00e2ble.<\/p>\n","protected":false},"excerpt":{"rendered":"<p>D\u00e9couvrez la r\u00e9volutionnaire SOL Nova Unlimited, l&rsquo;ultime machine \u00e0 tatouer sans fil qui fait passer votre exp\u00e9rience du tatouage au niveau sup\u00e9rieur. Avec sa poign\u00e9e SOL Nova Grip de 33,0 mm, cette machine tient parfaitement dans la main et vous permet de r\u00e9aliser les plus belles cr\u00e9ations sans effort. Le SOL Nova Unlimited n&rsquo;est pas [&hellip;]<\/p>\n","protected":false},"featured_media":1744,"template":"","meta":{"_acf_changed":false},"product_brand":[],"product_cat":[189],"product_tag":[190],"class_list":{"0":"post-2080","1":"product","2":"type-product","3":"status-publish","4":"has-post-thumbnail","6":"product_cat-machine-a-tatouer","7":"product_tag-machine-a-tatouer","9":"first","10":"instock","11":"taxable","12":"shipping-taxable","13":"purchasable","14":"product-type-simple"},"ams_default_variation_id":0,"ams_product_points_reward":[],"ams_product_discount_percentage":0,"ams_price_to_display":850,"ams_acf":[],"acf":[],"_links":{"self":[{"href":"https:\/\/inkskin.nl\/fr\/wp-json\/wp\/v2\/product\/2080","targetHints":{"allow":["GET"]}}],"collection":[{"href":"https:\/\/inkskin.nl\/fr\/wp-json\/wp\/v2\/product"}],"about":[{"href":"https:\/\/inkskin.nl\/fr\/wp-json\/wp\/v2\/types\/product"}],"version-history":[{"count":0,"href":"https:\/\/inkskin.nl\/fr\/wp-json\/wp\/v2\/product\/2080\/revisions"}],"wp:featuredmedia":[{"embeddable":true,"href":"https:\/\/inkskin.nl\/fr\/wp-json\/wp\/v2\/media\/1744"}],"wp:attachment":[{"href":"https:\/\/inkskin.nl\/fr\/wp-json\/wp\/v2\/media?parent=2080"}],"wp:term":[{"taxonomy":"product_brand","embeddable":true,"href":"https:\/\/inkskin.nl\/fr\/wp-json\/wp\/v2\/product_brand?post=2080"},{"taxonomy":"product_cat","embeddable":true,"href":"https:\/\/inkskin.nl\/fr\/wp-json\/wp\/v2\/product_cat?post=2080"},{"taxonomy":"product_tag","embeddable":true,"href":"https:\/\/inkskin.nl\/fr\/wp-json\/wp\/v2\/product_tag?post=2080"}],"curies":[{"name":"wp","href":"https:\/\/api.w.org\/{rel}","templated":true}]}}