{"id":2079,"date":"2024-03-27T09:52:17","date_gmt":"2024-03-27T09:52:17","guid":{"rendered":"https:\/\/inkskin.nl\/products\/cheyenne-sol-nova-unlimited-4-0-mm\/"},"modified":"2024-03-27T09:52:17","modified_gmt":"2024-03-27T09:52:17","slug":"cheyenne-sol-nova-unlimited-4-0-mm","status":"publish","type":"product","link":"https:\/\/inkskin.nl\/fr\/products\/cheyenne-sol-nova-unlimited-4-0-mm\/","title":{"rendered":"Cheyenne Sol Nova Unlimited 4.0 mm"},"content":{"rendered":"<p>D\u00e9couvrez la combinaison parfaite de confort et de performance avec la machine \u00e0 tatouer Cheyenne SOL Nova Unlimited. Cette machine \u00e0 tatouer sans fil est \u00e9quip\u00e9e d&rsquo;une poign\u00e9e confortable SOL Nova Grip de 33,0 mm, qui vous permet de travailler sans effort et sans aucune restriction.  <\/p>\n<p>  Ce qui rend cette machine vraiment unique, c&rsquo;est sa polyvalence. Vous pouvez utiliser la SOL Nova Unlimited non seulement avec la poign\u00e9e fournie, mais aussi avec des poign\u00e9es jetables de diff\u00e9rentes tailles. Cela vous donne la libert\u00e9 de travailler comme vous l&rsquo;entendez.<\/p>\n<p>  Pour stimuler votre cr\u00e9ativit\u00e9, deux piles et un chargeur avec c\u00e2ble sont inclus. Vous n&rsquo;aurez donc jamais \u00e0 vous soucier d&rsquo;une batterie d\u00e9charg\u00e9e pendant que vous travaillez.<\/p>\n<p>  Gr\u00e2ce \u00e0 la membrane de s\u00e9curit\u00e9 brevet\u00e9e des cartouches Cheyenne, vous pouvez travailler en toute confiance, sachant qu&rsquo;il n&rsquo;y aura pas de reflux de liquides dans la machine.<\/p>\n<p>  Le SOL Nova Unlimited n&rsquo;est pas seulement une machine puissante, c&rsquo;est aussi un choix fiable. Fabriqu\u00e9 en Allemagne selon des normes m\u00e9dicales, vous pouvez \u00eatre s\u00fbr d&rsquo;avoir entre les mains la meilleure qualit\u00e9.<\/p>\n<p>  Incluant un \u00e9tui pour ranger le tout, cette machine \u00e0 tatouer est le compl\u00e9ment id\u00e9al de votre collection d&rsquo;outils. Qu&rsquo;attendez-vous ? Optez pour le Cheyenne SOL Nova Unlimited et donnez une nouvelle dimension \u00e0 vos tatouages !<\/p>\n<p><strong>Puis-je utiliser le Cheyenne SOL Nova Unlimited uniquement sans fil ?<\/strong><br \/>\n  Oui, la Cheyenne SOL Nova Unlimited est une machine \u00e0 tatouer sans fil, livr\u00e9e avec deux batteries et un chargeur filaire. Ainsi, vous n&rsquo;aurez jamais \u00e0 vous soucier d&rsquo;une batterie d\u00e9charg\u00e9e pendant votre travail.<\/p>\n<p><strong>Puis-je utiliser le Cheyenne SOL Nova Unlimited avec des poign\u00e9es jetables ?<\/strong><br \/>\n  Oui, en plus du SOL Nova Grip 33.0 mm inclus, vous pouvez utiliser le SOL Nova Unlimited avec des grips jetables de diff\u00e9rentes tailles. Cela vous donne la libert\u00e9 de travailler comme vous l&rsquo;entendez.<\/p>\n<p><strong>Le Cheyenne SOL Nova Unlimited est-il fabriqu\u00e9 selon des normes m\u00e9dicales ?<\/strong><br \/>\n  Oui, le Cheyenne SOL Nova Unlimited est fabriqu\u00e9 en Allemagne selon des normes m\u00e9dicales. Vous avez ainsi la certitude d&rsquo;avoir entre les mains la meilleure qualit\u00e9.<\/p>\n","protected":false},"excerpt":{"rendered":"<p>D\u00e9couvrez la combinaison parfaite de confort et de performance avec la machine \u00e0 tatouer Cheyenne SOL Nova Unlimited. Cette machine \u00e0 tatouer sans fil est \u00e9quip\u00e9e d&rsquo;une poign\u00e9e confortable SOL Nova Grip de 33,0 mm, qui vous permet de travailler sans effort et sans aucune restriction. Ce qui rend cette machine vraiment unique, c&rsquo;est sa [&hellip;]<\/p>\n","protected":false},"featured_media":1743,"template":"","meta":{"_acf_changed":false},"product_brand":[],"product_cat":[189],"product_tag":[190],"class_list":{"0":"post-2079","1":"product","2":"type-product","3":"status-publish","4":"has-post-thumbnail","6":"product_cat-machine-a-tatouer","7":"product_tag-machine-a-tatouer","9":"first","10":"outofstock","11":"taxable","12":"shipping-taxable","13":"purchasable","14":"product-type-simple"},"ams_default_variation_id":0,"ams_product_points_reward":[],"ams_product_discount_percentage":0,"ams_price_to_display":850,"ams_acf":[],"acf":[],"_links":{"self":[{"href":"https:\/\/inkskin.nl\/fr\/wp-json\/wp\/v2\/product\/2079","targetHints":{"allow":["GET"]}}],"collection":[{"href":"https:\/\/inkskin.nl\/fr\/wp-json\/wp\/v2\/product"}],"about":[{"href":"https:\/\/inkskin.nl\/fr\/wp-json\/wp\/v2\/types\/product"}],"version-history":[{"count":0,"href":"https:\/\/inkskin.nl\/fr\/wp-json\/wp\/v2\/product\/2079\/revisions"}],"wp:featuredmedia":[{"embeddable":true,"href":"https:\/\/inkskin.nl\/fr\/wp-json\/wp\/v2\/media\/1743"}],"wp:attachment":[{"href":"https:\/\/inkskin.nl\/fr\/wp-json\/wp\/v2\/media?parent=2079"}],"wp:term":[{"taxonomy":"product_brand","embeddable":true,"href":"https:\/\/inkskin.nl\/fr\/wp-json\/wp\/v2\/product_brand?post=2079"},{"taxonomy":"product_cat","embeddable":true,"href":"https:\/\/inkskin.nl\/fr\/wp-json\/wp\/v2\/product_cat?post=2079"},{"taxonomy":"product_tag","embeddable":true,"href":"https:\/\/inkskin.nl\/fr\/wp-json\/wp\/v2\/product_tag?post=2079"}],"curies":[{"name":"wp","href":"https:\/\/api.w.org\/{rel}","templated":true}]}}