{"id":2078,"date":"2024-03-27T09:52:21","date_gmt":"2024-03-27T09:52:21","guid":{"rendered":"https:\/\/inkskin.nl\/products\/stylo-cheyenne-hawk-noir\/"},"modified":"2024-03-27T09:52:21","modified_gmt":"2024-03-27T09:52:21","slug":"stylo-cheyenne-hawk-noir","status":"publish","type":"product","link":"https:\/\/inkskin.nl\/fr\/products\/stylo-cheyenne-hawk-noir\/","title":{"rendered":"Stylo Cheyenne Hawk Noir"},"content":{"rendered":"<p>Le stylo Cheyenne HAWK est le stylo de tatouage ultime pour les tatoueurs professionnels comme vous. Avec son grip confortable de 25,4 mm, ce stylo tient parfaitement dans la main et vous permet de r\u00e9aliser les plus belles cr\u00e9ations sans effort. Et le meilleur de tous ? Le stylo HAWK est enti\u00e8rement personnalisable gr\u00e2ce \u00e0 la prise HAWK Pen Grip S : effil\u00e9e, qui vous permet de trouver la prise parfaite pour vous.<\/p>\n<p>  Mais ce n&rsquo;est pas tout ! Ce superbe stylo \u00e0 tatouage peut \u00e9galement \u00eatre utilis\u00e9 avec des poign\u00e9es jetables de trois tailles diff\u00e9rentes, afin que vous ayez toujours le bon choix. Et pour que vous puissiez travailler en toute s\u00e9curit\u00e9, nous vous recommandons d&rsquo;utiliser des cartouches Cheyenne dot\u00e9es d&rsquo;une membrane de s\u00e9curit\u00e9 brevet\u00e9e qui emp\u00eache le reflux des liquides.<\/p>\n<p>  Avec une course de 3,5 mm et une profondeur d&rsquo;aiguille de 0 \u00e0 4,0 mm, le stylo HAWK est parfaitement adapt\u00e9 \u00e0 vos besoins. Le moteur \u00e0 courant continu garantit un fonctionnement souple et stable, tandis que la fr\u00e9quence de 70 \u00e0 160 Hz vous permet d&rsquo;obtenir toujours les r\u00e9sultats souhait\u00e9s.<\/p>\n<p> Et le meilleur de tous ? Ce fantastique stylo de tatouage est fabriqu\u00e9 en Allemagne conform\u00e9ment \u00e0 la norme m\u00e9dicale ISO 13485. Avec le stylo Cheyenne HAWK, vous avez l&rsquo;assurance d&rsquo;une qualit\u00e9 et d&rsquo;une fiabilit\u00e9 optimales.<\/p>\n<p>  Pr\u00eat \u00e0 passer \u00e0 la vitesse sup\u00e9rieure en mati\u00e8re de tatouage ? Commandez le stylo Cheyenne HAWK aujourd&rsquo;hui et d\u00e9couvrez par vous-m\u00eame pourquoi ce stylo est le pr\u00e9f\u00e9r\u00e9 des tatoueurs professionnels du monde entier.<\/p>\n<p><strong>Quelles sont les sp\u00e9cifications du stylo Cheyenne HAWK ?<\/strong><br \/>\n  Le stylo Cheyenne HAWK Pen a un grip confortable de 25,4 mm et peut \u00eatre ajust\u00e9 avec le HAWK Pen Grip S. Il a une course de 3,5 mm et une profondeur d&rsquo;aiguille de 0 \u00e0 4,0 mm. Le moteur \u00e0 courant continu assure un fonctionnement en douceur et sa fr\u00e9quence est comprise entre 70 et 160 Hz. Il est conforme \u00e0 la norme m\u00e9dicale ISO 13485 et est fabriqu\u00e9 en Allemagne.<\/p>\n<p><strong>Le stylo Cheyenne HAWK peut-il \u00eatre utilis\u00e9 avec des poign\u00e9es jetables ?<\/strong><br \/>\n  Oui, le stylo Cheyenne HAWK peut \u00eatre utilis\u00e9 avec des poign\u00e9es jetables de trois tailles diff\u00e9rentes. Cela permet aux tatoueurs d&rsquo;avoir toujours le bon choix.<\/p>\n<p><strong>Quelles sont les cartouches recommand\u00e9es pour le stylo Cheyenne HAWK ?<\/strong><br \/>\n  Il est recommand\u00e9 d&rsquo;utiliser les cartouches Cheyenne avec la membrane de s\u00e9curit\u00e9 brevet\u00e9e pour \u00e9viter le reflux des fluides. Ces cartouches garantissent un environnement de travail s\u00fbr pendant le tatouage.<\/p>\n","protected":false},"excerpt":{"rendered":"<p>Le stylo Cheyenne HAWK est le stylo de tatouage ultime pour les tatoueurs professionnels comme vous. Avec son grip confortable de 25,4 mm, ce stylo tient parfaitement dans la main et vous permet de r\u00e9aliser les plus belles cr\u00e9ations sans effort. Et le meilleur de tous ? Le stylo HAWK est enti\u00e8rement personnalisable gr\u00e2ce \u00e0 [&hellip;]<\/p>\n","protected":false},"featured_media":1748,"template":"","meta":{"_acf_changed":false},"product_brand":[],"product_cat":[189],"product_tag":[190],"class_list":{"0":"post-2078","1":"product","2":"type-product","3":"status-publish","4":"has-post-thumbnail","6":"product_cat-machine-a-tatouer","7":"product_tag-machine-a-tatouer","9":"first","10":"instock","11":"taxable","12":"shipping-taxable","13":"purchasable","14":"product-type-simple"},"ams_default_variation_id":0,"ams_product_points_reward":[],"ams_product_discount_percentage":0,"ams_price_to_display":569,"ams_acf":[],"acf":[],"_links":{"self":[{"href":"https:\/\/inkskin.nl\/fr\/wp-json\/wp\/v2\/product\/2078","targetHints":{"allow":["GET"]}}],"collection":[{"href":"https:\/\/inkskin.nl\/fr\/wp-json\/wp\/v2\/product"}],"about":[{"href":"https:\/\/inkskin.nl\/fr\/wp-json\/wp\/v2\/types\/product"}],"version-history":[{"count":0,"href":"https:\/\/inkskin.nl\/fr\/wp-json\/wp\/v2\/product\/2078\/revisions"}],"wp:featuredmedia":[{"embeddable":true,"href":"https:\/\/inkskin.nl\/fr\/wp-json\/wp\/v2\/media\/1748"}],"wp:attachment":[{"href":"https:\/\/inkskin.nl\/fr\/wp-json\/wp\/v2\/media?parent=2078"}],"wp:term":[{"taxonomy":"product_brand","embeddable":true,"href":"https:\/\/inkskin.nl\/fr\/wp-json\/wp\/v2\/product_brand?post=2078"},{"taxonomy":"product_cat","embeddable":true,"href":"https:\/\/inkskin.nl\/fr\/wp-json\/wp\/v2\/product_cat?post=2078"},{"taxonomy":"product_tag","embeddable":true,"href":"https:\/\/inkskin.nl\/fr\/wp-json\/wp\/v2\/product_tag?post=2078"}],"curies":[{"name":"wp","href":"https:\/\/api.w.org\/{rel}","templated":true}]}}