{"id":2076,"date":"2024-03-27T09:52:20","date_gmt":"2024-03-27T09:52:20","guid":{"rendered":"https:\/\/inkskin.nl\/products\/cheyenne-hawk-spirit-black\/"},"modified":"2024-03-27T09:52:20","modified_gmt":"2024-03-27T09:52:20","slug":"cheyenne-hawk-spirit-black","status":"publish","type":"product","link":"https:\/\/inkskin.nl\/fr\/products\/cheyenne-hawk-spirit-black\/","title":{"rendered":"Cheyenne Hawk Spirit Black"},"content":{"rendered":"<p>Vous \u00eates \u00e0 la recherche d&rsquo;une machine \u00e0 tatouer de qualit\u00e9 sup\u00e9rieure ? Alors le Cheyenne HAWK Spirit est le choix id\u00e9al pour vous ! Cette machine \u00e0 tatouer professionnelle est con\u00e7ue avec les derni\u00e8res technologies pour vous donner les meilleurs r\u00e9sultats.<\/p>\n<p>  Le HAWK Spirit est livr\u00e9 sans poign\u00e9e, mais peut \u00eatre adapt\u00e9 avec les poign\u00e9es HAWK en deux tailles diff\u00e9rentes ou les poign\u00e9es SOL en diff\u00e9rentes tailles. Vous pouvez ainsi personnaliser enti\u00e8rement la machine en fonction de vos pr\u00e9f\u00e9rences et de votre confort.<\/p>\n<p>  Pour garantir la s\u00e9curit\u00e9, nous recommandons d&rsquo;utiliser les cartouches Cheyenne dot\u00e9es de la membrane de s\u00e9curit\u00e9 brevet\u00e9e. Cela permet d&rsquo;\u00e9viter le reflux de liquides dans la machine \u00e0 tatouer.<\/p>\n<p>  Avec une course de 2,5 mm et une profondeur d&rsquo;aiguille de 0 \u00e0 4,0 mm, vous pouvez travailler avec pr\u00e9cision et exactitude avec le HAWK Spirit. Le moteur \u00e0 courant continu assure un fonctionnement stable et r\u00e9gulier, tandis que la fr\u00e9quence de 70 \u00e0 160 Hz garantit des performances optimales.<\/p>\n<p>  Le HAWK Spirit est fabriqu\u00e9 en Allemagne conform\u00e9ment \u00e0 la norme m\u00e9dicale ISO 13485. Avec sa taille compacte et son poids de seulement 90 g (sans poign\u00e9e), cette machine \u00e0 tatouer est confortable et facile \u00e0 utiliser.<\/p>\n<p>  Commandez d\u00e8s maintenant le Cheyenne HAWK Spirit et d\u00e9couvrez la combinaison parfaite de qualit\u00e9, de pr\u00e9cision et de confort dans votre travail de tatouage.<\/p>\n<p><strong>De quels accessoires ai-je besoin pour adapter la machine \u00e0 tatouer HAWK Spirit \u00e0 mes pr\u00e9f\u00e9rences et \u00e0 mon confort ?<\/strong><br \/>\n  Vous pouvez personnaliser la machine \u00e0 tatouer HAWK Spirit avec les poign\u00e9es HAWK en deux tailles diff\u00e9rentes ou les poign\u00e9es SOL en diff\u00e9rentes tailles.<\/p>\n<p><strong>Quelle mesure de s\u00e9curit\u00e9 est recommand\u00e9e lors de l&rsquo;utilisation de la machine \u00e0 tatouer HAWK Spirit ?<\/strong><br \/>\n  Pour garantir la s\u00e9curit\u00e9, il est recommand\u00e9 d&rsquo;utiliser les cartouches Cheyenne dot\u00e9es de la membrane de s\u00e9curit\u00e9 brevet\u00e9e. Cela permet d&rsquo;\u00e9viter le reflux de liquides dans la machine \u00e0 tatouer.<\/p>\n<p><strong>Quelles sont les caract\u00e9ristiques de la machine \u00e0 tatouer HAWK Spirit ?<\/strong><br \/>\n  Le HAWK Spirit a une course de 2,5 mm et une profondeur d&rsquo;aiguille de 0 \u00e0 4,0 mm. Le moteur \u00e0 courant continu assure un fonctionnement stable et r\u00e9gulier, tandis que la fr\u00e9quence de 70 \u00e0 160 Hz garantit des performances optimales. Le HAWK Spirit est fabriqu\u00e9 en Allemagne conform\u00e9ment \u00e0 la norme m\u00e9dicale ISO 13485. Il est compact et ne p\u00e8se que 90 g (sans poign\u00e9e).<\/p>\n","protected":false},"excerpt":{"rendered":"<p>Vous \u00eates \u00e0 la recherche d&rsquo;une machine \u00e0 tatouer de qualit\u00e9 sup\u00e9rieure ? Alors le Cheyenne HAWK Spirit est le choix id\u00e9al pour vous ! Cette machine \u00e0 tatouer professionnelle est con\u00e7ue avec les derni\u00e8res technologies pour vous donner les meilleurs r\u00e9sultats. Le HAWK Spirit est livr\u00e9 sans poign\u00e9e, mais peut \u00eatre adapt\u00e9 avec les [&hellip;]<\/p>\n","protected":false},"featured_media":1747,"template":"","meta":{"_acf_changed":false},"product_brand":[],"product_cat":[189],"product_tag":[190],"class_list":{"0":"post-2076","1":"product","2":"type-product","3":"status-publish","4":"has-post-thumbnail","6":"product_cat-machine-a-tatouer","7":"product_tag-machine-a-tatouer","9":"first","10":"instock","11":"taxable","12":"shipping-taxable","13":"purchasable","14":"product-type-simple"},"ams_default_variation_id":0,"ams_product_points_reward":[],"ams_product_discount_percentage":0,"ams_price_to_display":309,"ams_acf":[],"acf":[],"_links":{"self":[{"href":"https:\/\/inkskin.nl\/fr\/wp-json\/wp\/v2\/product\/2076","targetHints":{"allow":["GET"]}}],"collection":[{"href":"https:\/\/inkskin.nl\/fr\/wp-json\/wp\/v2\/product"}],"about":[{"href":"https:\/\/inkskin.nl\/fr\/wp-json\/wp\/v2\/types\/product"}],"version-history":[{"count":0,"href":"https:\/\/inkskin.nl\/fr\/wp-json\/wp\/v2\/product\/2076\/revisions"}],"wp:featuredmedia":[{"embeddable":true,"href":"https:\/\/inkskin.nl\/fr\/wp-json\/wp\/v2\/media\/1747"}],"wp:attachment":[{"href":"https:\/\/inkskin.nl\/fr\/wp-json\/wp\/v2\/media?parent=2076"}],"wp:term":[{"taxonomy":"product_brand","embeddable":true,"href":"https:\/\/inkskin.nl\/fr\/wp-json\/wp\/v2\/product_brand?post=2076"},{"taxonomy":"product_cat","embeddable":true,"href":"https:\/\/inkskin.nl\/fr\/wp-json\/wp\/v2\/product_cat?post=2076"},{"taxonomy":"product_tag","embeddable":true,"href":"https:\/\/inkskin.nl\/fr\/wp-json\/wp\/v2\/product_tag?post=2076"}],"curies":[{"name":"wp","href":"https:\/\/api.w.org\/{rel}","templated":true}]}}