{"id":2073,"date":"2024-03-27T09:52:14","date_gmt":"2024-03-27T09:52:14","guid":{"rendered":"https:\/\/inkskin.nl\/products\/encre-dynamique-union-black-240ml\/"},"modified":"2025-04-11T20:02:32","modified_gmt":"2025-04-11T20:02:32","slug":"encre-dynamique-union-black-240ml","status":"publish","type":"product","link":"https:\/\/inkskin.nl\/fr\/products\/encre-dynamique-union-black-240ml\/","title":{"rendered":"Encre dynamique &#8211; Union Black 240ml"},"content":{"rendered":"<p>Dynamic colour et Viking-ink sont deux marques d&rsquo;encres de tatouage appr\u00e9ci\u00e9es par les artistes du monde entier. Les formules et les pigments utilis\u00e9s pour cette ligne d\u00e9passent les normes europ\u00e9ennes les plus strictes et offrent une qualit\u00e9 sup\u00e9rieure. Cette encre est conforme aux directives de REACH et de l&rsquo;UE.<\/p>\n","protected":false},"excerpt":{"rendered":"<p>Dynamic colour et Viking-ink sont deux marques d&rsquo;encres de tatouage appr\u00e9ci\u00e9es par les artistes du monde entier. Les formules et les pigments utilis\u00e9s pour cette ligne d\u00e9passent les normes europ\u00e9ennes les plus strictes et offrent une qualit\u00e9 sup\u00e9rieure. Cette encre est conforme aux directives de REACH et de l&rsquo;UE.<\/p>\n","protected":false},"featured_media":1739,"template":"","meta":{"_acf_changed":false},"product_brand":[],"product_cat":[181,182],"product_tag":[183,185,191],"class_list":{"0":"post-2073","1":"product","2":"type-product","3":"status-publish","4":"has-post-thumbnail","6":"product_cat-encre-de-tatouage","7":"product_cat-encre-dynamique-viking","8":"product_tag-encre-de-tatouage","9":"product_tag-encre-dynamique-viking","10":"product_tag-noir","12":"first","13":"instock","14":"taxable","15":"shipping-taxable","16":"purchasable","17":"product-type-simple"},"ams_default_variation_id":0,"ams_product_points_reward":[],"ams_product_discount_percentage":0,"ams_price_to_display":35,"ams_acf":[],"acf":[],"_links":{"self":[{"href":"https:\/\/inkskin.nl\/fr\/wp-json\/wp\/v2\/product\/2073","targetHints":{"allow":["GET"]}}],"collection":[{"href":"https:\/\/inkskin.nl\/fr\/wp-json\/wp\/v2\/product"}],"about":[{"href":"https:\/\/inkskin.nl\/fr\/wp-json\/wp\/v2\/types\/product"}],"version-history":[{"count":0,"href":"https:\/\/inkskin.nl\/fr\/wp-json\/wp\/v2\/product\/2073\/revisions"}],"wp:featuredmedia":[{"embeddable":true,"href":"https:\/\/inkskin.nl\/fr\/wp-json\/wp\/v2\/media\/1739"}],"wp:attachment":[{"href":"https:\/\/inkskin.nl\/fr\/wp-json\/wp\/v2\/media?parent=2073"}],"wp:term":[{"taxonomy":"product_brand","embeddable":true,"href":"https:\/\/inkskin.nl\/fr\/wp-json\/wp\/v2\/product_brand?post=2073"},{"taxonomy":"product_cat","embeddable":true,"href":"https:\/\/inkskin.nl\/fr\/wp-json\/wp\/v2\/product_cat?post=2073"},{"taxonomy":"product_tag","embeddable":true,"href":"https:\/\/inkskin.nl\/fr\/wp-json\/wp\/v2\/product_tag?post=2073"}],"curies":[{"name":"wp","href":"https:\/\/api.w.org\/{rel}","templated":true}]}}