{"id":2065,"date":"2024-03-27T09:52:06","date_gmt":"2024-03-27T09:52:06","guid":{"rendered":"https:\/\/inkskin.nl\/products\/encre-dynamic-viking-marron-30ml\/"},"modified":"2024-03-27T09:52:06","modified_gmt":"2024-03-27T09:52:06","slug":"encre-dynamic-viking-marron-30ml","status":"publish","type":"product","link":"https:\/\/inkskin.nl\/fr\/products\/encre-dynamic-viking-marron-30ml\/","title":{"rendered":"Encre Dynamic Viking &#8211; Marron 30ml"},"content":{"rendered":"<p>D\u00e9couvrez maintenant Dynamic Color et Viking-ink, les encres pr\u00e9f\u00e9r\u00e9es des tatoueurs du monde entier ! Ces marques offrent une qualit\u00e9 in\u00e9gal\u00e9e gr\u00e2ce \u00e0 leurs formules et pigments uniques. Avec ces encres, vous avez la garantie de couleurs vibrantes et dynamiques qui restent belles pendant longtemps.<\/p>\n<p>  Dynamic Color et Viking-ink r\u00e9pondent aux normes europ\u00e9ennes les plus strictes et sont approuv\u00e9s conform\u00e9ment aux directives REACH et UE. Cela signifie que vous pouvez tatouer en toute s\u00e9r\u00e9nit\u00e9, en sachant que vous travaillez avec des produits s\u00fbrs et fiables.<\/p>\n<p>  Que vous soyez un tatoueur exp\u00e9riment\u00e9 ou d\u00e9butant, avec Dynamic Color et Viking-ink vous obtenez la meilleure encre. Lib\u00e9rez votre cr\u00e9ativit\u00e9 et cr\u00e9ez de magnifiques \u0153uvres d&rsquo;art qui \u00e9tonneront vos clients. Choisissez la qualit\u00e9, choisissez Dynamic Color et Viking-ink !<\/p>\n<p><strong>L&rsquo;utilisation de Dynamic Color et de Viking-ink est-elle sans danger ?<\/strong><br \/>\n  Oui, Dynamic Color et Viking-ink r\u00e9pondent aux normes europ\u00e9ennes les plus strictes et sont approuv\u00e9s conform\u00e9ment aux directives REACH et UE. Cela signifie qu&rsquo;ils sont s\u00fbrs et fiables pour le tatouage.<\/p>\n<p><strong>Dynamic Colour et Viking-ink conviennent-ils aux tatoueurs exp\u00e9riment\u00e9s comme aux d\u00e9butants ?<\/strong><br \/>\n  Oui, les tatoueurs exp\u00e9riment\u00e9s comme les novices peuvent tirer profit de l&rsquo;utilisation de Dynamic Color et de Viking Ink. Ces encres offrent une qualit\u00e9 in\u00e9gal\u00e9e et permettent de cr\u00e9er de magnifiques \u0153uvres d&rsquo;art, quel que soit votre niveau d&rsquo;exp\u00e9rience.<\/p>\n<p><strong>Les couleurs de Dynamic Color et de Viking-ink durent-elles longtemps ?<\/strong><br \/>\n  Oui, avec Dynamic Color et Viking-ink, vous avez la garantie de couleurs vibrantes et dynamiques qui durent. Ces marques utilisent des formules et des pigments uniques qui offrent une intensit\u00e9 de couleur durable, de sorte que vos clients seront stup\u00e9faits par les r\u00e9sultats.<\/p>\n","protected":false},"excerpt":{"rendered":"<p>D\u00e9couvrez maintenant Dynamic Color et Viking-ink, les encres pr\u00e9f\u00e9r\u00e9es des tatoueurs du monde entier ! Ces marques offrent une qualit\u00e9 in\u00e9gal\u00e9e gr\u00e2ce \u00e0 leurs formules et pigments uniques. Avec ces encres, vous avez la garantie de couleurs vibrantes et dynamiques qui restent belles pendant longtemps. Dynamic Color et Viking-ink r\u00e9pondent aux normes europ\u00e9ennes les plus [&hellip;]<\/p>\n","protected":false},"featured_media":1731,"template":"","meta":{"_acf_changed":false},"product_brand":[],"product_cat":[181],"product_tag":[184,183,185],"class_list":{"0":"post-2065","1":"product","2":"type-product","3":"status-publish","4":"has-post-thumbnail","6":"product_cat-encre-de-tatouage","7":"product_tag-couleur","8":"product_tag-encre-de-tatouage","9":"product_tag-encre-dynamique-viking","11":"first","12":"outofstock","13":"taxable","14":"shipping-taxable","15":"purchasable","16":"product-type-simple"},"ams_default_variation_id":0,"ams_product_points_reward":[],"ams_product_discount_percentage":0,"ams_price_to_display":10,"ams_acf":[],"acf":[],"_links":{"self":[{"href":"https:\/\/inkskin.nl\/fr\/wp-json\/wp\/v2\/product\/2065","targetHints":{"allow":["GET"]}}],"collection":[{"href":"https:\/\/inkskin.nl\/fr\/wp-json\/wp\/v2\/product"}],"about":[{"href":"https:\/\/inkskin.nl\/fr\/wp-json\/wp\/v2\/types\/product"}],"version-history":[{"count":0,"href":"https:\/\/inkskin.nl\/fr\/wp-json\/wp\/v2\/product\/2065\/revisions"}],"wp:featuredmedia":[{"embeddable":true,"href":"https:\/\/inkskin.nl\/fr\/wp-json\/wp\/v2\/media\/1731"}],"wp:attachment":[{"href":"https:\/\/inkskin.nl\/fr\/wp-json\/wp\/v2\/media?parent=2065"}],"wp:term":[{"taxonomy":"product_brand","embeddable":true,"href":"https:\/\/inkskin.nl\/fr\/wp-json\/wp\/v2\/product_brand?post=2065"},{"taxonomy":"product_cat","embeddable":true,"href":"https:\/\/inkskin.nl\/fr\/wp-json\/wp\/v2\/product_cat?post=2065"},{"taxonomy":"product_tag","embeddable":true,"href":"https:\/\/inkskin.nl\/fr\/wp-json\/wp\/v2\/product_tag?post=2065"}],"curies":[{"name":"wp","href":"https:\/\/api.w.org\/{rel}","templated":true}]}}