{"id":2064,"date":"2024-03-27T09:52:11","date_gmt":"2024-03-27T09:52:11","guid":{"rendered":"https:\/\/inkskin.nl\/products\/encre-dynamic-viking-baby-blue-30ml\/"},"modified":"2024-03-27T09:52:11","modified_gmt":"2024-03-27T09:52:11","slug":"encre-dynamic-viking-baby-blue-30ml","status":"publish","type":"product","link":"https:\/\/inkskin.nl\/fr\/products\/encre-dynamic-viking-baby-blue-30ml\/","title":{"rendered":"Encre Dynamic Viking &#8211; Baby Blue 30ml"},"content":{"rendered":"<p>D\u00e9couvrez Dynamic Color et Viking-ink, les deux marques d&rsquo;encres de tatouage pr\u00e9f\u00e9r\u00e9es des artistes du monde entier. Ces encres sont r\u00e9put\u00e9es pour leur qualit\u00e9 et leur fiabilit\u00e9 in\u00e9gal\u00e9es.<\/p>\n<p>  Les formules et les pigments utilis\u00e9s dans ces encres sont de la plus haute qualit\u00e9 et d\u00e9passent m\u00eame les normes europ\u00e9ennes les plus strictes. Avec Dynamic Color et Viking-ink, vous avez la garantie de couleurs \u00e9clatantes et durables qui donnent vie \u00e0 votre tatouage.<\/p>\n<p>  Ce qui rend ces encres encore plus attrayantes, c&rsquo;est qu&rsquo;elles sont conformes aux directives REACH et de l&rsquo;UE. Cela signifie qu&rsquo;ils peuvent \u00eatre utilis\u00e9s en toute s\u00e9curit\u00e9 sur la peau et qu&rsquo;ils ne contiennent pas de substances nocives.<\/p>\n<p>  Si vous recherchez des encres de tatouage capables de r\u00e9sister \u00e0 l&rsquo;\u00e9preuve du temps et d&rsquo;amener votre \u0153uvre d&rsquo;art \u00e0 un niveau sup\u00e9rieur, Dynamic Color et Viking-ink sont le choix id\u00e9al pour vous. Optez pour la meilleure qualit\u00e9 et faites confiance aux marques utilis\u00e9es par les professionnels du monde entier.<\/p>\n<p><strong>Dynamic Color et Viking-ink peuvent-ils \u00eatre utilis\u00e9s sans danger sur la peau ?<\/strong><br \/>\n  Oui, les deux marques sont conformes aux directives de REACH et de l&rsquo;UE, ce qui signifie qu&rsquo;elles peuvent \u00eatre utilis\u00e9es en toute s\u00e9curit\u00e9 sur la peau et qu&rsquo;elles ne contiennent pas de substances nocives.<\/p>\n<p><strong>Combien de temps les couleurs de Dynamic Color et de Viking-ink restent-elles \u00e9clatantes ?<\/strong><br \/>\n  Les formules et les pigments utilis\u00e9s dans ces encres sont de la plus haute qualit\u00e9 et garantissent des couleurs durables sur la peau. Ils sont con\u00e7us pour r\u00e9sister \u00e0 l&rsquo;\u00e9preuve du temps et donner vie aux tatouages.<\/p>\n<p><strong>Dynamic Color et Viking-ink sont-ils reconnus et utilis\u00e9s par les professionnels du monde entier ?<\/strong><br \/>\n  Oui, Dynamic Color et Viking-ink sont les marques pr\u00e9f\u00e9r\u00e9es des tatoueurs du monde entier. Ils jouissent d&rsquo;une bonne r\u00e9putation pour leur qualit\u00e9 et leur fiabilit\u00e9 in\u00e9gal\u00e9es, et sont largement utilis\u00e9s par les professionnels de l&rsquo;industrie du tatouage.<\/p>\n","protected":false},"excerpt":{"rendered":"<p>D\u00e9couvrez Dynamic Color et Viking-ink, les deux marques d&rsquo;encres de tatouage pr\u00e9f\u00e9r\u00e9es des artistes du monde entier. Ces encres sont r\u00e9put\u00e9es pour leur qualit\u00e9 et leur fiabilit\u00e9 in\u00e9gal\u00e9es. Les formules et les pigments utilis\u00e9s dans ces encres sont de la plus haute qualit\u00e9 et d\u00e9passent m\u00eame les normes europ\u00e9ennes les plus strictes. Avec Dynamic Color [&hellip;]<\/p>\n","protected":false},"featured_media":1736,"template":"","meta":{"_acf_changed":false},"product_brand":[],"product_cat":[181],"product_tag":[184,183,185],"class_list":{"0":"post-2064","1":"product","2":"type-product","3":"status-publish","4":"has-post-thumbnail","6":"product_cat-encre-de-tatouage","7":"product_tag-couleur","8":"product_tag-encre-de-tatouage","9":"product_tag-encre-dynamique-viking","11":"first","12":"outofstock","13":"taxable","14":"shipping-taxable","15":"purchasable","16":"product-type-simple"},"ams_default_variation_id":0,"ams_product_points_reward":[],"ams_product_discount_percentage":0,"ams_price_to_display":10,"ams_acf":[],"acf":[],"_links":{"self":[{"href":"https:\/\/inkskin.nl\/fr\/wp-json\/wp\/v2\/product\/2064","targetHints":{"allow":["GET"]}}],"collection":[{"href":"https:\/\/inkskin.nl\/fr\/wp-json\/wp\/v2\/product"}],"about":[{"href":"https:\/\/inkskin.nl\/fr\/wp-json\/wp\/v2\/types\/product"}],"version-history":[{"count":0,"href":"https:\/\/inkskin.nl\/fr\/wp-json\/wp\/v2\/product\/2064\/revisions"}],"wp:featuredmedia":[{"embeddable":true,"href":"https:\/\/inkskin.nl\/fr\/wp-json\/wp\/v2\/media\/1736"}],"wp:attachment":[{"href":"https:\/\/inkskin.nl\/fr\/wp-json\/wp\/v2\/media?parent=2064"}],"wp:term":[{"taxonomy":"product_brand","embeddable":true,"href":"https:\/\/inkskin.nl\/fr\/wp-json\/wp\/v2\/product_brand?post=2064"},{"taxonomy":"product_cat","embeddable":true,"href":"https:\/\/inkskin.nl\/fr\/wp-json\/wp\/v2\/product_cat?post=2064"},{"taxonomy":"product_tag","embeddable":true,"href":"https:\/\/inkskin.nl\/fr\/wp-json\/wp\/v2\/product_tag?post=2064"}],"curies":[{"name":"wp","href":"https:\/\/api.w.org\/{rel}","templated":true}]}}