{"id":2062,"date":"2024-03-27T09:52:00","date_gmt":"2024-03-27T09:52:00","guid":{"rendered":"https:\/\/inkskin.nl\/products\/encre-dynamic-viking-bleu-fonce-30ml\/"},"modified":"2024-03-27T09:52:00","modified_gmt":"2024-03-27T09:52:00","slug":"encre-dynamic-viking-bleu-fonce-30ml","status":"publish","type":"product","link":"https:\/\/inkskin.nl\/fr\/products\/encre-dynamic-viking-bleu-fonce-30ml\/","title":{"rendered":"Encre Dynamic Viking &#8211; Bleu fonc\u00e9 30ml"},"content":{"rendered":"<p>Dynamic colour et Viking-ink, deux marques d&rsquo;encres de tatouage qui ont conquis le c\u0153ur des artistes du monde entier. Avec leurs formules et pigments uniques, ils vont au-del\u00e0 des normes europ\u00e9ennes les plus strictes et offrent une qualit\u00e9 in\u00e9gal\u00e9e. Ces encres sont fabriqu\u00e9es avec passion et savoir-faire, ce qui permet d&rsquo;obtenir des couleurs \u00e9clatantes qui prennent vie sur la peau.<\/p>\n<p>  Que vous soyez un d\u00e9butant qui s&rsquo;initie au tatouage ou un artiste exp\u00e9riment\u00e9 \u00e0 la recherche des meilleures encres disponibles, Dynamic colour et Viking-ink sont le choix id\u00e9al. Ils sont conformes aux directives REACH et UE, ce qui signifie que vous pouvez tatouer en toute tranquillit\u00e9 d&rsquo;esprit, en sachant que vous respectez les normes les plus strictes.<\/p>\n<p>  Qu&rsquo;attendez-vous ? D\u00e9couvrez la magie des couleurs dynamiques et de l&rsquo;encre Viking et cr\u00e9ez des tatouages \u00e9poustouflants qui dureront toute une vie.<\/p>\n<p><strong>Qu&rsquo;est-ce que la couleur dynamique et l&rsquo;encre Viking ?<\/strong><br \/>\n  Dynamic colour et Viking-ink sont des marques d&rsquo;encres de tatouage tr\u00e8s appr\u00e9ci\u00e9es des tatoueurs en raison de leurs formules et pigments uniques. Ils r\u00e9pondent aux normes europ\u00e9ennes les plus strictes et offrent une excellente qualit\u00e9.<\/p>\n<p><strong>Dynamic colour et Viking-ink r\u00e9pondent-ils aux normes de s\u00e9curit\u00e9 ?<\/strong><br \/>\n  Oui, Dynamic colour et Viking-ink sont conformes aux directives REACH et UE, ce qui signifie qu&rsquo;ils r\u00e9pondent aux normes de s\u00e9curit\u00e9 les plus \u00e9lev\u00e9es pour les encres de tatouage. Les artistes peuvent tatouer en toute s\u00e9r\u00e9nit\u00e9, sachant qu&rsquo;ils respectent les bonnes normes.<\/p>\n<p><strong>Dynamic colour et Viking-ink conviennent-ils aux tatoueurs d\u00e9butants et exp\u00e9riment\u00e9s ?<\/strong><br \/>\n  Oui, tant les d\u00e9butants que les artistes exp\u00e9riment\u00e9s peuvent tirer profit de l&rsquo;utilisation de Dynamic colour et de l&rsquo;encre Viking. Ces encres offrent des couleurs \u00e9clatantes et sont fabriqu\u00e9es avec passion et savoir-faire, ce qui permet de cr\u00e9er des tatouages \u00e9poustouflants qui durent toute une vie.<\/p>\n","protected":false},"excerpt":{"rendered":"<p>Dynamic colour et Viking-ink, deux marques d&rsquo;encres de tatouage qui ont conquis le c\u0153ur des artistes du monde entier. Avec leurs formules et pigments uniques, ils vont au-del\u00e0 des normes europ\u00e9ennes les plus strictes et offrent une qualit\u00e9 in\u00e9gal\u00e9e. Ces encres sont fabriqu\u00e9es avec passion et savoir-faire, ce qui permet d&rsquo;obtenir des couleurs \u00e9clatantes qui [&hellip;]<\/p>\n","protected":false},"featured_media":1725,"template":"","meta":{"_acf_changed":false},"product_brand":[],"product_cat":[181],"product_tag":[184,183,185],"class_list":{"0":"post-2062","1":"product","2":"type-product","3":"status-publish","4":"has-post-thumbnail","6":"product_cat-encre-de-tatouage","7":"product_tag-couleur","8":"product_tag-encre-de-tatouage","9":"product_tag-encre-dynamique-viking","11":"first","12":"outofstock","13":"taxable","14":"shipping-taxable","15":"purchasable","16":"product-type-simple"},"ams_default_variation_id":0,"ams_product_points_reward":[],"ams_product_discount_percentage":0,"ams_price_to_display":10,"ams_acf":[],"acf":[],"_links":{"self":[{"href":"https:\/\/inkskin.nl\/fr\/wp-json\/wp\/v2\/product\/2062","targetHints":{"allow":["GET"]}}],"collection":[{"href":"https:\/\/inkskin.nl\/fr\/wp-json\/wp\/v2\/product"}],"about":[{"href":"https:\/\/inkskin.nl\/fr\/wp-json\/wp\/v2\/types\/product"}],"version-history":[{"count":0,"href":"https:\/\/inkskin.nl\/fr\/wp-json\/wp\/v2\/product\/2062\/revisions"}],"wp:featuredmedia":[{"embeddable":true,"href":"https:\/\/inkskin.nl\/fr\/wp-json\/wp\/v2\/media\/1725"}],"wp:attachment":[{"href":"https:\/\/inkskin.nl\/fr\/wp-json\/wp\/v2\/media?parent=2062"}],"wp:term":[{"taxonomy":"product_brand","embeddable":true,"href":"https:\/\/inkskin.nl\/fr\/wp-json\/wp\/v2\/product_brand?post=2062"},{"taxonomy":"product_cat","embeddable":true,"href":"https:\/\/inkskin.nl\/fr\/wp-json\/wp\/v2\/product_cat?post=2062"},{"taxonomy":"product_tag","embeddable":true,"href":"https:\/\/inkskin.nl\/fr\/wp-json\/wp\/v2\/product_tag?post=2062"}],"curies":[{"name":"wp","href":"https:\/\/api.w.org\/{rel}","templated":true}]}}