{"id":2059,"date":"2024-03-27T09:52:03","date_gmt":"2024-03-27T09:52:03","guid":{"rendered":"https:\/\/inkskin.nl\/products\/encre-dynamic-viking-chocolat-30ml\/"},"modified":"2024-03-27T09:52:03","modified_gmt":"2024-03-27T09:52:03","slug":"encre-dynamic-viking-chocolat-30ml","status":"publish","type":"product","link":"https:\/\/inkskin.nl\/fr\/products\/encre-dynamic-viking-chocolat-30ml\/","title":{"rendered":"Encre Dynamic Viking &#8211; Chocolat 30ml"},"content":{"rendered":"<p>D\u00e9couvrez Dynamic Color Viking Ink, le choix pr\u00e9f\u00e9r\u00e9 des tatoueurs du monde entier. Ces encres sont fabriqu\u00e9es \u00e0 partir des formules et des pigments les plus avanc\u00e9s, ce qui leur permet de r\u00e9pondre aux normes europ\u00e9ennes les plus strictes et d&rsquo;offrir une qualit\u00e9 in\u00e9gal\u00e9e.<\/p>\n<p>  Que vous soyez un artiste d\u00e9butant ou exp\u00e9riment\u00e9, l&rsquo;encre Dynamic Color Viking vous surprendra par ses couleurs vibrantes et dynamiques. Que vous recherchiez des teintes vives et accrocheuses ou des nuances subtiles et sophistiqu\u00e9es, ces encres ont tout pour plaire.<\/p>\n<p>  Ce qui rend ce produit encore plus sp\u00e9cial, c&rsquo;est qu&rsquo;il est conforme aux directives REACH et de l&rsquo;UE, ce qui vous permet de tatouer en toute s\u00e9r\u00e9nit\u00e9. Qu&rsquo;attendez-vous ? Offrez-vous les meilleures encres du march\u00e9 et cr\u00e9ez des \u0153uvres d&rsquo;art \u00e0 couper le souffle avec l&rsquo;encre Dynamic Color Viking.<\/p>\n<p><strong>Quelles sont les normes europ\u00e9ennes auxquelles r\u00e9pond l&rsquo;encre Dynamic Color Viking ?<\/strong><br \/>\n  L&rsquo;encre Dynamic Color Viking Ink r\u00e9pond aux normes europ\u00e9ennes les plus strictes en mati\u00e8re d&rsquo;encre de tatouage.<\/p>\n<p><strong>Peut-on utiliser l&rsquo;encre Dynamic Color Viking ?<\/strong><br \/>\n  Oui, les tatoueurs d\u00e9butants et exp\u00e9riment\u00e9s peuvent utiliser Dynamic Color Viking Ink.<\/p>\n<p><strong>Qu&rsquo;est-ce qui fait la sp\u00e9cificit\u00e9 de Dynamic Color Viking Ink ?<\/strong><br \/>\n  L&rsquo;encre Dynamic Color Viking se distingue par ses couleurs vives et dynamiques. Elle est conforme aux directives de REACH et de l&rsquo;UE, ce qui procure un sentiment de s\u00e9curit\u00e9 lors du tatouage.<\/p>\n","protected":false},"excerpt":{"rendered":"<p>D\u00e9couvrez Dynamic Color Viking Ink, le choix pr\u00e9f\u00e9r\u00e9 des tatoueurs du monde entier. Ces encres sont fabriqu\u00e9es \u00e0 partir des formules et des pigments les plus avanc\u00e9s, ce qui leur permet de r\u00e9pondre aux normes europ\u00e9ennes les plus strictes et d&rsquo;offrir une qualit\u00e9 in\u00e9gal\u00e9e. Que vous soyez un artiste d\u00e9butant ou exp\u00e9riment\u00e9, l&rsquo;encre Dynamic Color [&hellip;]<\/p>\n","protected":false},"featured_media":1728,"template":"","meta":{"_acf_changed":false},"product_brand":[],"product_cat":[181],"product_tag":[184,183,185],"class_list":{"0":"post-2059","1":"product","2":"type-product","3":"status-publish","4":"has-post-thumbnail","6":"product_cat-encre-de-tatouage","7":"product_tag-couleur","8":"product_tag-encre-de-tatouage","9":"product_tag-encre-dynamique-viking","11":"first","12":"outofstock","13":"taxable","14":"shipping-taxable","15":"purchasable","16":"product-type-simple"},"ams_default_variation_id":0,"ams_product_points_reward":[],"ams_product_discount_percentage":0,"ams_price_to_display":10,"ams_acf":[],"acf":[],"_links":{"self":[{"href":"https:\/\/inkskin.nl\/fr\/wp-json\/wp\/v2\/product\/2059","targetHints":{"allow":["GET"]}}],"collection":[{"href":"https:\/\/inkskin.nl\/fr\/wp-json\/wp\/v2\/product"}],"about":[{"href":"https:\/\/inkskin.nl\/fr\/wp-json\/wp\/v2\/types\/product"}],"version-history":[{"count":0,"href":"https:\/\/inkskin.nl\/fr\/wp-json\/wp\/v2\/product\/2059\/revisions"}],"wp:featuredmedia":[{"embeddable":true,"href":"https:\/\/inkskin.nl\/fr\/wp-json\/wp\/v2\/media\/1728"}],"wp:attachment":[{"href":"https:\/\/inkskin.nl\/fr\/wp-json\/wp\/v2\/media?parent=2059"}],"wp:term":[{"taxonomy":"product_brand","embeddable":true,"href":"https:\/\/inkskin.nl\/fr\/wp-json\/wp\/v2\/product_brand?post=2059"},{"taxonomy":"product_cat","embeddable":true,"href":"https:\/\/inkskin.nl\/fr\/wp-json\/wp\/v2\/product_cat?post=2059"},{"taxonomy":"product_tag","embeddable":true,"href":"https:\/\/inkskin.nl\/fr\/wp-json\/wp\/v2\/product_tag?post=2059"}],"curies":[{"name":"wp","href":"https:\/\/api.w.org\/{rel}","templated":true}]}}