{"id":2057,"date":"2024-03-27T09:52:02","date_gmt":"2024-03-27T09:52:02","guid":{"rendered":"https:\/\/inkskin.nl\/products\/encre-dynamic-viking-bleu-cobalt-30ml\/"},"modified":"2024-03-27T09:52:02","modified_gmt":"2024-03-27T09:52:02","slug":"encre-dynamic-viking-bleu-cobalt-30ml","status":"publish","type":"product","link":"https:\/\/inkskin.nl\/fr\/products\/encre-dynamic-viking-bleu-cobalt-30ml\/","title":{"rendered":"Encre Dynamic Viking &#8211; Bleu cobalt 30ml"},"content":{"rendered":"<p>D\u00e9couvrez l&rsquo;encre Dynamic Color Viking, l&rsquo;encre de tatouage pr\u00e9f\u00e9r\u00e9e des artistes du monde entier. Connues pour leur qualit\u00e9 et leur fiabilit\u00e9, ces encres sont appr\u00e9ci\u00e9es pour leurs couleurs \u00e9clatantes et leur durabilit\u00e9.  <\/p>\n<p>  Gr\u00e2ce \u00e0 des formules et des pigments avanc\u00e9s, l&rsquo;encre Dynamic Color Viking r\u00e9pond aux normes europ\u00e9ennes les plus strictes, vous garantissant ainsi une qualit\u00e9 sup\u00e9rieure. Cette encre est m\u00eame approuv\u00e9e conform\u00e9ment aux directives REACH et UE, ce qui vous permet de tatouer en toute s\u00e9r\u00e9nit\u00e9.<\/p>\n<p>  Que vous soyez un artiste novice ou un professionnel chevronn\u00e9, l&rsquo;encre Dynamic Color Viking est le choix id\u00e9al pour tous vos projets de tatouage. Avec ces encres de haute qualit\u00e9, vous cr\u00e9ez des \u0153uvres d&rsquo;art \u00e9clatantes et durables dont vous pouvez \u00eatre fier. Qu&rsquo;attendez-vous ? D\u00e9couvrez d\u00e8s maintenant la qualit\u00e9 et la polyvalence de l&rsquo;encre Dynamic Color Viking-ink !<\/p>\n<p><strong>L&rsquo;encre Dynamic Colour Viking peut-elle \u00eatre utilis\u00e9e sur la peau ?<\/strong><br \/>\n  Oui, l&rsquo;encre Dynamic Color Viking r\u00e9pond aux normes europ\u00e9ennes les plus strictes et est approuv\u00e9e conform\u00e9ment aux directives REACH et UE. Cela garantit une qualit\u00e9 sup\u00e9rieure et rend l&rsquo;encre sans danger pour la peau.<\/p>\n<p><strong>Les couleurs de l&rsquo;encre Dynamic Color Viking sont-elles \u00e9clatantes et durables ?<\/strong><br \/>\n  Oui, l&rsquo;encre Dynamic Color Viking est connue pour ses couleurs \u00e9clatantes et sa durabilit\u00e9. Les encres sont fabriqu\u00e9es \u00e0 partir de formules et de pigments avanc\u00e9s, ce qui permet d&rsquo;obtenir des couleurs vives et durables.<\/p>\n<p><strong>L&rsquo;encre Dynamic Colour Viking convient-elle aux tatoueurs d\u00e9butants et professionnels ?<\/strong><br \/>\n  Oui, l&rsquo;encre Dynamic Color Viking convient aussi bien aux artistes d\u00e9butants qu&rsquo;aux professionnels. Elle est consid\u00e9r\u00e9e comme l&rsquo;encre pr\u00e9f\u00e9r\u00e9e des artistes du monde entier en raison de sa qualit\u00e9 et de sa fiabilit\u00e9. Que vous soyez d\u00e9butant ou que vous ayez des ann\u00e9es d&rsquo;exp\u00e9rience, ces encres vous aideront \u00e0 cr\u00e9er des \u0153uvres d&rsquo;art \u00e9clatantes et durables.<\/p>\n","protected":false},"excerpt":{"rendered":"<p>D\u00e9couvrez l&rsquo;encre Dynamic Color Viking, l&rsquo;encre de tatouage pr\u00e9f\u00e9r\u00e9e des artistes du monde entier. Connues pour leur qualit\u00e9 et leur fiabilit\u00e9, ces encres sont appr\u00e9ci\u00e9es pour leurs couleurs \u00e9clatantes et leur durabilit\u00e9. Gr\u00e2ce \u00e0 des formules et des pigments avanc\u00e9s, l&rsquo;encre Dynamic Color Viking r\u00e9pond aux normes europ\u00e9ennes les plus strictes, vous garantissant ainsi une [&hellip;]<\/p>\n","protected":false},"featured_media":1727,"template":"","meta":{"_acf_changed":false},"product_brand":[],"product_cat":[181],"product_tag":[184,183,185],"class_list":{"0":"post-2057","1":"product","2":"type-product","3":"status-publish","4":"has-post-thumbnail","6":"product_cat-encre-de-tatouage","7":"product_tag-couleur","8":"product_tag-encre-de-tatouage","9":"product_tag-encre-dynamique-viking","11":"first","12":"outofstock","13":"taxable","14":"shipping-taxable","15":"purchasable","16":"product-type-simple"},"ams_default_variation_id":0,"ams_product_points_reward":[],"ams_product_discount_percentage":0,"ams_price_to_display":10,"ams_acf":[],"acf":[],"_links":{"self":[{"href":"https:\/\/inkskin.nl\/fr\/wp-json\/wp\/v2\/product\/2057","targetHints":{"allow":["GET"]}}],"collection":[{"href":"https:\/\/inkskin.nl\/fr\/wp-json\/wp\/v2\/product"}],"about":[{"href":"https:\/\/inkskin.nl\/fr\/wp-json\/wp\/v2\/types\/product"}],"version-history":[{"count":0,"href":"https:\/\/inkskin.nl\/fr\/wp-json\/wp\/v2\/product\/2057\/revisions"}],"wp:featuredmedia":[{"embeddable":true,"href":"https:\/\/inkskin.nl\/fr\/wp-json\/wp\/v2\/media\/1727"}],"wp:attachment":[{"href":"https:\/\/inkskin.nl\/fr\/wp-json\/wp\/v2\/media?parent=2057"}],"wp:term":[{"taxonomy":"product_brand","embeddable":true,"href":"https:\/\/inkskin.nl\/fr\/wp-json\/wp\/v2\/product_brand?post=2057"},{"taxonomy":"product_cat","embeddable":true,"href":"https:\/\/inkskin.nl\/fr\/wp-json\/wp\/v2\/product_cat?post=2057"},{"taxonomy":"product_tag","embeddable":true,"href":"https:\/\/inkskin.nl\/fr\/wp-json\/wp\/v2\/product_tag?post=2057"}],"curies":[{"name":"wp","href":"https:\/\/api.w.org\/{rel}","templated":true}]}}