{"id":2056,"date":"2024-03-27T09:51:57","date_gmt":"2024-03-27T09:51:57","guid":{"rendered":"https:\/\/inkskin.nl\/products\/encre-dynamic-viking-vert-emeraude-30ml\/"},"modified":"2024-03-27T09:51:57","modified_gmt":"2024-03-27T09:51:57","slug":"encre-dynamic-viking-vert-emeraude-30ml","status":"publish","type":"product","link":"https:\/\/inkskin.nl\/fr\/products\/encre-dynamic-viking-vert-emeraude-30ml\/","title":{"rendered":"Encre Dynamic Viking &#8211; Vert \u00e9meraude 30ml"},"content":{"rendered":"<p>D\u00e9couvrez la gamme magique et vibrante des encres de tatouage Dynamic Color et Viking-ink ! Appr\u00e9ci\u00e9es par les artistes du monde entier, ces encres offrent une qualit\u00e9 et une vivacit\u00e9 in\u00e9gal\u00e9es. Gr\u00e2ce \u00e0 des formules et des pigments avanc\u00e9s, ces encres r\u00e9pondent aux normes europ\u00e9ennes les plus strictes et sont enti\u00e8rement conformes aux directives REACH et de l&rsquo;UE.  <\/p>\n<p>  Que vous recherchiez des couleurs intenses pour un tatouage audacieux et accrocheur, ou des nuances subtiles pour un dessin sophistiqu\u00e9, Dynamic Color et Viking-ink ont tout ce qu&rsquo;il vous faut ! Ces encres sont con\u00e7ues pour rester brillantes et \u00e9clatantes pendant longtemps, afin que votre tatouage conserve son \u00e9clat ann\u00e9e apr\u00e8s ann\u00e9e.  <\/p>\n<p>  Comptez sur la qualit\u00e9 sup\u00e9rieure de Dynamic Color et de Viking-ink pour cr\u00e9er des tatouages qui r\u00e9sistent \u00e0 l&rsquo;\u00e9preuve du temps. Il est temps de faire passer votre art au niveau sup\u00e9rieur avec ces encres \u00e9tonnantes !<\/p>\n<p><strong>Les encres de tatouage Dynamic Color et Viking-ink peuvent-elles \u00eatre utilis\u00e9es sans danger sur la peau ?<\/strong><br \/>\n  Oui, les encres de tatouage Dynamic Color et Viking-ink r\u00e9pondent aux normes europ\u00e9ennes les plus strictes et sont enti\u00e8rement conformes aux directives REACH et UE. Cela signifie qu&rsquo;ils peuvent \u00eatre utilis\u00e9s en toute s\u00e9curit\u00e9 sur la peau.<\/p>\n<p><strong>Les encres de tatouage Dynamic Colour et Viking-ink restent-elles longtemps lumineuses et \u00e9clatantes ?<\/strong><br \/>\n  Oui, ces encres sont sp\u00e9cialement con\u00e7ues pour rester lumineuses et \u00e9clatantes pendant longtemps. Ils sont fabriqu\u00e9s avec des formules et des pigments avanc\u00e9s qui garantissent que votre tatouage reste beau ann\u00e9e apr\u00e8s ann\u00e9e.<\/p>\n<p><strong>Les encres de tatouage Dynamic Color et Viking-ink offrent-elles une large gamme de couleurs ?<\/strong><br \/>\n  Oui, Dynamic Color et Viking-ink proposent tous deux une gamme d&rsquo;encres magiques et vibrantes, avec des couleurs intenses pour des tatouages audacieux et accrocheurs, ainsi que des nuances subtiles pour des motifs sophistiqu\u00e9s. Ils ont tout ce qu&rsquo;il faut pour que vous puissiez trouver les couleurs que vous recherchez.<\/p>\n","protected":false},"excerpt":{"rendered":"<p>D\u00e9couvrez la gamme magique et vibrante des encres de tatouage Dynamic Color et Viking-ink ! Appr\u00e9ci\u00e9es par les artistes du monde entier, ces encres offrent une qualit\u00e9 et une vivacit\u00e9 in\u00e9gal\u00e9es. Gr\u00e2ce \u00e0 des formules et des pigments avanc\u00e9s, ces encres r\u00e9pondent aux normes europ\u00e9ennes les plus strictes et sont enti\u00e8rement conformes aux directives REACH [&hellip;]<\/p>\n","protected":false},"featured_media":1722,"template":"","meta":{"_acf_changed":false},"product_brand":[],"product_cat":[181],"product_tag":[184,183,185],"class_list":{"0":"post-2056","1":"product","2":"type-product","3":"status-publish","4":"has-post-thumbnail","6":"product_cat-encre-de-tatouage","7":"product_tag-couleur","8":"product_tag-encre-de-tatouage","9":"product_tag-encre-dynamique-viking","11":"first","12":"outofstock","13":"taxable","14":"shipping-taxable","15":"purchasable","16":"product-type-simple"},"ams_default_variation_id":0,"ams_product_points_reward":[],"ams_product_discount_percentage":0,"ams_price_to_display":10,"ams_acf":[],"acf":[],"_links":{"self":[{"href":"https:\/\/inkskin.nl\/fr\/wp-json\/wp\/v2\/product\/2056","targetHints":{"allow":["GET"]}}],"collection":[{"href":"https:\/\/inkskin.nl\/fr\/wp-json\/wp\/v2\/product"}],"about":[{"href":"https:\/\/inkskin.nl\/fr\/wp-json\/wp\/v2\/types\/product"}],"version-history":[{"count":0,"href":"https:\/\/inkskin.nl\/fr\/wp-json\/wp\/v2\/product\/2056\/revisions"}],"wp:featuredmedia":[{"embeddable":true,"href":"https:\/\/inkskin.nl\/fr\/wp-json\/wp\/v2\/media\/1722"}],"wp:attachment":[{"href":"https:\/\/inkskin.nl\/fr\/wp-json\/wp\/v2\/media?parent=2056"}],"wp:term":[{"taxonomy":"product_brand","embeddable":true,"href":"https:\/\/inkskin.nl\/fr\/wp-json\/wp\/v2\/product_brand?post=2056"},{"taxonomy":"product_cat","embeddable":true,"href":"https:\/\/inkskin.nl\/fr\/wp-json\/wp\/v2\/product_cat?post=2056"},{"taxonomy":"product_tag","embeddable":true,"href":"https:\/\/inkskin.nl\/fr\/wp-json\/wp\/v2\/product_tag?post=2056"}],"curies":[{"name":"wp","href":"https:\/\/api.w.org\/{rel}","templated":true}]}}