{"id":2055,"date":"2024-03-27T09:51:56","date_gmt":"2024-03-27T09:51:56","guid":{"rendered":"https:\/\/inkskin.nl\/products\/encre-dynamic-viking-vert-foret-30ml\/"},"modified":"2024-03-27T09:51:56","modified_gmt":"2024-03-27T09:51:56","slug":"encre-dynamic-viking-vert-foret-30ml","status":"publish","type":"product","link":"https:\/\/inkskin.nl\/fr\/products\/encre-dynamic-viking-vert-foret-30ml\/","title":{"rendered":"Encre Dynamic Viking &#8211; Vert for\u00eat 30ml"},"content":{"rendered":"<p>D\u00e9couvrez la magie de Dynamic Color et de Viking-ink, deux marques d&rsquo;encres de tatouage appr\u00e9ci\u00e9es des artistes du monde entier. Gr\u00e2ce \u00e0 leurs formules innovantes et \u00e0 leurs pigments de haute qualit\u00e9, ces encres offrent une qualit\u00e9 sup\u00e9rieure qui r\u00e9pond aux normes europ\u00e9ennes les plus strictes.  <\/p>\n<p>  Dynamic Color et Viking-ink ont \u00e9t\u00e9 d\u00e9velopp\u00e9s avec un souci du d\u00e9tail et de la pr\u00e9cision. L&rsquo;encre est facile \u00e0 appliquer et donne des couleurs \u00e9clatantes et durables sur votre peau. Que vous soyez d\u00e9butant ou professionnel exp\u00e9riment\u00e9, ces encres vous aideront \u00e0 cr\u00e9er de magnifiques \u0153uvres d&rsquo;art sans effort.<\/p>\n<p>  De plus, cette encre est conforme aux directives REACH et UE, ce qui vous permet de tatouer en toute s\u00e9r\u00e9nit\u00e9. Choisissez la qualit\u00e9, choisissez Dynamic Color et Viking-ink &#8211; le choix pr\u00e9f\u00e9r\u00e9 des tatoueurs du monde entier. Lib\u00e9rez votre cr\u00e9ativit\u00e9 et cr\u00e9ez des tatouages \u00e9poustouflants qui dureront toute une vie.<\/p>\n<p><strong>Qu&rsquo;est-ce que la couleur dynamique et l&rsquo;encre Viking ?<\/strong><br \/>\n  Dynamic Color et Viking-ink sont deux marques d&rsquo;encres de tatouage appr\u00e9ci\u00e9es par les artistes du monde entier. Ils offrent des formules innovantes et des pigments de haute qualit\u00e9 pour une qualit\u00e9 sup\u00e9rieure.<\/p>\n<p><strong>Pourquoi les encres Dynamic Colour et Viking sont-elles populaires parmi les tatoueurs ?<\/strong><br \/>\n  Dynamic Color et Viking-ink sont tr\u00e8s appr\u00e9ci\u00e9s des tatoueurs pour leur facilit\u00e9 d&rsquo;application, leurs couleurs \u00e9clatantes et durables, ainsi que pour leur capacit\u00e9 \u00e0 cr\u00e9er sans effort de magnifiques \u0153uvres d&rsquo;art. Les d\u00e9butants comme les professionnels exp\u00e9riment\u00e9s peuvent b\u00e9n\u00e9ficier de ces encres.<\/p>\n<p><strong>Les encres Dynamic Color et Viking-ink sont-elles conformes aux normes europ\u00e9ennes ?<\/strong><br \/>\n  Oui, les encres Dynamic Color et Viking-ink sont conformes aux normes europ\u00e9ennes les plus strictes. Elles sont conformes aux directives REACH et de l&rsquo;UE, ce qui permet aux tatoueurs de tatouer en toute tranquillit\u00e9 et de ne pas s&rsquo;inqui\u00e9ter de la qualit\u00e9 et de la s\u00e9curit\u00e9 des encres.<\/p>\n","protected":false},"excerpt":{"rendered":"<p>D\u00e9couvrez la magie de Dynamic Color et de Viking-ink, deux marques d&rsquo;encres de tatouage appr\u00e9ci\u00e9es des artistes du monde entier. Gr\u00e2ce \u00e0 leurs formules innovantes et \u00e0 leurs pigments de haute qualit\u00e9, ces encres offrent une qualit\u00e9 sup\u00e9rieure qui r\u00e9pond aux normes europ\u00e9ennes les plus strictes. Dynamic Color et Viking-ink ont \u00e9t\u00e9 d\u00e9velopp\u00e9s avec un [&hellip;]<\/p>\n","protected":false},"featured_media":1721,"template":"","meta":{"_acf_changed":false},"product_brand":[],"product_cat":[181],"product_tag":[184,183,185],"class_list":{"0":"post-2055","1":"product","2":"type-product","3":"status-publish","4":"has-post-thumbnail","6":"product_cat-encre-de-tatouage","7":"product_tag-couleur","8":"product_tag-encre-de-tatouage","9":"product_tag-encre-dynamique-viking","11":"first","12":"outofstock","13":"taxable","14":"shipping-taxable","15":"purchasable","16":"product-type-simple"},"ams_default_variation_id":0,"ams_product_points_reward":[],"ams_product_discount_percentage":0,"ams_price_to_display":10,"ams_acf":[],"acf":[],"_links":{"self":[{"href":"https:\/\/inkskin.nl\/fr\/wp-json\/wp\/v2\/product\/2055","targetHints":{"allow":["GET"]}}],"collection":[{"href":"https:\/\/inkskin.nl\/fr\/wp-json\/wp\/v2\/product"}],"about":[{"href":"https:\/\/inkskin.nl\/fr\/wp-json\/wp\/v2\/types\/product"}],"version-history":[{"count":0,"href":"https:\/\/inkskin.nl\/fr\/wp-json\/wp\/v2\/product\/2055\/revisions"}],"wp:featuredmedia":[{"embeddable":true,"href":"https:\/\/inkskin.nl\/fr\/wp-json\/wp\/v2\/media\/1721"}],"wp:attachment":[{"href":"https:\/\/inkskin.nl\/fr\/wp-json\/wp\/v2\/media?parent=2055"}],"wp:term":[{"taxonomy":"product_brand","embeddable":true,"href":"https:\/\/inkskin.nl\/fr\/wp-json\/wp\/v2\/product_brand?post=2055"},{"taxonomy":"product_cat","embeddable":true,"href":"https:\/\/inkskin.nl\/fr\/wp-json\/wp\/v2\/product_cat?post=2055"},{"taxonomy":"product_tag","embeddable":true,"href":"https:\/\/inkskin.nl\/fr\/wp-json\/wp\/v2\/product_tag?post=2055"}],"curies":[{"name":"wp","href":"https:\/\/api.w.org\/{rel}","templated":true}]}}