{"id":2050,"date":"2024-03-27T09:51:50","date_gmt":"2024-03-27T09:51:50","guid":{"rendered":"https:\/\/inkskin.nl\/products\/encre-dynamic-viking-rose-30ml\/"},"modified":"2024-03-27T09:51:50","modified_gmt":"2024-03-27T09:51:50","slug":"encre-dynamic-viking-rose-30ml","status":"publish","type":"product","link":"https:\/\/inkskin.nl\/fr\/products\/encre-dynamic-viking-rose-30ml\/","title":{"rendered":"Encre Dynamic Viking &#8211; Rose 30ml"},"content":{"rendered":"<p>D\u00e9couvrez Dynamic Color Viking Ink, le choix pr\u00e9f\u00e9r\u00e9 des tatoueurs du monde entier. Gr\u00e2ce \u00e0 sa qualit\u00e9 sup\u00e9rieure et \u00e0 ses formules et pigments uniques, cette encre de tatouage d\u00e9passe les normes europ\u00e9ennes les plus strictes.  <\/p>\n<p>  L&rsquo;encre Dynamic Color Viking a \u00e9t\u00e9 cr\u00e9\u00e9e en pensant \u00e0 l&rsquo;artiste. Les couleurs vives et la consistance lisse rendent l&rsquo;application de l&rsquo;encre facile. Que vous souhaitiez cr\u00e9er un motif d\u00e9taill\u00e9 ou attirer l&rsquo;attention, cette encre fera ressortir votre tatouage et en pr\u00e9servera la beaut\u00e9 pendant longtemps.<\/p>\n<p>  De plus, l&rsquo;encre Dynamic Color Viking Ink est conforme aux directives REACH et UE, ce qui vous permet de tatouer en toute s\u00e9r\u00e9nit\u00e9. Choisissez la meilleure qualit\u00e9 et faites confiance \u00e0 Dynamic Color Viking Ink pour toutes vos cr\u00e9ations de tatouage.<\/p>\n<p><strong>Qu&rsquo;est-ce qui diff\u00e9rencie l&rsquo;encre Dynamic Colour Viking des autres encres de tatouage sur le march\u00e9 ?<\/strong><br \/>\n  L&rsquo;encre Dynamic Color Viking se distingue par sa qualit\u00e9 sup\u00e9rieure, ses formules et pigments uniques et le d\u00e9passement des normes europ\u00e9ennes les plus strictes. Les couleurs vives et la consistance lisse de l&rsquo;encre facilitent l&rsquo;application et permettent \u00e0 votre tatouage de se d\u00e9marquer et de rester beau pendant longtemps.<\/p>\n<p><strong>L&rsquo;encre Dynamic Color Viking Ink est-elle conforme aux directives de s\u00e9curit\u00e9 en mati\u00e8re de tatouage ?<\/strong><br \/>\n  Oui, l&rsquo;encre Dynamic Color Viking est conforme aux directives REACH et UE, ce qui vous permet de tatouer en toute s\u00e9r\u00e9nit\u00e9. Cela signifie que l&rsquo;encre peut \u00eatre utilis\u00e9e en toute s\u00e9curit\u00e9 et qu&rsquo;elle r\u00e9pond \u00e0 des normes de s\u00e9curit\u00e9 strictes.<\/p>\n<p><strong>L&rsquo;encre Dynamic Colour Viking peut-elle \u00eatre utilis\u00e9e \u00e0 la fois pour des dessins d\u00e9taill\u00e9s et des d\u00e9clarations accrocheuses ?<\/strong><br \/>\n  Oui, l&rsquo;encre Dynamic Color Viking Ink convient aussi bien aux dessins d\u00e9taill\u00e9s qu&rsquo;aux d\u00e9clarations accrocheuses. L&rsquo;encre offre des couleurs \u00e9clatantes et une consistance lisse, ce qui permet aux artistes de cr\u00e9er facilement des motifs d\u00e9taill\u00e9s. En m\u00eame temps, il cr\u00e9e des tatouages qui attirent l&rsquo;attention et qui restent beaux pendant longtemps.<\/p>\n","protected":false},"excerpt":{"rendered":"<p>D\u00e9couvrez Dynamic Color Viking Ink, le choix pr\u00e9f\u00e9r\u00e9 des tatoueurs du monde entier. Gr\u00e2ce \u00e0 sa qualit\u00e9 sup\u00e9rieure et \u00e0 ses formules et pigments uniques, cette encre de tatouage d\u00e9passe les normes europ\u00e9ennes les plus strictes. L&rsquo;encre Dynamic Color Viking a \u00e9t\u00e9 cr\u00e9\u00e9e en pensant \u00e0 l&rsquo;artiste. Les couleurs vives et la consistance lisse rendent [&hellip;]<\/p>\n","protected":false},"featured_media":1714,"template":"","meta":{"_acf_changed":false},"product_brand":[],"product_cat":[181],"product_tag":[184,183,185],"class_list":{"0":"post-2050","1":"product","2":"type-product","3":"status-publish","4":"has-post-thumbnail","6":"product_cat-encre-de-tatouage","7":"product_tag-couleur","8":"product_tag-encre-de-tatouage","9":"product_tag-encre-dynamique-viking","11":"first","12":"outofstock","13":"taxable","14":"shipping-taxable","15":"purchasable","16":"product-type-simple"},"ams_default_variation_id":0,"ams_product_points_reward":[],"ams_product_discount_percentage":0,"ams_price_to_display":10,"ams_acf":[],"acf":[],"_links":{"self":[{"href":"https:\/\/inkskin.nl\/fr\/wp-json\/wp\/v2\/product\/2050","targetHints":{"allow":["GET"]}}],"collection":[{"href":"https:\/\/inkskin.nl\/fr\/wp-json\/wp\/v2\/product"}],"about":[{"href":"https:\/\/inkskin.nl\/fr\/wp-json\/wp\/v2\/types\/product"}],"version-history":[{"count":0,"href":"https:\/\/inkskin.nl\/fr\/wp-json\/wp\/v2\/product\/2050\/revisions"}],"wp:featuredmedia":[{"embeddable":true,"href":"https:\/\/inkskin.nl\/fr\/wp-json\/wp\/v2\/media\/1714"}],"wp:attachment":[{"href":"https:\/\/inkskin.nl\/fr\/wp-json\/wp\/v2\/media?parent=2050"}],"wp:term":[{"taxonomy":"product_brand","embeddable":true,"href":"https:\/\/inkskin.nl\/fr\/wp-json\/wp\/v2\/product_brand?post=2050"},{"taxonomy":"product_cat","embeddable":true,"href":"https:\/\/inkskin.nl\/fr\/wp-json\/wp\/v2\/product_cat?post=2050"},{"taxonomy":"product_tag","embeddable":true,"href":"https:\/\/inkskin.nl\/fr\/wp-json\/wp\/v2\/product_tag?post=2050"}],"curies":[{"name":"wp","href":"https:\/\/api.w.org\/{rel}","templated":true}]}}