{"id":2048,"date":"2024-03-27T09:51:49","date_gmt":"2024-03-27T09:51:49","guid":{"rendered":"https:\/\/inkskin.nl\/products\/encre-dynamic-viking-rouge-pur-30ml\/"},"modified":"2024-03-27T09:51:49","modified_gmt":"2024-03-27T09:51:49","slug":"encre-dynamic-viking-rouge-pur-30ml","status":"publish","type":"product","link":"https:\/\/inkskin.nl\/fr\/products\/encre-dynamic-viking-rouge-pur-30ml\/","title":{"rendered":"Encre Dynamic Viking &#8211; Rouge pur 30ml"},"content":{"rendered":"<p>D\u00e9couvrez l&rsquo;encre Dynamic Color Viking, l&rsquo;encre de tatouage pr\u00e9f\u00e9r\u00e9e des artistes du monde entier. Ces encres sont r\u00e9put\u00e9es pour leur qualit\u00e9 in\u00e9gal\u00e9e et leurs r\u00e9sultats sup\u00e9rieurs.  <\/p>\n<p>  L&rsquo;encre Dynamic Color Viking-ink utilise des formules et des pigments sp\u00e9ciaux qui r\u00e9pondent aux normes europ\u00e9ennes les plus strictes. Avec cette encre, vous avez la garantie de couleurs vibrantes et dynamiques qui restent belles pendant longtemps.  <\/p>\n<p>  De plus, l&rsquo;encre Dynamic Color Viking est conforme aux directives REACH et UE, ce qui vous permet de tatouer en toute s\u00e9r\u00e9nit\u00e9.  <\/p>\n<p>  Que vous soyez un tatoueur exp\u00e9riment\u00e9 ou un d\u00e9butant, l&rsquo;encre Dynamic Colour Viking-ink ne vous laissera pas tomber. Lib\u00e9rez votre cr\u00e9ativit\u00e9 et cr\u00e9ez de magnifiques \u0153uvres d&rsquo;art qui durent. Choisissez la qualit\u00e9 et la fiabilit\u00e9 de l&rsquo;encre Dynamic Color Viking-ink et donnez \u00e0 vos tatouages un aspect dynamique !<\/p>\n<p><strong>Qu&rsquo;est-ce qui rend l&rsquo;encre Dynamic Colour Viking si sp\u00e9ciale ?<\/strong><br \/>\n  L&rsquo;encre Dynamic Colour Viking est connue pour sa qualit\u00e9 in\u00e9gal\u00e9e et ses r\u00e9sultats sup\u00e9rieurs. Il utilise des formules et des pigments sp\u00e9ciaux qui r\u00e9pondent aux normes europ\u00e9ennes les plus strictes, cr\u00e9ant des couleurs vibrantes et dynamiques qui durent longtemps.<\/p>\n<p><strong>L&rsquo;encre Dynamic Color Viking r\u00e9pond-elle aux normes de s\u00e9curit\u00e9 ?<\/strong><br \/>\n  Oui, l&rsquo;encre Dynamic Color Viking est conforme aux directives REACH et UE. Vous pouvez donc tatouer en toute s\u00e9r\u00e9nit\u00e9, car l&rsquo;encre r\u00e9pond aux normes de s\u00e9curit\u00e9 \u00e9tablies.<\/p>\n<p><strong>L&rsquo;encre Dynamic Colour Viking convient-elle aux tatoueurs exp\u00e9riment\u00e9s et novices ?<\/strong><br \/>\n  Oui, l&rsquo;encre Dynamic Colour Viking-ink convient aussi bien aux tatoueurs exp\u00e9riment\u00e9s qu&rsquo;aux d\u00e9butants. Il offre qualit\u00e9 et fiabilit\u00e9, vous permettant de cr\u00e9er de belles \u0153uvres d&rsquo;art qui durent. Lib\u00e9rez votre cr\u00e9ativit\u00e9 et donnez \u00e0 vos tatouages un aspect dynamique avec l&rsquo;encre Dynamic Color Viking.<\/p>\n","protected":false},"excerpt":{"rendered":"<p>D\u00e9couvrez l&rsquo;encre Dynamic Color Viking, l&rsquo;encre de tatouage pr\u00e9f\u00e9r\u00e9e des artistes du monde entier. Ces encres sont r\u00e9put\u00e9es pour leur qualit\u00e9 in\u00e9gal\u00e9e et leurs r\u00e9sultats sup\u00e9rieurs. L&rsquo;encre Dynamic Color Viking-ink utilise des formules et des pigments sp\u00e9ciaux qui r\u00e9pondent aux normes europ\u00e9ennes les plus strictes. Avec cette encre, vous avez la garantie de couleurs vibrantes [&hellip;]<\/p>\n","protected":false},"featured_media":1713,"template":"","meta":{"_acf_changed":false},"product_brand":[],"product_cat":[181],"product_tag":[184,183,185],"class_list":{"0":"post-2048","1":"product","2":"type-product","3":"status-publish","4":"has-post-thumbnail","6":"product_cat-encre-de-tatouage","7":"product_tag-couleur","8":"product_tag-encre-de-tatouage","9":"product_tag-encre-dynamique-viking","11":"first","12":"outofstock","13":"taxable","14":"shipping-taxable","15":"purchasable","16":"product-type-simple"},"ams_default_variation_id":0,"ams_product_points_reward":[],"ams_product_discount_percentage":0,"ams_price_to_display":10,"ams_acf":[],"acf":[],"_links":{"self":[{"href":"https:\/\/inkskin.nl\/fr\/wp-json\/wp\/v2\/product\/2048","targetHints":{"allow":["GET"]}}],"collection":[{"href":"https:\/\/inkskin.nl\/fr\/wp-json\/wp\/v2\/product"}],"about":[{"href":"https:\/\/inkskin.nl\/fr\/wp-json\/wp\/v2\/types\/product"}],"version-history":[{"count":0,"href":"https:\/\/inkskin.nl\/fr\/wp-json\/wp\/v2\/product\/2048\/revisions"}],"wp:featuredmedia":[{"embeddable":true,"href":"https:\/\/inkskin.nl\/fr\/wp-json\/wp\/v2\/media\/1713"}],"wp:attachment":[{"href":"https:\/\/inkskin.nl\/fr\/wp-json\/wp\/v2\/media?parent=2048"}],"wp:term":[{"taxonomy":"product_brand","embeddable":true,"href":"https:\/\/inkskin.nl\/fr\/wp-json\/wp\/v2\/product_brand?post=2048"},{"taxonomy":"product_cat","embeddable":true,"href":"https:\/\/inkskin.nl\/fr\/wp-json\/wp\/v2\/product_cat?post=2048"},{"taxonomy":"product_tag","embeddable":true,"href":"https:\/\/inkskin.nl\/fr\/wp-json\/wp\/v2\/product_tag?post=2048"}],"curies":[{"name":"wp","href":"https:\/\/api.w.org\/{rel}","templated":true}]}}