{"id":2046,"date":"2024-03-27T09:51:48","date_gmt":"2024-03-27T09:51:48","guid":{"rendered":"https:\/\/inkskin.nl\/products\/encre-dynamic-viking-violet-30ml\/"},"modified":"2024-03-27T09:51:48","modified_gmt":"2024-03-27T09:51:48","slug":"encre-dynamic-viking-violet-30ml","status":"publish","type":"product","link":"https:\/\/inkskin.nl\/fr\/products\/encre-dynamic-viking-violet-30ml\/","title":{"rendered":"Encre Dynamic Viking &#8211; Violet 30ml"},"content":{"rendered":"<p>D\u00e9couvrez la magie de l&rsquo;encre Dynamic Color Viking-Ink, le choix pr\u00e9f\u00e9r\u00e9 des tatoueurs du monde entier. Gr\u00e2ce \u00e0 des formules et des pigments avanc\u00e9s, cette ligne d&rsquo;encrage offre une qualit\u00e9 in\u00e9gal\u00e9e qui d\u00e9passe m\u00eame les normes europ\u00e9ennes les plus strictes. Fabriqu\u00e9e \u00e0 partir d&rsquo;ingr\u00e9dients soigneusement s\u00e9lectionn\u00e9s, cette encre est enti\u00e8rement conforme aux directives REACH et de l&rsquo;UE.  <\/p>\n<p>  L&rsquo;encre Dynamic Color Viking est le choix ultime pour les artistes qui recherchent des couleurs vibrantes et durables. Que vous souhaitiez cr\u00e9er un motif d\u00e9taill\u00e9 ou une grande \u0153uvre d&rsquo;art, cette encre ne vous d\u00e9cevra jamais. Avec ses pigments riches et son adh\u00e9rence sup\u00e9rieure, cette encre produit des r\u00e9sultats \u00e9tonnants qui durent des ann\u00e9es.  <\/p>\n<p>  Qu&rsquo;attendez-vous ? Ajoutez de la couleur \u00e0 votre collection de tatouages avec Dynamic Color Viking-Ink et laissez vos talents artistiques briller comme jamais auparavant.<\/p>\n<p><strong>L&rsquo;encre Dynamic Color Viking est-elle conforme aux normes europ\u00e9ennes ?<\/strong><br \/>\n  Oui, l&rsquo;encre Dynamic Color Viking r\u00e9pond aux normes europ\u00e9ennes les plus strictes et est enti\u00e8rement conforme aux directives REACH et de l&rsquo;UE.<\/p>\n<p><strong>Quelle est la dur\u00e9e de vie des couleurs Dynamic Color Viking-Ink ?<\/strong><br \/>\n  Les couleurs de l&rsquo;encre Dynamic Color Viking-Ink sont \u00e9clatantes et durables, et dureront des ann\u00e9es.<\/p>\n<p><strong>Les pigments de l&rsquo;encre Dynamic Color Viking-Ink sont-ils soigneusement s\u00e9lectionn\u00e9s ?<\/strong><br \/>\n  Oui, les pigments de l&rsquo;encre Dynamic Color Viking-Ink ont \u00e9t\u00e9 soigneusement s\u00e9lectionn\u00e9s pour offrir une qualit\u00e9 in\u00e9gal\u00e9e aux tatoueurs du monde entier.<\/p>\n","protected":false},"excerpt":{"rendered":"<p>D\u00e9couvrez la magie de l&rsquo;encre Dynamic Color Viking-Ink, le choix pr\u00e9f\u00e9r\u00e9 des tatoueurs du monde entier. Gr\u00e2ce \u00e0 des formules et des pigments avanc\u00e9s, cette ligne d&rsquo;encrage offre une qualit\u00e9 in\u00e9gal\u00e9e qui d\u00e9passe m\u00eame les normes europ\u00e9ennes les plus strictes. Fabriqu\u00e9e \u00e0 partir d&rsquo;ingr\u00e9dients soigneusement s\u00e9lectionn\u00e9s, cette encre est enti\u00e8rement conforme aux directives REACH et [&hellip;]<\/p>\n","protected":false},"featured_media":1712,"template":"","meta":{"_acf_changed":false},"product_brand":[],"product_cat":[181],"product_tag":[184,183,185],"class_list":{"0":"post-2046","1":"product","2":"type-product","3":"status-publish","4":"has-post-thumbnail","6":"product_cat-encre-de-tatouage","7":"product_tag-couleur","8":"product_tag-encre-de-tatouage","9":"product_tag-encre-dynamique-viking","11":"first","12":"outofstock","13":"taxable","14":"shipping-taxable","15":"purchasable","16":"product-type-simple"},"ams_default_variation_id":0,"ams_product_points_reward":[],"ams_product_discount_percentage":0,"ams_price_to_display":10,"ams_acf":[],"acf":[],"_links":{"self":[{"href":"https:\/\/inkskin.nl\/fr\/wp-json\/wp\/v2\/product\/2046","targetHints":{"allow":["GET"]}}],"collection":[{"href":"https:\/\/inkskin.nl\/fr\/wp-json\/wp\/v2\/product"}],"about":[{"href":"https:\/\/inkskin.nl\/fr\/wp-json\/wp\/v2\/types\/product"}],"version-history":[{"count":0,"href":"https:\/\/inkskin.nl\/fr\/wp-json\/wp\/v2\/product\/2046\/revisions"}],"wp:featuredmedia":[{"embeddable":true,"href":"https:\/\/inkskin.nl\/fr\/wp-json\/wp\/v2\/media\/1712"}],"wp:attachment":[{"href":"https:\/\/inkskin.nl\/fr\/wp-json\/wp\/v2\/media?parent=2046"}],"wp:term":[{"taxonomy":"product_brand","embeddable":true,"href":"https:\/\/inkskin.nl\/fr\/wp-json\/wp\/v2\/product_brand?post=2046"},{"taxonomy":"product_cat","embeddable":true,"href":"https:\/\/inkskin.nl\/fr\/wp-json\/wp\/v2\/product_cat?post=2046"},{"taxonomy":"product_tag","embeddable":true,"href":"https:\/\/inkskin.nl\/fr\/wp-json\/wp\/v2\/product_tag?post=2046"}],"curies":[{"name":"wp","href":"https:\/\/api.w.org\/{rel}","templated":true}]}}