{"id":2045,"date":"2024-03-27T09:51:52","date_gmt":"2024-03-27T09:51:52","guid":{"rendered":"https:\/\/inkskin.nl\/products\/encre-dynamic-viking-moutarde-30ml\/"},"modified":"2024-03-27T09:51:52","modified_gmt":"2024-03-27T09:51:52","slug":"encre-dynamic-viking-moutarde-30ml","status":"publish","type":"product","link":"https:\/\/inkskin.nl\/fr\/products\/encre-dynamic-viking-moutarde-30ml\/","title":{"rendered":"Encre Dynamic Viking &#8211; Moutarde 30ml"},"content":{"rendered":"<p>D\u00e9couvrez l&rsquo;encre Dynamic Color Viking, l&rsquo;encre de tatouage pr\u00e9f\u00e9r\u00e9e des artistes du monde entier. Gr\u00e2ce \u00e0 ses formules et pigments uniques, cette ligne d&rsquo;encrage d\u00e9passe les normes europ\u00e9ennes les plus strictes, vous garantissant ainsi une qualit\u00e9 sup\u00e9rieure.  <\/p>\n<p>  L&rsquo;encre Dynamic Color Viking a \u00e9t\u00e9 d\u00e9velopp\u00e9e en tenant compte de votre s\u00e9curit\u00e9 et est conforme aux directives REACH et UE. Vous pouvez donc profiter de tatouages magnifiques, \u00e9clatants et durables en toute tranquillit\u00e9.  <\/p>\n<p>  Que vous soyez un tatoueur novice ou un artiste exp\u00e9riment\u00e9, Dynamic Color Viking Ink offre une large gamme de couleurs et de nuances pour laisser libre cours \u00e0 votre cr\u00e9ativit\u00e9. Avec ces encres, vous cr\u00e9ez sans effort des \u0153uvres d&rsquo;art \u00e0 couper le souffle sur la peau.  <\/p>\n<p>  Choisissez la qualit\u00e9, choisissez Dynamic Color Viking Ink et laissez vos tatouages prendre vie !<\/p>\n<p><strong>L&rsquo;encre Dynamic Color Viking est-elle conforme aux directives europ\u00e9ennes relatives aux encres de tatouage ?<\/strong><br \/>\n  Oui, l&rsquo;encre Dynamic Color Viking est conforme aux directives REACH et UE, ce qui vous garantit une qualit\u00e9 et une s\u00e9curit\u00e9 sup\u00e9rieures.<\/p>\n<p><strong>L&rsquo;encre Dynamic Colour Viking convient-elle aux tatoueurs d\u00e9butants et exp\u00e9riment\u00e9s ?<\/strong><br \/>\n  Oui, Dynamic Color Viking Ink convient aussi bien aux tatoueurs d\u00e9butants qu&rsquo;aux artistes exp\u00e9riment\u00e9s. Il offre un large \u00e9ventail de couleurs et de nuances pour laisser libre cours \u00e0 votre cr\u00e9ativit\u00e9.<\/p>\n<p><strong>Combien de temps les tatouages r\u00e9alis\u00e9s avec l&rsquo;encre Dynamic Colour Viking restent-ils beaux et \u00e9clatants ?<\/strong><br \/>\n  Les tatouages r\u00e9alis\u00e9s avec l&rsquo;encre Dynamic Colour Viking Ink sont magnifiques, \u00e9clatants et durables. Les pigments et les formules d\u00e9passent m\u00eame les normes europ\u00e9ennes les plus strictes, ce qui vous permet de b\u00e9n\u00e9ficier de tatouages durables et de grande qualit\u00e9.<\/p>\n","protected":false},"excerpt":{"rendered":"<p>D\u00e9couvrez l&rsquo;encre Dynamic Color Viking, l&rsquo;encre de tatouage pr\u00e9f\u00e9r\u00e9e des artistes du monde entier. Gr\u00e2ce \u00e0 ses formules et pigments uniques, cette ligne d&rsquo;encrage d\u00e9passe les normes europ\u00e9ennes les plus strictes, vous garantissant ainsi une qualit\u00e9 sup\u00e9rieure. L&rsquo;encre Dynamic Color Viking a \u00e9t\u00e9 d\u00e9velopp\u00e9e en tenant compte de votre s\u00e9curit\u00e9 et est conforme aux directives [&hellip;]<\/p>\n","protected":false},"featured_media":1716,"template":"","meta":{"_acf_changed":false},"product_brand":[],"product_cat":[181],"product_tag":[184,183,185],"class_list":{"0":"post-2045","1":"product","2":"type-product","3":"status-publish","4":"has-post-thumbnail","6":"product_cat-encre-de-tatouage","7":"product_tag-couleur","8":"product_tag-encre-de-tatouage","9":"product_tag-encre-dynamique-viking","11":"first","12":"outofstock","13":"taxable","14":"shipping-taxable","15":"purchasable","16":"product-type-simple"},"ams_default_variation_id":0,"ams_product_points_reward":[],"ams_product_discount_percentage":0,"ams_price_to_display":10,"ams_acf":[],"acf":[],"_links":{"self":[{"href":"https:\/\/inkskin.nl\/fr\/wp-json\/wp\/v2\/product\/2045","targetHints":{"allow":["GET"]}}],"collection":[{"href":"https:\/\/inkskin.nl\/fr\/wp-json\/wp\/v2\/product"}],"about":[{"href":"https:\/\/inkskin.nl\/fr\/wp-json\/wp\/v2\/types\/product"}],"version-history":[{"count":0,"href":"https:\/\/inkskin.nl\/fr\/wp-json\/wp\/v2\/product\/2045\/revisions"}],"wp:featuredmedia":[{"embeddable":true,"href":"https:\/\/inkskin.nl\/fr\/wp-json\/wp\/v2\/media\/1716"}],"wp:attachment":[{"href":"https:\/\/inkskin.nl\/fr\/wp-json\/wp\/v2\/media?parent=2045"}],"wp:term":[{"taxonomy":"product_brand","embeddable":true,"href":"https:\/\/inkskin.nl\/fr\/wp-json\/wp\/v2\/product_brand?post=2045"},{"taxonomy":"product_cat","embeddable":true,"href":"https:\/\/inkskin.nl\/fr\/wp-json\/wp\/v2\/product_cat?post=2045"},{"taxonomy":"product_tag","embeddable":true,"href":"https:\/\/inkskin.nl\/fr\/wp-json\/wp\/v2\/product_tag?post=2045"}],"curies":[{"name":"wp","href":"https:\/\/api.w.org\/{rel}","templated":true}]}}