{"id":2044,"date":"2024-03-27T09:51:47","date_gmt":"2024-03-27T09:51:47","guid":{"rendered":"https:\/\/inkskin.nl\/products\/encre-dynamic-viking-raisin-rouge-30ml\/"},"modified":"2024-03-27T09:51:47","modified_gmt":"2024-03-27T09:51:47","slug":"encre-dynamic-viking-raisin-rouge-30ml","status":"publish","type":"product","link":"https:\/\/inkskin.nl\/fr\/products\/encre-dynamic-viking-raisin-rouge-30ml\/","title":{"rendered":"Encre Dynamic Viking &#8211; Raisin rouge 30ml"},"content":{"rendered":"<p>Dynamic Color et Viking-ink, deux marques d&rsquo;encres de tatouage appr\u00e9ci\u00e9es des artistes du monde entier. Et \u00e0 juste titre ! Ces encres sont fabriqu\u00e9es avec des formules et des pigments qui d\u00e9passent les normes europ\u00e9ennes les plus strictes, offrant ainsi une qualit\u00e9 sup\u00e9rieure. Avec ces encres, vous n&rsquo;aurez jamais \u00e0 vous soucier de la s\u00e9curit\u00e9 ou de la durabilit\u00e9 de votre tatouage.<\/p>\n<p>  Que vous soyez un tatoueur professionnel ou que vous fassiez vos propres tatouages, Dynamic Color et Viking-ink mettent les meilleurs outils entre vos mains. Ces encres sont non seulement s\u00fbres et de haute qualit\u00e9, mais elles offrent \u00e9galement une large gamme de couleurs vives. Vous pouvez laisser libre cours \u00e0 votre cr\u00e9ativit\u00e9 et cr\u00e9er de magnifiques tatouages dynamiques.<\/p>\n<p>  En outre, cette encre est conforme aux directives REACH et UE, ce qui signifie que vous pouvez tatouer en toute s\u00e9r\u00e9nit\u00e9. Choisissez Dynamic Color et Viking-ink et cr\u00e9ez des tatouages qui sont non seulement beaux mais aussi durables.<\/p>\n<p><strong>Les encres Dynamic Color et Viking peuvent-elles \u00eatre utilis\u00e9es sans danger pour les tatouages ?<\/strong><br \/>\n  Oui, les encres Dynamic Color et Viking sont fabriqu\u00e9es avec des formules et des pigments qui d\u00e9passent les normes europ\u00e9ennes les plus strictes. Ils peuvent \u00eatre utilis\u00e9s sans danger pour les tatouages.<\/p>\n<p><strong>Les encres Dynamic Color et Viking sont-elles durables ?<\/strong><br \/>\n  Oui, les encres Dynamic Color et Viking offrent une qualit\u00e9 et une durabilit\u00e9 sup\u00e9rieures. Vous n&rsquo;avez pas \u00e0 vous soucier de la durabilit\u00e9 de votre tatouage lorsque vous utilisez ces encres.<\/p>\n<p><strong>Les encres Dynamic Color et Viking sont-elles conformes aux directives REACH et europ\u00e9ennes ?<\/strong><br \/>\n  Oui, les encres Dynamic Color et Viking sont conformes aux directives REACH et UE. Cela vous permet de tatouer en toute s\u00e9r\u00e9nit\u00e9 et de vous assurer que l&rsquo;encre r\u00e9pond aux normes requises.<\/p>\n","protected":false},"excerpt":{"rendered":"<p>Dynamic Color et Viking-ink, deux marques d&rsquo;encres de tatouage appr\u00e9ci\u00e9es des artistes du monde entier. Et \u00e0 juste titre ! Ces encres sont fabriqu\u00e9es avec des formules et des pigments qui d\u00e9passent les normes europ\u00e9ennes les plus strictes, offrant ainsi une qualit\u00e9 sup\u00e9rieure. Avec ces encres, vous n&rsquo;aurez jamais \u00e0 vous soucier de la s\u00e9curit\u00e9 [&hellip;]<\/p>\n","protected":false},"featured_media":1711,"template":"","meta":{"_acf_changed":false},"product_brand":[],"product_cat":[181],"product_tag":[184,183,185],"class_list":{"0":"post-2044","1":"product","2":"type-product","3":"status-publish","4":"has-post-thumbnail","6":"product_cat-encre-de-tatouage","7":"product_tag-couleur","8":"product_tag-encre-de-tatouage","9":"product_tag-encre-dynamique-viking","11":"first","12":"outofstock","13":"taxable","14":"shipping-taxable","15":"purchasable","16":"product-type-simple"},"ams_default_variation_id":0,"ams_product_points_reward":[],"ams_product_discount_percentage":0,"ams_price_to_display":10,"ams_acf":[],"acf":[],"_links":{"self":[{"href":"https:\/\/inkskin.nl\/fr\/wp-json\/wp\/v2\/product\/2044","targetHints":{"allow":["GET"]}}],"collection":[{"href":"https:\/\/inkskin.nl\/fr\/wp-json\/wp\/v2\/product"}],"about":[{"href":"https:\/\/inkskin.nl\/fr\/wp-json\/wp\/v2\/types\/product"}],"version-history":[{"count":0,"href":"https:\/\/inkskin.nl\/fr\/wp-json\/wp\/v2\/product\/2044\/revisions"}],"wp:featuredmedia":[{"embeddable":true,"href":"https:\/\/inkskin.nl\/fr\/wp-json\/wp\/v2\/media\/1711"}],"wp:attachment":[{"href":"https:\/\/inkskin.nl\/fr\/wp-json\/wp\/v2\/media?parent=2044"}],"wp:term":[{"taxonomy":"product_brand","embeddable":true,"href":"https:\/\/inkskin.nl\/fr\/wp-json\/wp\/v2\/product_brand?post=2044"},{"taxonomy":"product_cat","embeddable":true,"href":"https:\/\/inkskin.nl\/fr\/wp-json\/wp\/v2\/product_cat?post=2044"},{"taxonomy":"product_tag","embeddable":true,"href":"https:\/\/inkskin.nl\/fr\/wp-json\/wp\/v2\/product_tag?post=2044"}],"curies":[{"name":"wp","href":"https:\/\/api.w.org\/{rel}","templated":true}]}}