{"id":2042,"date":"2024-03-27T09:51:46","date_gmt":"2024-03-27T09:51:46","guid":{"rendered":"https:\/\/inkskin.nl\/products\/encre-dynamic-viking-porto-rubis-30ml\/"},"modified":"2024-03-27T09:51:46","modified_gmt":"2024-03-27T09:51:46","slug":"encre-dynamic-viking-porto-rubis-30ml","status":"publish","type":"product","link":"https:\/\/inkskin.nl\/fr\/products\/encre-dynamic-viking-porto-rubis-30ml\/","title":{"rendered":"Encre Dynamic Viking &#8211; Porto Rubis 30ml"},"content":{"rendered":"<p>D\u00e9couvrez le monde magique de Dynamic Color et de Viking-ink, deux marques embl\u00e9matiques appr\u00e9ci\u00e9es par les tatoueurs du monde entier. Gr\u00e2ce \u00e0 leurs formules uniques et \u00e0 leurs pigments de haute qualit\u00e9, ces encres offrent une qualit\u00e9 in\u00e9gal\u00e9e et des couleurs \u00e9clatantes. Que vous soyez un artiste d\u00e9butant ou un professionnel chevronn\u00e9, ces encres vous inspireront et feront passer vos tatouages au niveau sup\u00e9rieur.<\/p>\n<p>  Dynamic Color et Viking-ink r\u00e9pondent aux normes europ\u00e9ennes les plus strictes et sont certifi\u00e9s conform\u00e9ment aux directives REACH et UE. Vous pouvez donc travailler en toute s\u00e9r\u00e9nit\u00e9 et garantir \u00e0 vos clients une qualit\u00e9 et une s\u00e9curit\u00e9 optimales. Cr\u00e9ez des chefs-d&rsquo;\u0153uvre \u00e9poustouflants, aux couleurs \u00e9clatantes et aux lignes nettes, avec ces encres con\u00e7ues pour durer.<\/p>\n<p>  Lib\u00e9rez votre cr\u00e9ativit\u00e9 et d\u00e9couvrez les possibilit\u00e9s infinies offertes par Dynamic Color et Viking-ink. Choisissez la qualit\u00e9, choisissez ces encres uniques qui jouissent d&rsquo;une r\u00e9putation mondiale.<\/p>\n<p><strong>Dynamic Color et Viking-ink sont-ils conformes aux normes de s\u00e9curit\u00e9 europ\u00e9ennes ?<\/strong><br \/>\n  Oui, Dynamic Color et Viking-ink sont conformes aux normes europ\u00e9ennes les plus strictes et sont certifi\u00e9s selon les directives REACH et UE. Cela signifie qu&rsquo;ils peuvent \u00eatre utilis\u00e9s en toute s\u00e9curit\u00e9 et garantir \u00e0 vos clients une qualit\u00e9 et une s\u00e9curit\u00e9 optimales.<\/p>\n<p><strong>Dynamic Color et Viking-ink conviennent-ils aux artistes d\u00e9butants et aux professionnels chevronn\u00e9s ?<\/strong><br \/>\n  Oui, Dynamic Color et Viking-ink conviennent aussi bien aux artistes d\u00e9butants qu&rsquo;aux professionnels chevronn\u00e9s. Ils offrent une formule unique et des pigments de haute qualit\u00e9, vous permettant d&rsquo;atteindre un niveau de tatouage sup\u00e9rieur, quel que soit votre niveau d&rsquo;exp\u00e9rience.<\/p>\n<p><strong>Les tatouages r\u00e9alis\u00e9s avec Dynamic Color et Viking-ink durent-ils longtemps ?<\/strong><br \/>\n  Oui, les tatouages r\u00e9alis\u00e9s avec Dynamic Color et Viking-ink sont con\u00e7us pour rester beaux pendant longtemps. Les encres offrent des couleurs \u00e9clatantes et des lignes nettes, ce qui vous permet de cr\u00e9er des chefs-d&rsquo;\u0153uvre \u00e9tonnants qui conservent leur beaut\u00e9 pendant longtemps.<\/p>\n","protected":false},"excerpt":{"rendered":"<p>D\u00e9couvrez le monde magique de Dynamic Color et de Viking-ink, deux marques embl\u00e9matiques appr\u00e9ci\u00e9es par les tatoueurs du monde entier. Gr\u00e2ce \u00e0 leurs formules uniques et \u00e0 leurs pigments de haute qualit\u00e9, ces encres offrent une qualit\u00e9 in\u00e9gal\u00e9e et des couleurs \u00e9clatantes. Que vous soyez un artiste d\u00e9butant ou un professionnel chevronn\u00e9, ces encres vous [&hellip;]<\/p>\n","protected":false},"featured_media":1710,"template":"","meta":{"_acf_changed":false},"product_brand":[],"product_cat":[181],"product_tag":[184,183,185],"class_list":{"0":"post-2042","1":"product","2":"type-product","3":"status-publish","4":"has-post-thumbnail","6":"product_cat-encre-de-tatouage","7":"product_tag-couleur","8":"product_tag-encre-de-tatouage","9":"product_tag-encre-dynamique-viking","11":"first","12":"outofstock","13":"taxable","14":"shipping-taxable","15":"purchasable","16":"product-type-simple"},"ams_default_variation_id":0,"ams_product_points_reward":[],"ams_product_discount_percentage":0,"ams_price_to_display":10,"ams_acf":[],"acf":[],"_links":{"self":[{"href":"https:\/\/inkskin.nl\/fr\/wp-json\/wp\/v2\/product\/2042","targetHints":{"allow":["GET"]}}],"collection":[{"href":"https:\/\/inkskin.nl\/fr\/wp-json\/wp\/v2\/product"}],"about":[{"href":"https:\/\/inkskin.nl\/fr\/wp-json\/wp\/v2\/types\/product"}],"version-history":[{"count":0,"href":"https:\/\/inkskin.nl\/fr\/wp-json\/wp\/v2\/product\/2042\/revisions"}],"wp:featuredmedia":[{"embeddable":true,"href":"https:\/\/inkskin.nl\/fr\/wp-json\/wp\/v2\/media\/1710"}],"wp:attachment":[{"href":"https:\/\/inkskin.nl\/fr\/wp-json\/wp\/v2\/media?parent=2042"}],"wp:term":[{"taxonomy":"product_brand","embeddable":true,"href":"https:\/\/inkskin.nl\/fr\/wp-json\/wp\/v2\/product_brand?post=2042"},{"taxonomy":"product_cat","embeddable":true,"href":"https:\/\/inkskin.nl\/fr\/wp-json\/wp\/v2\/product_cat?post=2042"},{"taxonomy":"product_tag","embeddable":true,"href":"https:\/\/inkskin.nl\/fr\/wp-json\/wp\/v2\/product_tag?post=2042"}],"curies":[{"name":"wp","href":"https:\/\/api.w.org\/{rel}","templated":true}]}}