{"id":2041,"date":"2024-03-27T09:51:45","date_gmt":"2024-03-27T09:51:45","guid":{"rendered":"https:\/\/inkskin.nl\/products\/encre-dynamic-viking-rouge-ecarlate-30ml\/"},"modified":"2024-03-27T09:51:45","modified_gmt":"2024-03-27T09:51:45","slug":"encre-dynamic-viking-rouge-ecarlate-30ml","status":"publish","type":"product","link":"https:\/\/inkskin.nl\/fr\/products\/encre-dynamic-viking-rouge-ecarlate-30ml\/","title":{"rendered":"Encre Dynamic Viking &#8211; Rouge \u00e9carlate 30ml"},"content":{"rendered":"<p>D\u00e9couvrez la magie de Dynamic colour et de Viking-ink, deux marques d&rsquo;encres de tatouage qui ont pris d&rsquo;assaut le monde des tatoueurs. Avec ces encres, vous avez la garantie d&rsquo;une qualit\u00e9 in\u00e9gal\u00e9e et de couleurs vives qui donneront vie \u00e0 votre tatouage.<\/p>\n<p>  Les formules et les pigments utilis\u00e9s pour ces encres sont de la plus haute qualit\u00e9 et r\u00e9pondent aux normes europ\u00e9ennes les plus strictes. Cela vous assure un tatouage s\u00fbr et durable qui restera beau pendant des ann\u00e9es.<\/p>\n<p>  Que vous soyez d\u00e9butant ou exp\u00e9riment\u00e9, Dynamic colour et Viking-ink vous permettent de lib\u00e9rer votre cr\u00e9ativit\u00e9. Les possibilit\u00e9s sont infinies gr\u00e2ce au large choix de couleurs et \u00e0 l&rsquo;excellente aptitude au m\u00e9lange.<\/p>\n<p>  Choisissez la qualit\u00e9, choisissez la couleur Dynamic et l&rsquo;encre Viking. Faites briller vos tatouages comme jamais auparavant.<\/p>\n<p><strong>Les couleurs Dynamic et l&rsquo;encre Viking peuvent-elles \u00eatre utilis\u00e9es sans danger pour les tatouages ?<\/strong><br \/>\n  Oui, Dynamic colour et Viking-ink respectent les normes europ\u00e9ennes les plus strictes et utilisent des formules et des pigments de la plus haute qualit\u00e9. Cela garantit que les encres peuvent \u00eatre utilis\u00e9es sans danger pour les tatouages.<\/p>\n<p><strong>Combien de temps les tatouages r\u00e9alis\u00e9s avec Dynamic colour et Viking-ink restent-ils beaux ?<\/strong><br \/>\n  Les tatouages r\u00e9alis\u00e9s avec Dynamic colour et Viking-ink restent beaux pendant des ann\u00e9es. Ces encres sont durables et de haute qualit\u00e9, garantissant des couleurs vives et durables.<\/p>\n<p><strong>Y a-t-il une large s\u00e9lection de couleurs disponibles avec Dynamic colour et Viking-ink ?<\/strong><br \/>\n  Oui, Dynamic colour et Viking-ink offrent un large choix de couleurs. Cela offre aux d\u00e9butants et aux artistes exp\u00e9riment\u00e9s de nombreuses possibilit\u00e9s de cr\u00e9ation. En outre, les encres ont une excellente miscibilit\u00e9, ce qui permet de multiplier les options de couleur.<\/p>\n","protected":false},"excerpt":{"rendered":"<p>D\u00e9couvrez la magie de Dynamic colour et de Viking-ink, deux marques d&rsquo;encres de tatouage qui ont pris d&rsquo;assaut le monde des tatoueurs. Avec ces encres, vous avez la garantie d&rsquo;une qualit\u00e9 in\u00e9gal\u00e9e et de couleurs vives qui donneront vie \u00e0 votre tatouage. Les formules et les pigments utilis\u00e9s pour ces encres sont de la plus [&hellip;]<\/p>\n","protected":false},"featured_media":1709,"template":"","meta":{"_acf_changed":false},"product_brand":[],"product_cat":[181],"product_tag":[184,183,185],"class_list":{"0":"post-2041","1":"product","2":"type-product","3":"status-publish","4":"has-post-thumbnail","6":"product_cat-encre-de-tatouage","7":"product_tag-couleur","8":"product_tag-encre-de-tatouage","9":"product_tag-encre-dynamique-viking","11":"first","12":"outofstock","13":"taxable","14":"shipping-taxable","15":"purchasable","16":"product-type-simple"},"ams_default_variation_id":0,"ams_product_points_reward":[],"ams_product_discount_percentage":0,"ams_price_to_display":10,"ams_acf":[],"acf":[],"_links":{"self":[{"href":"https:\/\/inkskin.nl\/fr\/wp-json\/wp\/v2\/product\/2041","targetHints":{"allow":["GET"]}}],"collection":[{"href":"https:\/\/inkskin.nl\/fr\/wp-json\/wp\/v2\/product"}],"about":[{"href":"https:\/\/inkskin.nl\/fr\/wp-json\/wp\/v2\/types\/product"}],"version-history":[{"count":0,"href":"https:\/\/inkskin.nl\/fr\/wp-json\/wp\/v2\/product\/2041\/revisions"}],"wp:featuredmedia":[{"embeddable":true,"href":"https:\/\/inkskin.nl\/fr\/wp-json\/wp\/v2\/media\/1709"}],"wp:attachment":[{"href":"https:\/\/inkskin.nl\/fr\/wp-json\/wp\/v2\/media?parent=2041"}],"wp:term":[{"taxonomy":"product_brand","embeddable":true,"href":"https:\/\/inkskin.nl\/fr\/wp-json\/wp\/v2\/product_brand?post=2041"},{"taxonomy":"product_cat","embeddable":true,"href":"https:\/\/inkskin.nl\/fr\/wp-json\/wp\/v2\/product_cat?post=2041"},{"taxonomy":"product_tag","embeddable":true,"href":"https:\/\/inkskin.nl\/fr\/wp-json\/wp\/v2\/product_tag?post=2041"}],"curies":[{"name":"wp","href":"https:\/\/api.w.org\/{rel}","templated":true}]}}