{"id":2040,"date":"2024-03-27T09:51:41","date_gmt":"2024-03-27T09:51:41","guid":{"rendered":"https:\/\/inkskin.nl\/products\/cordon-rca-emala-orange-pr1-b\/"},"modified":"2024-03-27T09:51:41","modified_gmt":"2024-03-27T09:51:41","slug":"cordon-rca-emala-orange-pr1-b","status":"publish","type":"product","link":"https:\/\/inkskin.nl\/fr\/products\/cordon-rca-emala-orange-pr1-b\/","title":{"rendered":"Cordon RCA Emala orange (PR1-B)"},"content":{"rendered":"<p>Vous \u00eates \u00e0 la recherche d&rsquo;un c\u00e2ble RCA de haute qualit\u00e9 et \u00e0 la mode ? Dans ce cas, le cordon RCA orange (PR1-B) d&rsquo;Emala est exactement ce qu&rsquo;il vous faut ! Ce c\u00e2ble RCA est fabriqu\u00e9 en silicone souple, ce qui le rend flexible et durable. D&rsquo;une longueur de 1,8 m\u00e8tre, ce c\u00e2ble offre suffisamment d&rsquo;espace pour connecter vos appareils. Son diam\u00e8tre ext\u00e9rieur de seulement 2,0 mm lui conf\u00e8re une allure \u00e9l\u00e9gante et raffin\u00e9e. Que vous souhaitiez connecter votre cha\u00eene st\u00e9r\u00e9o, votre t\u00e9l\u00e9vision ou votre console de jeux, ce c\u00e2ble RCA vous offre la solution id\u00e9ale. Choisissez le cordon RCA orange (PR1-B) d&rsquo;Emala et profitez d&rsquo;une transmission sonore de haute qualit\u00e9 et d&rsquo;un design attrayant !<\/p>\n<p><strong>Quels sont les avantages du cordon RCA orange d&rsquo;Emala (PR1-B) ?<\/strong><br \/>\n  Le cordon RCA orange (PR1-B) d&rsquo;Emala est fabriqu\u00e9 en silicone souple, ce qui en fait un c\u00e2ble flexible et durable. D&rsquo;une longueur de 1,8 m\u00e8tre, il offre suffisamment d&rsquo;espace pour connecter des appareils. Le diam\u00e8tre ext\u00e9rieur mince de seulement 2,0 mm conf\u00e8re au c\u00e2ble un aspect \u00e9l\u00e9gant.<\/p>\n<p><strong>Le cordon RCA orange (PR1-B) d&rsquo;Emala convient-il \u00e0 tous les appareils ?<\/strong><br \/>\n  Oui, ce c\u00e2ble RCA convient \u00e0 la connexion de divers appareils tels que les cha\u00eenes st\u00e9r\u00e9o, les t\u00e9l\u00e9viseurs et les consoles de jeu. Il constitue la solution id\u00e9ale pour connecter ces appareils.<\/p>\n<p><strong>Le cordon RCA orange (PR1-B) d&rsquo;Emala offre-t-il une bonne transmission du son ?<\/strong><br \/>\n  Oui, le cordon RCA orange (PR1-B) d&rsquo;Emala assure une transmission sonore de haute qualit\u00e9. Cela signifie que vous pouvez profiter d&rsquo;un son clair et de haute qualit\u00e9 lorsque vous utilisez ce c\u00e2ble RCA. De plus, le c\u00e2ble a un design accrocheur.<\/p>\n","protected":false},"excerpt":{"rendered":"<p>Vous \u00eates \u00e0 la recherche d&rsquo;un c\u00e2ble RCA de haute qualit\u00e9 et \u00e0 la mode ? Dans ce cas, le cordon RCA orange (PR1-B) d&rsquo;Emala est exactement ce qu&rsquo;il vous faut ! Ce c\u00e2ble RCA est fabriqu\u00e9 en silicone souple, ce qui le rend flexible et durable. D&rsquo;une longueur de 1,8 m\u00e8tre, ce c\u00e2ble offre [&hellip;]<\/p>\n","protected":false},"featured_media":1704,"template":"","meta":{"_acf_changed":false},"product_brand":[],"product_cat":[189],"product_tag":[190],"class_list":{"0":"post-2040","1":"product","2":"type-product","3":"status-publish","4":"has-post-thumbnail","6":"product_cat-machine-a-tatouer","7":"product_tag-machine-a-tatouer","9":"first","10":"instock","11":"taxable","12":"shipping-taxable","13":"purchasable","14":"product-type-simple"},"ams_default_variation_id":0,"ams_product_points_reward":[],"ams_product_discount_percentage":0,"ams_price_to_display":10,"ams_acf":[],"acf":[],"_links":{"self":[{"href":"https:\/\/inkskin.nl\/fr\/wp-json\/wp\/v2\/product\/2040","targetHints":{"allow":["GET"]}}],"collection":[{"href":"https:\/\/inkskin.nl\/fr\/wp-json\/wp\/v2\/product"}],"about":[{"href":"https:\/\/inkskin.nl\/fr\/wp-json\/wp\/v2\/types\/product"}],"version-history":[{"count":0,"href":"https:\/\/inkskin.nl\/fr\/wp-json\/wp\/v2\/product\/2040\/revisions"}],"wp:featuredmedia":[{"embeddable":true,"href":"https:\/\/inkskin.nl\/fr\/wp-json\/wp\/v2\/media\/1704"}],"wp:attachment":[{"href":"https:\/\/inkskin.nl\/fr\/wp-json\/wp\/v2\/media?parent=2040"}],"wp:term":[{"taxonomy":"product_brand","embeddable":true,"href":"https:\/\/inkskin.nl\/fr\/wp-json\/wp\/v2\/product_brand?post=2040"},{"taxonomy":"product_cat","embeddable":true,"href":"https:\/\/inkskin.nl\/fr\/wp-json\/wp\/v2\/product_cat?post=2040"},{"taxonomy":"product_tag","embeddable":true,"href":"https:\/\/inkskin.nl\/fr\/wp-json\/wp\/v2\/product_tag?post=2040"}],"curies":[{"name":"wp","href":"https:\/\/api.w.org\/{rel}","templated":true}]}}