{"id":2039,"date":"2024-03-27T09:51:44","date_gmt":"2024-03-27T09:51:44","guid":{"rendered":"https:\/\/inkskin.nl\/products\/encre-dynamic-viking-peau-30ml\/"},"modified":"2024-03-27T09:51:44","modified_gmt":"2024-03-27T09:51:44","slug":"encre-dynamic-viking-peau-30ml","status":"publish","type":"product","link":"https:\/\/inkskin.nl\/fr\/products\/encre-dynamic-viking-peau-30ml\/","title":{"rendered":"Encre Dynamic Viking &#8211; Peau 30ml"},"content":{"rendered":"<p>D\u00e9couvrez la magie de Dynamic colour et de Viking-ink, deux marques d&rsquo;encres de tatouage appr\u00e9ci\u00e9es des artistes du monde entier. Ces encres ont \u00e9t\u00e9 sp\u00e9cialement d\u00e9velopp\u00e9es \u00e0 l&rsquo;aide de formules avanc\u00e9es et de pigments de haute qualit\u00e9, ce qui leur permet de r\u00e9pondre aux normes europ\u00e9ennes les plus strictes et d&rsquo;offrir une qualit\u00e9 in\u00e9gal\u00e9e.<\/p>\n<p>  Que vous soyez un tatoueur professionnel ou simplement \u00e0 la recherche d&rsquo;un tatouage unique et vibrant, ces encres sont s\u00fbres de r\u00e9pondre \u00e0 toutes vos attentes. Cr\u00e9\u00e9e avec le souci du d\u00e9tail, la gamme de couleurs dynamiques et d&rsquo;encres Viking offre un large \u00e9ventail de couleurs \u00e9clatantes qui durent longtemps et ne s&rsquo;estompent pas.<\/p>\n<p>  En outre, cette encre est conforme aux directives REACH et de l&rsquo;UE, ce qui vous permet de profiter de votre nouvelle \u0153uvre d&rsquo;art en toute s\u00e9r\u00e9nit\u00e9. Choisissez la meilleure qualit\u00e9 et lib\u00e9rez votre cr\u00e9ativit\u00e9 avec les encres de tatouage Dynamic colour et Viking-ink.<\/p>\n<p><strong>Les encres de tatouage Dynamic colour et Viking-ink peuvent-elles \u00eatre utilis\u00e9es en toute s\u00e9curit\u00e9 ?<\/strong><br \/>\n  Oui, les deux marques r\u00e9pondent aux normes europ\u00e9ennes les plus strictes et sont conformes aux directives REACH et UE, ce qui signifie qu&rsquo;elles peuvent \u00eatre utilis\u00e9es en toute s\u00e9curit\u00e9.<\/p>\n<p><strong>Quelle est la dur\u00e9e de vie des couleurs vibrantes des encres de tatouage Dynamic colour et Viking-ink ?<\/strong><br \/>\n  Les encres sont sp\u00e9cialement con\u00e7ues avec des pigments de haute qualit\u00e9 et des formules avanc\u00e9es, ce qui permet aux couleurs de durer et de ne pas s&rsquo;estomper.<\/p>\n<p><strong>Les encres de tatouage Dynamic colour et Viking-ink conviennent-elles aux tatoueurs professionnels et aux particuliers \u00e0 la recherche d&rsquo;un tatouage unique ?<\/strong><br \/>\n  Oui, les deux marques conviennent aussi bien aux tatoueurs professionnels qu&rsquo;aux particuliers \u00e0 la recherche d&rsquo;un tatouage unique et vivant. La ligne offre une large gamme de couleurs pour r\u00e9pondre \u00e0 diff\u00e9rents besoins.<\/p>\n","protected":false},"excerpt":{"rendered":"<p>D\u00e9couvrez la magie de Dynamic colour et de Viking-ink, deux marques d&rsquo;encres de tatouage appr\u00e9ci\u00e9es des artistes du monde entier. Ces encres ont \u00e9t\u00e9 sp\u00e9cialement d\u00e9velopp\u00e9es \u00e0 l&rsquo;aide de formules avanc\u00e9es et de pigments de haute qualit\u00e9, ce qui leur permet de r\u00e9pondre aux normes europ\u00e9ennes les plus strictes et d&rsquo;offrir une qualit\u00e9 in\u00e9gal\u00e9e. Que [&hellip;]<\/p>\n","protected":false},"featured_media":1707,"template":"","meta":{"_acf_changed":false},"product_brand":[],"product_cat":[181],"product_tag":[184,183,185],"class_list":{"0":"post-2039","1":"product","2":"type-product","3":"status-publish","4":"has-post-thumbnail","6":"product_cat-encre-de-tatouage","7":"product_tag-couleur","8":"product_tag-encre-de-tatouage","9":"product_tag-encre-dynamique-viking","11":"first","12":"outofstock","13":"taxable","14":"shipping-taxable","15":"purchasable","16":"product-type-simple"},"ams_default_variation_id":0,"ams_product_points_reward":[],"ams_product_discount_percentage":0,"ams_price_to_display":10,"ams_acf":[],"acf":[],"_links":{"self":[{"href":"https:\/\/inkskin.nl\/fr\/wp-json\/wp\/v2\/product\/2039","targetHints":{"allow":["GET"]}}],"collection":[{"href":"https:\/\/inkskin.nl\/fr\/wp-json\/wp\/v2\/product"}],"about":[{"href":"https:\/\/inkskin.nl\/fr\/wp-json\/wp\/v2\/types\/product"}],"version-history":[{"count":0,"href":"https:\/\/inkskin.nl\/fr\/wp-json\/wp\/v2\/product\/2039\/revisions"}],"wp:featuredmedia":[{"embeddable":true,"href":"https:\/\/inkskin.nl\/fr\/wp-json\/wp\/v2\/media\/1707"}],"wp:attachment":[{"href":"https:\/\/inkskin.nl\/fr\/wp-json\/wp\/v2\/media?parent=2039"}],"wp:term":[{"taxonomy":"product_brand","embeddable":true,"href":"https:\/\/inkskin.nl\/fr\/wp-json\/wp\/v2\/product_brand?post=2039"},{"taxonomy":"product_cat","embeddable":true,"href":"https:\/\/inkskin.nl\/fr\/wp-json\/wp\/v2\/product_cat?post=2039"},{"taxonomy":"product_tag","embeddable":true,"href":"https:\/\/inkskin.nl\/fr\/wp-json\/wp\/v2\/product_tag?post=2039"}],"curies":[{"name":"wp","href":"https:\/\/api.w.org\/{rel}","templated":true}]}}