{"id":2038,"date":"2024-03-27T09:51:40","date_gmt":"2024-03-27T09:51:40","guid":{"rendered":"https:\/\/inkskin.nl\/products\/emalla-0603-rll\/"},"modified":"2024-03-27T09:51:40","modified_gmt":"2024-03-27T09:51:40","slug":"emalla-0603-rll","status":"publish","type":"product","link":"https:\/\/inkskin.nl\/fr\/products\/emalla-0603-rll\/","title":{"rendered":"Emalla 0603 RLL"},"content":{"rendered":"<p>Vous recherchez une machine \u00e0 tatouer r\u00e9pondant aux normes de qualit\u00e9 les plus strictes ? Dans ce cas, la cartouche Eliot d&rsquo;Emmalla est ce qu&rsquo;il vous faut ! Fabriqu\u00e9e dans un mat\u00e9riau de haute qualit\u00e9, cette machine \u00e0 tatouer offre une combinaison parfaite de fonctionnalit\u00e9 et de s\u00e9curit\u00e9.<\/p>\n<p>Les aiguilles de la cartouche Eliot d&rsquo;Emmalla sont fabriqu\u00e9es en acier inoxydable japonais import\u00e9, ce qui les rend tranchantes et pr\u00e9cises. En outre, ils sont dispos\u00e9s de mani\u00e8re ordonn\u00e9e, de sorte que vous obtenez toujours un r\u00e9sultat parfait.<\/p>\n<p>La coque de cette machine \u00e0 tatouer est fabriqu\u00e9e en PC de qualit\u00e9 m\u00e9dicale, ce qui offre une s\u00e9curit\u00e9 accrue par rapport au PVC. Le syst\u00e8me de membrane de la cartouche Emmalla Eliot est souple et flexible, ce qui vous permet de travailler confortablement. Le mat\u00e9riau de la membrane comporte \u00e9galement 4 barres \u00e9paisses pour une plus grande durabilit\u00e9.<\/p>\n<p>La cartouche Emmalla Eliot vous offre une grande capacit\u00e9 de stockage d&rsquo;encre et un flux d&rsquo;encre fluide et uniforme, sans jets d&rsquo;encre ni \u00e9claboussures. La barre en plastique de forme carr\u00e9e maintient les aiguilles stables et rend la machine \u00e0 tatouer encore plus stable.<\/p>\n<p>La s\u00e9curit\u00e9 est un aspect important du tatouage, c&rsquo;est pourquoi la cartouche Eliot d&rsquo;Emmalla est dot\u00e9e d&rsquo;une membrane de s\u00e9curit\u00e9 \u00e0 trois couches. Cela permet d&rsquo;\u00e9viter les reflux d&rsquo;encre et d&rsquo;assurer une protection optimale de votre machine \u00e0 tatouer.<\/p>\n<p>En outre, la cartouche Eliot d&rsquo;Emmalla est fabriqu\u00e9e avec pr\u00e9cision et 100% hygi\u00e9nique. Les cartouches sont st\u00e9rilis\u00e9es par gaz E.O., ce qui vous permet de travailler en toute s\u00e9curit\u00e9 et de mani\u00e8re hygi\u00e9nique.<\/p>\n<p>En r\u00e9sum\u00e9, la cartouche Eliot d&rsquo;Emmalla est la machine \u00e0 tatouer id\u00e9ale pour les professionnels qui ne se contentent que du meilleur. Gr\u00e2ce \u00e0 sa pr\u00e9cision, sa s\u00e9curit\u00e9 et son hygi\u00e8ne, vous avez la garantie d&rsquo;un excellent r\u00e9sultat pour chaque tatouage. Commandez d\u00e8s maintenant et faites-en l&rsquo;exp\u00e9rience par vous-m\u00eame !<\/p>\n<p><strong>Quel est le mat\u00e9riau utilis\u00e9 pour fabriquer les aiguilles de la cartouche Eliot d&rsquo;Emmalla ?<\/strong><br \/>\nLes aiguilles de la cartouche Eliot d&rsquo;Emmalla sont fabriqu\u00e9es en acier inoxydable japonais import\u00e9.<\/p>\n<p><strong>Quel est l&rsquo;avantage de la conception de la membrane de s\u00e9curit\u00e9 de la cartouche Emmalla Eliot ?<\/strong><br \/>\nLa membrane de s\u00e9curit\u00e9 \u00e0 trois couches emp\u00eache le reflux de l&rsquo;encre et assure une protection optimale de la machine \u00e0 tatouer.<\/p>\n<p><strong>Comment les cartouches Emmalla Eliot sont-elles st\u00e9rilis\u00e9es ?<\/strong><br \/>\nLes cartouches sont st\u00e9rilis\u00e9es par gaz E.O., ce qui les rend s\u00fbres et hygi\u00e9niques.<\/p>\n","protected":false},"excerpt":{"rendered":"<p>Vous recherchez une machine \u00e0 tatouer r\u00e9pondant aux normes de qualit\u00e9 les plus strictes ? Dans ce cas, la cartouche Eliot d&rsquo;Emmalla est ce qu&rsquo;il vous faut ! Fabriqu\u00e9e dans un mat\u00e9riau de haute qualit\u00e9, cette machine \u00e0 tatouer offre une combinaison parfaite de fonctionnalit\u00e9 et de s\u00e9curit\u00e9. Les aiguilles de la cartouche Eliot d&rsquo;Emmalla [&hellip;]<\/p>\n","protected":false},"featured_media":1893,"template":"","meta":{"_acf_changed":false},"product_brand":[],"product_cat":[160,161],"product_tag":[188,164,174,187],"class_list":{"0":"post-2038","1":"product","2":"type-product","3":"status-publish","4":"has-post-thumbnail","6":"product_cat-aiguilles-cartouche","7":"product_cat-cartouches-emalla","8":"product_tag-020-mm","9":"product_tag-cone-long-fr","10":"product_tag-doublure-ronde-fr","11":"product_tag-epaisseur-de-laiguille-06","13":"first","14":"instock","15":"taxable","16":"shipping-taxable","17":"purchasable","18":"product-type-simple"},"ams_default_variation_id":0,"ams_product_points_reward":[],"ams_product_discount_percentage":0,"ams_price_to_display":23.5,"ams_acf":[],"acf":[],"_links":{"self":[{"href":"https:\/\/inkskin.nl\/fr\/wp-json\/wp\/v2\/product\/2038","targetHints":{"allow":["GET"]}}],"collection":[{"href":"https:\/\/inkskin.nl\/fr\/wp-json\/wp\/v2\/product"}],"about":[{"href":"https:\/\/inkskin.nl\/fr\/wp-json\/wp\/v2\/types\/product"}],"version-history":[{"count":0,"href":"https:\/\/inkskin.nl\/fr\/wp-json\/wp\/v2\/product\/2038\/revisions"}],"wp:featuredmedia":[{"embeddable":true,"href":"https:\/\/inkskin.nl\/fr\/wp-json\/wp\/v2\/media\/1893"}],"wp:attachment":[{"href":"https:\/\/inkskin.nl\/fr\/wp-json\/wp\/v2\/media?parent=2038"}],"wp:term":[{"taxonomy":"product_brand","embeddable":true,"href":"https:\/\/inkskin.nl\/fr\/wp-json\/wp\/v2\/product_brand?post=2038"},{"taxonomy":"product_cat","embeddable":true,"href":"https:\/\/inkskin.nl\/fr\/wp-json\/wp\/v2\/product_cat?post=2038"},{"taxonomy":"product_tag","embeddable":true,"href":"https:\/\/inkskin.nl\/fr\/wp-json\/wp\/v2\/product_tag?post=2038"}],"curies":[{"name":"wp","href":"https:\/\/api.w.org\/{rel}","templated":true}]}}