{"id":2037,"date":"2024-03-27T09:51:44","date_gmt":"2024-03-27T09:51:44","guid":{"rendered":"https:\/\/inkskin.nl\/products\/encre-dynamic-viking-sedona-30ml\/"},"modified":"2024-03-27T09:51:44","modified_gmt":"2024-03-27T09:51:44","slug":"encre-dynamic-viking-sedona-30ml","status":"publish","type":"product","link":"https:\/\/inkskin.nl\/fr\/products\/encre-dynamic-viking-sedona-30ml\/","title":{"rendered":"Encre Dynamic Viking &#8211; Sedona 30ml"},"content":{"rendered":"<p>D\u00e9couvrez Dynamic Color et Viking-ink, les encres de tatouage pr\u00e9f\u00e9r\u00e9es des artistes du monde entier. Gr\u00e2ce \u00e0 leurs formules et pigments uniques, ces encres offrent une qualit\u00e9 in\u00e9gal\u00e9e qui d\u00e9passe m\u00eame les normes europ\u00e9ennes les plus strictes. Que vous soyez un tatoueur novice ou un professionnel exp\u00e9riment\u00e9, ces encres vous surprendront \u00e0 coup s\u00fbr.<\/p>\n<p>  Dynamic Color et Viking-ink s&rsquo;engagent \u00e0 respecter les directives REACH et de l&rsquo;UE, afin que vous puissiez profiter de vos tatouages en toute s\u00e9r\u00e9nit\u00e9. Les couleurs sont vibrantes et dynamiques et donnent vie \u00e0 votre tatouage.<\/p>\n<p>  Choisissez la meilleure qualit\u00e9 et faites confiance \u00e0 Dynamic Color et Viking-ink pour toutes vos encres de tatouage. La fiabilit\u00e9 et la qualit\u00e9 sup\u00e9rieure sont primordiales. Lib\u00e9rez votre cr\u00e9ativit\u00e9 et cr\u00e9ez de magnifiques \u0153uvres d&rsquo;art qui dureront toute une vie.<\/p>\n<p><strong>Qu&rsquo;est-ce que la couleur dynamique et l&rsquo;encre Viking ?<\/strong><br \/>\n  Dynamic Color et Viking-ink sont des encres de tatouage appr\u00e9ci\u00e9es par les artistes du monde entier. Ils proposent des formules et des pigments uniques qui offrent une qualit\u00e9 in\u00e9gal\u00e9e et r\u00e9pondent aux normes europ\u00e9ennes les plus strictes.<\/p>\n<p><strong>Pourquoi les artistes pr\u00e9f\u00e8rent-ils Dynamic Color et Viking-ink ?<\/strong><br \/>\n  Dynamic Color et Viking-ink sont r\u00e9put\u00e9s pour leurs couleurs vives et dynamiques, qui donnent vie aux tatouages. Ils offrent \u00e9galement une qualit\u00e9 fiable et sup\u00e9rieure, conforme aux directives REACH et de l&rsquo;UE, ce qui garantit la tranquillit\u00e9 d&rsquo;esprit des amateurs de tatouage.<\/p>\n<p><strong>Dynamic Color et Viking-ink conviennent-ils aux d\u00e9butants et aux professionnels ?<\/strong><br \/>\n  Oui, les d\u00e9butants comme les professionnels exp\u00e9riment\u00e9s peuvent profiter de la qualit\u00e9 et de la fiabilit\u00e9 de Dynamic Color et de Viking-ink. Que vous d\u00e9butiez dans le tatouage ou que vous ayez des ann\u00e9es d&rsquo;exp\u00e9rience, ces encres ne manqueront pas de vous surprendre et peuvent \u00eatre utilis\u00e9es pour cr\u00e9er de magnifiques \u0153uvres d&rsquo;art qui dureront toute une vie.<\/p>\n","protected":false},"excerpt":{"rendered":"<p>D\u00e9couvrez Dynamic Color et Viking-ink, les encres de tatouage pr\u00e9f\u00e9r\u00e9es des artistes du monde entier. Gr\u00e2ce \u00e0 leurs formules et pigments uniques, ces encres offrent une qualit\u00e9 in\u00e9gal\u00e9e qui d\u00e9passe m\u00eame les normes europ\u00e9ennes les plus strictes. Que vous soyez un tatoueur novice ou un professionnel exp\u00e9riment\u00e9, ces encres vous surprendront \u00e0 coup s\u00fbr. Dynamic [&hellip;]<\/p>\n","protected":false},"featured_media":1708,"template":"","meta":{"_acf_changed":false},"product_brand":[],"product_cat":[34],"product_tag":[49,35,51],"class_list":{"0":"post-2037","1":"product","2":"type-product","3":"status-publish","4":"has-post-thumbnail","6":"product_cat-tattoo-inkt","7":"product_tag-kleur","8":"product_tag-tattoo-inkt","9":"product_tag-dynamic-viking-ink","11":"first","12":"outofstock","13":"taxable","14":"shipping-taxable","15":"purchasable","16":"product-type-simple"},"ams_default_variation_id":0,"ams_product_points_reward":[],"ams_product_discount_percentage":0,"ams_price_to_display":10,"ams_acf":[],"acf":[],"_links":{"self":[{"href":"https:\/\/inkskin.nl\/fr\/wp-json\/wp\/v2\/product\/2037","targetHints":{"allow":["GET"]}}],"collection":[{"href":"https:\/\/inkskin.nl\/fr\/wp-json\/wp\/v2\/product"}],"about":[{"href":"https:\/\/inkskin.nl\/fr\/wp-json\/wp\/v2\/types\/product"}],"version-history":[{"count":0,"href":"https:\/\/inkskin.nl\/fr\/wp-json\/wp\/v2\/product\/2037\/revisions"}],"wp:featuredmedia":[{"embeddable":true,"href":"https:\/\/inkskin.nl\/fr\/wp-json\/wp\/v2\/media\/1708"}],"wp:attachment":[{"href":"https:\/\/inkskin.nl\/fr\/wp-json\/wp\/v2\/media?parent=2037"}],"wp:term":[{"taxonomy":"product_brand","embeddable":true,"href":"https:\/\/inkskin.nl\/fr\/wp-json\/wp\/v2\/product_brand?post=2037"},{"taxonomy":"product_cat","embeddable":true,"href":"https:\/\/inkskin.nl\/fr\/wp-json\/wp\/v2\/product_cat?post=2037"},{"taxonomy":"product_tag","embeddable":true,"href":"https:\/\/inkskin.nl\/fr\/wp-json\/wp\/v2\/product_tag?post=2037"}],"curies":[{"name":"wp","href":"https:\/\/api.w.org\/{rel}","templated":true}]}}