{"id":2036,"date":"2024-03-27T09:51:39","date_gmt":"2024-03-27T09:51:39","guid":{"rendered":"https:\/\/inkskin.nl\/products\/emalla-0805-rll\/"},"modified":"2024-03-27T09:51:39","modified_gmt":"2024-03-27T09:51:39","slug":"emalla-0805-rll","status":"publish","type":"product","link":"https:\/\/inkskin.nl\/fr\/products\/emalla-0805-rll\/","title":{"rendered":"Emalla 0805 RLL"},"content":{"rendered":"<p>Vous \u00eates \u00e0 la recherche d&rsquo;une machine \u00e0 tatouer de haute qualit\u00e9 ? Les cartouches Emmalla Eliot sont faites pour vous ! Cette machine est fabriqu\u00e9e en acier inoxydable japonais import\u00e9, ce qui garantit des pointes d&rsquo;aiguille bien aiguis\u00e9es et une disposition soign\u00e9e. La coque est fabriqu\u00e9e en PC m\u00e9dical, un mat\u00e9riau encore plus s\u00fbr que le PVC.<\/p>\n<p>  Les cartouches Emmalla Eliot utilisent un syst\u00e8me de membrane, offrant une flexibilit\u00e9 douce et forte. Le mat\u00e9riau de la membrane comporte 4 barres \u00e9paisses, ce qui accro\u00eet la durabilit\u00e9. Il dispose \u00e9galement d&rsquo;une grande capacit\u00e9 de stockage d&rsquo;encre, ce qui garantit un flux d&rsquo;encre r\u00e9gulier et uniforme sans jets d&rsquo;encre ni \u00e9claboussures.<\/p>\n<p>  Les cartouches Emmalla Eliot sont \u00e9galement dot\u00e9es d&rsquo;une membrane de s\u00e9curit\u00e9 \u00e0 trois couches, qui emp\u00eache l&rsquo;encre de refluer et prot\u00e8ge mieux votre machine \u00e0 tatouer. De plus, cette machine est fabriqu\u00e9e de mani\u00e8re pr\u00e9cise et 100% hygi\u00e9nique, st\u00e9rilis\u00e9e par gaz E.O.. Avec une \u00e9paisseur d&rsquo;aiguille de 0,25 mm et un long c\u00f4ne, elle est parfaite pour cr\u00e9er de magnifiques tatouages Round Liner. Choisissez la qualit\u00e9 et optez pour les cartouches Emmalla Eliot !<\/p>\n<p><strong>Quel est l&rsquo;avantage d&rsquo;utiliser de l&rsquo;acier inoxydable japonais import\u00e9 pour les cartouches Emmalla Eliot ?<\/strong><br \/>\n  L&rsquo;utilisation d&rsquo;acier inoxydable japonais import\u00e9 garantit des pointes d&rsquo;aiguille tranchantes et une disposition nette, ce qui conf\u00e8re \u00e0 la machine \u00e0 tatouer une grande qualit\u00e9.<\/p>\n<p><strong>Quel est l&rsquo;avantage du syst\u00e8me de membrane des cartouches Emmalla Eliot ?<\/strong><br \/>\n  Le syst\u00e8me de membrane offre une flexibilit\u00e9 douce et forte, et le mat\u00e9riau de la membrane avec 4 barres \u00e9paisses offre une plus grande durabilit\u00e9.<\/p>\n<p><strong>Quels sont les avantages de la membrane de s\u00e9curit\u00e9 \u00e0 trois couches des cartouches Emmalla Eliot ?<\/strong><br \/>\n  La membrane de s\u00e9curit\u00e9 \u00e0 trois couches emp\u00eache le reflux de l&rsquo;encre et prot\u00e8ge mieux votre machine \u00e0 tatouer. En outre, il est fabriqu\u00e9 et st\u00e9rilis\u00e9 par E.O. Gas de mani\u00e8re pr\u00e9cise et 100 % hygi\u00e9nique.<\/p>\n","protected":false},"excerpt":{"rendered":"<p>Vous \u00eates \u00e0 la recherche d&rsquo;une machine \u00e0 tatouer de haute qualit\u00e9 ? Les cartouches Emmalla Eliot sont faites pour vous ! Cette machine est fabriqu\u00e9e en acier inoxydable japonais import\u00e9, ce qui garantit des pointes d&rsquo;aiguille bien aiguis\u00e9es et une disposition soign\u00e9e. La coque est fabriqu\u00e9e en PC m\u00e9dical, un mat\u00e9riau encore plus s\u00fbr [&hellip;]<\/p>\n","protected":false},"featured_media":1893,"template":"","meta":{"_acf_changed":false},"product_brand":[],"product_cat":[160,161],"product_tag":[180,164,174,179],"class_list":{"0":"post-2036","1":"product","2":"type-product","3":"status-publish","4":"has-post-thumbnail","6":"product_cat-aiguilles-cartouche","7":"product_cat-cartouches-emalla","8":"product_tag-025-mm","9":"product_tag-cone-long-fr","10":"product_tag-doublure-ronde-fr","11":"product_tag-epaisseur-de-laiguille-08","13":"first","14":"instock","15":"taxable","16":"shipping-taxable","17":"purchasable","18":"product-type-simple"},"ams_default_variation_id":0,"ams_product_points_reward":[],"ams_product_discount_percentage":0,"ams_price_to_display":23.5,"ams_acf":[],"acf":[],"_links":{"self":[{"href":"https:\/\/inkskin.nl\/fr\/wp-json\/wp\/v2\/product\/2036","targetHints":{"allow":["GET"]}}],"collection":[{"href":"https:\/\/inkskin.nl\/fr\/wp-json\/wp\/v2\/product"}],"about":[{"href":"https:\/\/inkskin.nl\/fr\/wp-json\/wp\/v2\/types\/product"}],"version-history":[{"count":0,"href":"https:\/\/inkskin.nl\/fr\/wp-json\/wp\/v2\/product\/2036\/revisions"}],"wp:featuredmedia":[{"embeddable":true,"href":"https:\/\/inkskin.nl\/fr\/wp-json\/wp\/v2\/media\/1893"}],"wp:attachment":[{"href":"https:\/\/inkskin.nl\/fr\/wp-json\/wp\/v2\/media?parent=2036"}],"wp:term":[{"taxonomy":"product_brand","embeddable":true,"href":"https:\/\/inkskin.nl\/fr\/wp-json\/wp\/v2\/product_brand?post=2036"},{"taxonomy":"product_cat","embeddable":true,"href":"https:\/\/inkskin.nl\/fr\/wp-json\/wp\/v2\/product_cat?post=2036"},{"taxonomy":"product_tag","embeddable":true,"href":"https:\/\/inkskin.nl\/fr\/wp-json\/wp\/v2\/product_tag?post=2036"}],"curies":[{"name":"wp","href":"https:\/\/api.w.org\/{rel}","templated":true}]}}