{"id":2035,"date":"2024-03-27T09:51:39","date_gmt":"2024-03-27T09:51:39","guid":{"rendered":"https:\/\/inkskin.nl\/products\/emalla-0803-rll\/"},"modified":"2024-03-27T09:51:39","modified_gmt":"2024-03-27T09:51:39","slug":"emalla-0803-rll","status":"publish","type":"product","link":"https:\/\/inkskin.nl\/fr\/products\/emalla-0803-rll\/","title":{"rendered":"Emalla 0803 RLL"},"content":{"rendered":"<p>Vous recherchez une aiguille de tatouage de qualit\u00e9 sup\u00e9rieure ? Ne cherchez pas plus loin ! Avec les cartouches Emmalla Eliot, vous avez la garantie d&rsquo;une exp\u00e9rience de tatouage exceptionnelle. Ces aiguilles sont fabriqu\u00e9es en acier inoxydable de haute qualit\u00e9 provenant du Japon, avec des pointes d&rsquo;aiguille bien dispos\u00e9es. La coque est fabriqu\u00e9e en PC de qualit\u00e9 m\u00e9dicale, plus s\u00fbr que le PVC.  <\/p>\n<p>  Gr\u00e2ce au syst\u00e8me de membrane, ces aiguilles sont souples et tr\u00e8s flexibles. Le mat\u00e9riau de la membrane comporte 4 barres \u00e9paisses pour une plus grande durabilit\u00e9. Avec une grande capacit\u00e9 de stockage d&rsquo;encre et un flux d&rsquo;encre fluide et uniforme, vous n&rsquo;aurez pas \u00e0 vous soucier des jets d&rsquo;encre et des \u00e9claboussures.  <\/p>\n<p>  La barre en plastique de forme carr\u00e9e assure la stabilit\u00e9 des aiguilles et l&rsquo;aiguille elle-m\u00eame est plus stable. En outre, la membrane de s\u00e9curit\u00e9 \u00e0 trois couches est con\u00e7ue pour emp\u00eacher le reflux de l&rsquo;encre, ce qui permet de mieux prot\u00e9ger votre machine \u00e0 tatouer.  <\/p>\n<p>  Les cartouches Emmalla Eliot sont fabriqu\u00e9es avec pr\u00e9cision et 100% hygi\u00e9niques. Ils sont st\u00e9rilis\u00e9s au gaz E.O. pour une s\u00e9curit\u00e9 optimale. Avec un long c\u00f4ne et une \u00e9paisseur d&rsquo;aiguille de 0,25 mm, ces aiguilles sont parfaites pour les lignes rondes. N&rsquo;attendez plus et d\u00e9couvrez la qualit\u00e9 des cartouches Emmalla Eliot !<\/p>\n<p><strong>Les cartouches Emmalla Eliot conviennent-elles \u00e0 toutes les machines \u00e0 tatouer ?<\/strong><br \/>\n  Oui, les cartouches Emmalla Eliot sont compatibles avec la plupart des machines \u00e0 tatouer du march\u00e9.<\/p>\n<p><strong>Quelle est la dur\u00e9e de vie d&rsquo;une cartouche Emmalla Eliot avant qu&rsquo;elle ne doive \u00eatre remplac\u00e9e ?<\/strong><br \/>\n  Cela d\u00e9pend de plusieurs facteurs, tels que la technique du tatoueur et la taille du tatouage, mais en g\u00e9n\u00e9ral, les cartouches Emmalla Eliot durent longtemps et peuvent \u00eatre utilis\u00e9es pendant plusieurs s\u00e9ances avant de devoir \u00eatre remplac\u00e9es.<\/p>\n<p><strong>Comment puis-je \u00eatre s\u00fbr que les cartouches Emmalla Eliot peuvent \u00eatre utilis\u00e9es en toute s\u00e9curit\u00e9 ?<\/strong><br \/>\n  Les cartouches Emmalla Eliot sont fabriqu\u00e9es en acier inoxydable de haute qualit\u00e9 en provenance du Japon et sont st\u00e9rilis\u00e9es au gaz E.O. pour une s\u00e9curit\u00e9 optimale. En outre, la coque est fabriqu\u00e9e en PC de qualit\u00e9 m\u00e9dicale, plus s\u00fbr que le PVC. Ces aiguilles r\u00e9pondent \u00e0 des normes de qualit\u00e9 \u00e9lev\u00e9es et \u00e0 des r\u00e8gles d&rsquo;hygi\u00e8ne pour garantir une exp\u00e9rience de tatouage s\u00fbre.<\/p>\n","protected":false},"excerpt":{"rendered":"<p>Vous recherchez une aiguille de tatouage de qualit\u00e9 sup\u00e9rieure ? Ne cherchez pas plus loin ! Avec les cartouches Emmalla Eliot, vous avez la garantie d&rsquo;une exp\u00e9rience de tatouage exceptionnelle. Ces aiguilles sont fabriqu\u00e9es en acier inoxydable de haute qualit\u00e9 provenant du Japon, avec des pointes d&rsquo;aiguille bien dispos\u00e9es. La coque est fabriqu\u00e9e en PC [&hellip;]<\/p>\n","protected":false},"featured_media":1893,"template":"","meta":{"_acf_changed":false},"product_brand":[],"product_cat":[160,161],"product_tag":[180,164,174,179],"class_list":{"0":"post-2035","1":"product","2":"type-product","3":"status-publish","4":"has-post-thumbnail","6":"product_cat-aiguilles-cartouche","7":"product_cat-cartouches-emalla","8":"product_tag-025-mm","9":"product_tag-cone-long-fr","10":"product_tag-doublure-ronde-fr","11":"product_tag-epaisseur-de-laiguille-08","13":"first","14":"instock","15":"taxable","16":"shipping-taxable","17":"purchasable","18":"product-type-simple"},"ams_default_variation_id":0,"ams_product_points_reward":[],"ams_product_discount_percentage":0,"ams_price_to_display":23.5,"ams_acf":[],"acf":[],"_links":{"self":[{"href":"https:\/\/inkskin.nl\/fr\/wp-json\/wp\/v2\/product\/2035","targetHints":{"allow":["GET"]}}],"collection":[{"href":"https:\/\/inkskin.nl\/fr\/wp-json\/wp\/v2\/product"}],"about":[{"href":"https:\/\/inkskin.nl\/fr\/wp-json\/wp\/v2\/types\/product"}],"version-history":[{"count":0,"href":"https:\/\/inkskin.nl\/fr\/wp-json\/wp\/v2\/product\/2035\/revisions"}],"wp:featuredmedia":[{"embeddable":true,"href":"https:\/\/inkskin.nl\/fr\/wp-json\/wp\/v2\/media\/1893"}],"wp:attachment":[{"href":"https:\/\/inkskin.nl\/fr\/wp-json\/wp\/v2\/media?parent=2035"}],"wp:term":[{"taxonomy":"product_brand","embeddable":true,"href":"https:\/\/inkskin.nl\/fr\/wp-json\/wp\/v2\/product_brand?post=2035"},{"taxonomy":"product_cat","embeddable":true,"href":"https:\/\/inkskin.nl\/fr\/wp-json\/wp\/v2\/product_cat?post=2035"},{"taxonomy":"product_tag","embeddable":true,"href":"https:\/\/inkskin.nl\/fr\/wp-json\/wp\/v2\/product_tag?post=2035"}],"curies":[{"name":"wp","href":"https:\/\/api.w.org\/{rel}","templated":true}]}}