{"id":2034,"date":"2024-03-27T09:51:43","date_gmt":"2024-03-27T09:51:43","guid":{"rendered":"https:\/\/inkskin.nl\/products\/encre-dynamic-viking-jaune-tournesol-30ml\/"},"modified":"2024-03-27T09:51:43","modified_gmt":"2024-03-27T09:51:43","slug":"encre-dynamic-viking-jaune-tournesol-30ml","status":"publish","type":"product","link":"https:\/\/inkskin.nl\/fr\/products\/encre-dynamic-viking-jaune-tournesol-30ml\/","title":{"rendered":"Encre Dynamic Viking &#8211; Jaune tournesol 30ml"},"content":{"rendered":"<p>D\u00e9couvrez d\u00e8s maintenant le produit r\u00e9volutionnaire Dynamic colour Viking-ink ! Cette encre de tatouage est l&rsquo;une des pr\u00e9f\u00e9r\u00e9es des artistes du monde entier. Gr\u00e2ce aux formules et aux pigments utilis\u00e9s, qui d\u00e9passent les normes europ\u00e9ennes les plus strictes, cette ligne d&rsquo;encrage offre une qualit\u00e9 in\u00e9gal\u00e9e.  <\/p>\n<p>  Avec l&rsquo;encre couleur dynamique Viking, vous avez la garantie de couleurs vives et dynamiques qui restent belles pendant longtemps. Que vous soyez un professionnel exp\u00e9riment\u00e9 ou un tatoueur d\u00e9butant, cette encre convient \u00e0 tous. En outre, l&rsquo;encre Dynamic colour Viking-ink est conforme aux directives REACH et UE, ce qui vous permet d&rsquo;avoir l&rsquo;esprit tranquille.<\/p>\n<p>  Optez pour la qualit\u00e9 et lib\u00e9rez votre cr\u00e9ativit\u00e9 avec l&rsquo;encre Dynamic colour Viking. Impressionnez vos clients et cr\u00e9ez de magnifiques \u0153uvres d&rsquo;art qui dureront toute une vie. Commandez d\u00e8s aujourd&rsquo;hui et d\u00e9couvrez par vous-m\u00eame pourquoi cette ligne d&rsquo;encrage est appr\u00e9ci\u00e9e par les professionnels du monde entier.<\/p>\n<p><strong>L&rsquo;encre Dynamic colour Viking est-elle conforme aux normes et directives europ\u00e9ennes ?<\/strong><br \/>\n  Oui, l&rsquo;encre Dynamic colour Viking est conforme aux normes et directives europ\u00e9ennes les plus strictes, y compris les directives REACH et UE.<\/p>\n<p><strong>Les couleurs de l&rsquo;encre Dynamic colour Viking durent-elles ?<\/strong><br \/>\n  Oui, l&rsquo;encre Dynamic colour Viking-ink offre des couleurs vibrantes et dynamiques qui durent longtemps.<\/p>\n<p><strong>L&rsquo;encre Dynamic colour Viking-ink convient-elle aux professionnels exp\u00e9riment\u00e9s comme aux tatoueurs d\u00e9butants ?<\/strong><br \/>\n  Oui, l&rsquo;encre Dynamic colour Viking-ink convient aussi bien aux professionnels exp\u00e9riment\u00e9s qu&rsquo;aux tatoueurs d\u00e9butants.<\/p>\n","protected":false},"excerpt":{"rendered":"<p>D\u00e9couvrez d\u00e8s maintenant le produit r\u00e9volutionnaire Dynamic colour Viking-ink ! Cette encre de tatouage est l&rsquo;une des pr\u00e9f\u00e9r\u00e9es des artistes du monde entier. Gr\u00e2ce aux formules et aux pigments utilis\u00e9s, qui d\u00e9passent les normes europ\u00e9ennes les plus strictes, cette ligne d&rsquo;encrage offre une qualit\u00e9 in\u00e9gal\u00e9e. Avec l&rsquo;encre couleur dynamique Viking, vous avez la garantie de [&hellip;]<\/p>\n","protected":false},"featured_media":1706,"template":"","meta":{"_acf_changed":false},"product_brand":[],"product_cat":[181],"product_tag":[184,183,185],"class_list":{"0":"post-2034","1":"product","2":"type-product","3":"status-publish","4":"has-post-thumbnail","6":"product_cat-encre-de-tatouage","7":"product_tag-couleur","8":"product_tag-encre-de-tatouage","9":"product_tag-encre-dynamique-viking","11":"first","12":"outofstock","13":"taxable","14":"shipping-taxable","15":"purchasable","16":"product-type-simple"},"ams_default_variation_id":0,"ams_product_points_reward":[],"ams_product_discount_percentage":0,"ams_price_to_display":10,"ams_acf":[],"acf":[],"_links":{"self":[{"href":"https:\/\/inkskin.nl\/fr\/wp-json\/wp\/v2\/product\/2034","targetHints":{"allow":["GET"]}}],"collection":[{"href":"https:\/\/inkskin.nl\/fr\/wp-json\/wp\/v2\/product"}],"about":[{"href":"https:\/\/inkskin.nl\/fr\/wp-json\/wp\/v2\/types\/product"}],"version-history":[{"count":0,"href":"https:\/\/inkskin.nl\/fr\/wp-json\/wp\/v2\/product\/2034\/revisions"}],"wp:featuredmedia":[{"embeddable":true,"href":"https:\/\/inkskin.nl\/fr\/wp-json\/wp\/v2\/media\/1706"}],"wp:attachment":[{"href":"https:\/\/inkskin.nl\/fr\/wp-json\/wp\/v2\/media?parent=2034"}],"wp:term":[{"taxonomy":"product_brand","embeddable":true,"href":"https:\/\/inkskin.nl\/fr\/wp-json\/wp\/v2\/product_brand?post=2034"},{"taxonomy":"product_cat","embeddable":true,"href":"https:\/\/inkskin.nl\/fr\/wp-json\/wp\/v2\/product_cat?post=2034"},{"taxonomy":"product_tag","embeddable":true,"href":"https:\/\/inkskin.nl\/fr\/wp-json\/wp\/v2\/product_tag?post=2034"}],"curies":[{"name":"wp","href":"https:\/\/api.w.org\/{rel}","templated":true}]}}