{"id":2033,"date":"2024-03-27T09:51:38","date_gmt":"2024-03-27T09:51:38","guid":{"rendered":"https:\/\/inkskin.nl\/products\/emalla-0807-rll\/"},"modified":"2024-03-27T09:51:38","modified_gmt":"2024-03-27T09:51:38","slug":"emalla-0807-rll","status":"publish","type":"product","link":"https:\/\/inkskin.nl\/fr\/products\/emalla-0807-rll\/","title":{"rendered":"Emalla 0807 RLL"},"content":{"rendered":"<p>Vous \u00eates \u00e0 la recherche d&rsquo;une machine \u00e0 tatouer de qualit\u00e9 sup\u00e9rieure ? Dans ce cas, les cartouches Emmalla Eliot sont exactement ce qu&rsquo;il vous faut ! Gr\u00e2ce aux aiguilles japonaises import\u00e9es en acier inoxydable de haute qualit\u00e9 et aux pointes d&rsquo;aiguille ac\u00e9r\u00e9es, vous avez la garantie d&rsquo;un tatouage pr\u00e9cis et soign\u00e9. Le mat\u00e9riau de la coque de qualit\u00e9 m\u00e9dicale offre une s\u00e9curit\u00e9 suppl\u00e9mentaire, tandis que le syst\u00e8me de membrane garantit une exp\u00e9rience souple et flexible. Avec une grande capacit\u00e9 de stockage d&rsquo;encre et un flux d&rsquo;encre fluide et uniforme, vous n&rsquo;aurez pas \u00e0 vous soucier des jets d&rsquo;encre et des \u00e9claboussures. La barre en plastique de forme carr\u00e9e maintient les aiguilles en place et les rend plus stables. La membrane de s\u00e9curit\u00e9 \u00e0 trois couches emp\u00eache le reflux de l&rsquo;encre, ce qui permet de mieux prot\u00e9ger votre machine \u00e0 tatouer. De plus, les cartouches Emmalla Eliot sont fabriqu\u00e9es avec pr\u00e9cision et 100% hygi\u00e9niques, st\u00e9rilis\u00e9es au gaz E.O.. Optez pour la qualit\u00e9 et la pr\u00e9cision avec les cartouches Emmalla Eliot !<\/p>\n<p><strong>Quels sont les avantages des cartouches Emmalla Eliot par rapport aux autres machines \u00e0 tatouer ?<\/strong><br \/>\n  Les cartouches Emmalla Eliot offrent un large \u00e9ventail d&rsquo;avantages, notamment des aiguilles japonaises en acier inoxydable import\u00e9es de haute qualit\u00e9, une exp\u00e9rience douce et flexible gr\u00e2ce au syst\u00e8me de membrane, une grande capacit\u00e9 de stockage d&rsquo;encre et un flux d&rsquo;encre fluide et uniforme. En outre, le mat\u00e9riau de la coque de qualit\u00e9 m\u00e9dicale offre une s\u00e9curit\u00e9 suppl\u00e9mentaire et la conception de la membrane de s\u00e9curit\u00e9 \u00e0 trois couches emp\u00eache le reflux de l&rsquo;encre, prot\u00e9geant ainsi mieux la machine \u00e0 tatouer.<\/p>\n<p><strong>Les cartouches Emmalla Eliot sont-elles s\u00fbres et hygi\u00e9niques ?<\/strong><br \/>\n  Oui, les cartouches Emmalla Eliot sont fabriqu\u00e9es avec pr\u00e9cision et 100% hygi\u00e9niques. Ils sont st\u00e9rilis\u00e9s par gaz E.O., ce qui garantit un environnement de travail s\u00fbr et propre pendant le tatouage.<\/p>\n<p><strong>Les cartouches Emmalla Eliot conviennent-elles aux tatoueurs d\u00e9butants et exp\u00e9riment\u00e9s ?<\/strong><br \/>\n  Oui, les cartouches Emmalla Eliot conviennent aussi bien aux d\u00e9butants qu&rsquo;aux tatoueurs exp\u00e9riment\u00e9s. Gr\u00e2ce \u00e0 sa qualit\u00e9 et \u00e0 sa pr\u00e9cision, les d\u00e9butants comme les artistes exp\u00e9riment\u00e9s peuvent cr\u00e9er un tatouage pr\u00e9cis et soign\u00e9 avec cette machine \u00e0 tatouer de qualit\u00e9 sup\u00e9rieure.<\/p>\n","protected":false},"excerpt":{"rendered":"<p>Vous \u00eates \u00e0 la recherche d&rsquo;une machine \u00e0 tatouer de qualit\u00e9 sup\u00e9rieure ? Dans ce cas, les cartouches Emmalla Eliot sont exactement ce qu&rsquo;il vous faut ! Gr\u00e2ce aux aiguilles japonaises import\u00e9es en acier inoxydable de haute qualit\u00e9 et aux pointes d&rsquo;aiguille ac\u00e9r\u00e9es, vous avez la garantie d&rsquo;un tatouage pr\u00e9cis et soign\u00e9. Le mat\u00e9riau de [&hellip;]<\/p>\n","protected":false},"featured_media":1893,"template":"","meta":{"_acf_changed":false},"product_brand":[],"product_cat":[160,161],"product_tag":[180,164,174,179],"class_list":{"0":"post-2033","1":"product","2":"type-product","3":"status-publish","4":"has-post-thumbnail","6":"product_cat-aiguilles-cartouche","7":"product_cat-cartouches-emalla","8":"product_tag-025-mm","9":"product_tag-cone-long-fr","10":"product_tag-doublure-ronde-fr","11":"product_tag-epaisseur-de-laiguille-08","13":"first","14":"instock","15":"taxable","16":"shipping-taxable","17":"purchasable","18":"product-type-simple"},"ams_default_variation_id":0,"ams_product_points_reward":[],"ams_product_discount_percentage":0,"ams_price_to_display":23.5,"ams_acf":[],"acf":[],"_links":{"self":[{"href":"https:\/\/inkskin.nl\/fr\/wp-json\/wp\/v2\/product\/2033","targetHints":{"allow":["GET"]}}],"collection":[{"href":"https:\/\/inkskin.nl\/fr\/wp-json\/wp\/v2\/product"}],"about":[{"href":"https:\/\/inkskin.nl\/fr\/wp-json\/wp\/v2\/types\/product"}],"version-history":[{"count":0,"href":"https:\/\/inkskin.nl\/fr\/wp-json\/wp\/v2\/product\/2033\/revisions"}],"wp:featuredmedia":[{"embeddable":true,"href":"https:\/\/inkskin.nl\/fr\/wp-json\/wp\/v2\/media\/1893"}],"wp:attachment":[{"href":"https:\/\/inkskin.nl\/fr\/wp-json\/wp\/v2\/media?parent=2033"}],"wp:term":[{"taxonomy":"product_brand","embeddable":true,"href":"https:\/\/inkskin.nl\/fr\/wp-json\/wp\/v2\/product_brand?post=2033"},{"taxonomy":"product_cat","embeddable":true,"href":"https:\/\/inkskin.nl\/fr\/wp-json\/wp\/v2\/product_cat?post=2033"},{"taxonomy":"product_tag","embeddable":true,"href":"https:\/\/inkskin.nl\/fr\/wp-json\/wp\/v2\/product_tag?post=2033"}],"curies":[{"name":"wp","href":"https:\/\/api.w.org\/{rel}","templated":true}]}}