{"id":2032,"date":"2024-03-27T09:51:34","date_gmt":"2024-03-27T09:51:34","guid":{"rendered":"https:\/\/inkskin.nl\/products\/emalla-1003-rlm\/"},"modified":"2024-03-27T09:51:34","modified_gmt":"2024-03-27T09:51:34","slug":"emalla-1003-rlm","status":"publish","type":"product","link":"https:\/\/inkskin.nl\/fr\/products\/emalla-1003-rlm\/","title":{"rendered":"Emalla 1003 RLM"},"content":{"rendered":"<p>Vous cherchez une aiguille de tatouage de haute qualit\u00e9 ? Dans ce cas, la cartouche Eliot d&rsquo;Emmalla est ce qu&rsquo;il vous faut ! Ces aiguilles sont fabriqu\u00e9es en acier inoxydable japonais import\u00e9 de la plus haute qualit\u00e9, avec des pointes d&rsquo;aiguille ac\u00e9r\u00e9es et bien dispos\u00e9es. La coque est fabriqu\u00e9e en PC m\u00e9dical, plus s\u00fbr que le PVC.<\/p>\n<p>  Le syst\u00e8me de membrane de la cartouche Eliot d&rsquo;Emmalla offre une flexibilit\u00e9 douce et forte. Le mat\u00e9riau de la membrane comporte \u00e9galement 4 barres \u00e9paisses, ce qui rend les aiguilles plus r\u00e9sistantes. La cartouche a une grande capacit\u00e9 de stockage d&rsquo;encre, avec un flux d&rsquo;encre r\u00e9gulier et uniforme sans jets d&rsquo;encre ni \u00e9claboussures.<\/p>\n<p>  La barre en plastique de forme carr\u00e9e assure une fixation stable et rend les aiguilles plus stables. La membrane de s\u00e9curit\u00e9 \u00e0 trois couches emp\u00eache le reflux de l&rsquo;encre et prot\u00e8ge mieux votre machine \u00e0 tatouer.<\/p>\n<p>  La cartouche Eliot d&rsquo;Emmalla est fabriqu\u00e9e de mani\u00e8re pr\u00e9cise et 100% hygi\u00e9nique. Elle est st\u00e9rilis\u00e9e par gaz E.O. et poss\u00e8de une pointe moyenne avec une \u00e9paisseur d&rsquo;aiguille de 10 (0,30 mm) pour une exp\u00e9rience de tatouage parfaite.<\/p>\n<p><strong>Quel est le mat\u00e9riau de la cartouche Emmalla Eliot ?<\/strong><br \/>\n  La cartouche Eliot d&rsquo;Emmalla est fabriqu\u00e9e en acier inoxydable japonais import\u00e9 de la plus haute qualit\u00e9, avec une coque en PC m\u00e9dical.<\/p>\n<p><strong>Quel est l&rsquo;avantage du syst\u00e8me de membrane de la cartouche Emmalla Eliot ?<\/strong><br \/>\n  Le syst\u00e8me de membrane offre une flexibilit\u00e9 souple et forte, ce qui rend les aiguilles durables. Il dispose \u00e9galement d&rsquo;une grande capacit\u00e9 de stockage d&rsquo;encre et garantit un flux d&rsquo;encre r\u00e9gulier et uniforme, sans jets ni \u00e9claboussures.<\/p>\n<p><strong>Comment la cartouche Eliot d&rsquo;Emmalla est-elle fabriqu\u00e9e et st\u00e9rilis\u00e9e ?<\/strong><br \/>\n  La cartouche Eliot d&rsquo;Emmalla est fabriqu\u00e9e de mani\u00e8re pr\u00e9cise et 100% hygi\u00e9nique. Il est st\u00e9rilis\u00e9 par gaz E.O., ce qui garantit une exp\u00e9rience de tatouage s\u00fbre.<\/p>\n","protected":false},"excerpt":{"rendered":"<p>Vous cherchez une aiguille de tatouage de haute qualit\u00e9 ? Dans ce cas, la cartouche Eliot d&rsquo;Emmalla est ce qu&rsquo;il vous faut ! Ces aiguilles sont fabriqu\u00e9es en acier inoxydable japonais import\u00e9 de la plus haute qualit\u00e9, avec des pointes d&rsquo;aiguille ac\u00e9r\u00e9es et bien dispos\u00e9es. La coque est fabriqu\u00e9e en PC m\u00e9dical, plus s\u00fbr que [&hellip;]<\/p>\n","protected":false},"featured_media":1893,"template":"","meta":{"_acf_changed":false},"product_brand":[],"product_cat":[42,60],"product_tag":[102,107,94,101],"class_list":{"0":"post-2032","1":"product","2":"type-product","3":"status-publish","4":"has-post-thumbnail","6":"product_cat-naalden-cartridge","7":"product_cat-emalla-cartridges","8":"product_tag-0-30-mm","9":"product_tag-medium-taper","10":"product_tag-round-liner","11":"product_tag-naald-dikte-10","13":"first","14":"instock","15":"taxable","16":"shipping-taxable","17":"purchasable","18":"product-type-simple"},"ams_default_variation_id":0,"ams_product_points_reward":[],"ams_product_discount_percentage":0,"ams_price_to_display":23.5,"ams_acf":[],"acf":[],"_links":{"self":[{"href":"https:\/\/inkskin.nl\/fr\/wp-json\/wp\/v2\/product\/2032","targetHints":{"allow":["GET"]}}],"collection":[{"href":"https:\/\/inkskin.nl\/fr\/wp-json\/wp\/v2\/product"}],"about":[{"href":"https:\/\/inkskin.nl\/fr\/wp-json\/wp\/v2\/types\/product"}],"version-history":[{"count":0,"href":"https:\/\/inkskin.nl\/fr\/wp-json\/wp\/v2\/product\/2032\/revisions"}],"wp:featuredmedia":[{"embeddable":true,"href":"https:\/\/inkskin.nl\/fr\/wp-json\/wp\/v2\/media\/1893"}],"wp:attachment":[{"href":"https:\/\/inkskin.nl\/fr\/wp-json\/wp\/v2\/media?parent=2032"}],"wp:term":[{"taxonomy":"product_brand","embeddable":true,"href":"https:\/\/inkskin.nl\/fr\/wp-json\/wp\/v2\/product_brand?post=2032"},{"taxonomy":"product_cat","embeddable":true,"href":"https:\/\/inkskin.nl\/fr\/wp-json\/wp\/v2\/product_cat?post=2032"},{"taxonomy":"product_tag","embeddable":true,"href":"https:\/\/inkskin.nl\/fr\/wp-json\/wp\/v2\/product_tag?post=2032"}],"curies":[{"name":"wp","href":"https:\/\/api.w.org\/{rel}","templated":true}]}}