{"id":2031,"date":"2024-03-27T09:51:37","date_gmt":"2024-03-27T09:51:37","guid":{"rendered":"https:\/\/inkskin.nl\/products\/emalla-0809-rll\/"},"modified":"2024-03-27T09:51:37","modified_gmt":"2024-03-27T09:51:37","slug":"emalla-0809-rll","status":"publish","type":"product","link":"https:\/\/inkskin.nl\/fr\/products\/emalla-0809-rll\/","title":{"rendered":"Emalla 0809 RLL"},"content":{"rendered":"<p>Vous cherchez une aiguille de tatouage de la plus haute qualit\u00e9 ? Dans ce cas, la cartouche Eliot d&rsquo;Emmalla est faite pour vous ! Ces aiguilles sont fabriqu\u00e9es en acier inoxydable japonais import\u00e9, ce qui les rend tranchantes et durables. La coque est fabriqu\u00e9e en PC de qualit\u00e9 m\u00e9dicale, ce qui la rend plus s\u00fbre que le PVC.<\/p>\n<p>  Le syst\u00e8me de membrane de cette aiguille offre une flexibilit\u00e9 douce et forte, avec un mat\u00e9riau de membrane renforc\u00e9 par 4 barres \u00e9paisses pour une durabilit\u00e9 accrue. En outre, la cartouche Emmalla Eliot dispose d&rsquo;une grande capacit\u00e9 de stockage d&rsquo;encre, ce qui permet \u00e0 l&rsquo;encre de s&rsquo;\u00e9couler de mani\u00e8re fluide et r\u00e9guli\u00e8re, sans \u00e9claboussures.<\/p>\n<p>  Ces aiguilles sont fix\u00e9es de mani\u00e8re stable par une barre en plastique de forme carr\u00e9e, ce qui garantit la stabilit\u00e9 et la s\u00e9curit\u00e9 de la machine \u00e0 tatouer. En outre, la cartouche Eliot d&rsquo;Emmalla est dot\u00e9e d&rsquo;une membrane de s\u00e9curit\u00e9 \u00e0 trois couches qui emp\u00eache le reflux de l&rsquo;encre, ce qui permet de mieux prot\u00e9ger votre machine \u00e0 tatouer.<\/p>\n<p>  La production des cartouches Emmalla Eliot est pr\u00e9cise et 100% hygi\u00e9nique. Elles sont st\u00e9rilis\u00e9es au gaz E.O.. Avec une \u00e9paisseur d&rsquo;aiguille de 0,25 mm et un long c\u00f4ne, cette aiguille est parfaite pour r\u00e9aliser des lignes d\u00e9taill\u00e9es et pr\u00e9cises. Choisissez la cartouche Emmalla Eliot et r\u00e9alisez les meilleurs tatouages !<\/p>\n<p><strong>Les cartouches Emmalla Eliot conviennent-elles \u00e0 un usage professionnel ?<\/strong><br \/>\n  Oui, les cartouches Emmalla Eliot sont fabriqu\u00e9es en acier inoxydable japonais de haute qualit\u00e9 et sont con\u00e7ues pour les tatoueurs professionnels. Ils sont durables et offrent une excellente flexibilit\u00e9, ce qui les rend id\u00e9aux pour un usage professionnel.<\/p>\n<p><strong>Les cartouches Emmalla Eliot sont-elles compatibles avec toutes les machines \u00e0 tatouer ?<\/strong><br \/>\n  Oui, les cartouches Emmalla Eliot sont con\u00e7ues pour \u00eatre compatibles avec la plupart des machines \u00e0 tatouer standard. Ils sont solidement fix\u00e9s par une tige en plastique de forme carr\u00e9e, ce qui garantit une fixation s\u00fbre \u00e0 la machine \u00e0 tatouer.<\/p>\n<p><strong>Comment les cartouches Emmalla Eliot sont-elles st\u00e9rilis\u00e9es ?<\/strong><br \/>\n  Les cartouches Emmalla Eliot sont st\u00e9rilis\u00e9es par gaz E.O., une m\u00e9thode largement utilis\u00e9e dans l&rsquo;industrie du tatouage pour s&rsquo;assurer que les aiguilles sont exemptes de bact\u00e9ries et d&rsquo;autres agents pathog\u00e8nes. Cela garantit une exp\u00e9rience de tatouage s\u00fbre et hygi\u00e9nique.<\/p>\n","protected":false},"excerpt":{"rendered":"<p>Vous cherchez une aiguille de tatouage de la plus haute qualit\u00e9 ? Dans ce cas, la cartouche Eliot d&rsquo;Emmalla est faite pour vous ! Ces aiguilles sont fabriqu\u00e9es en acier inoxydable japonais import\u00e9, ce qui les rend tranchantes et durables. La coque est fabriqu\u00e9e en PC de qualit\u00e9 m\u00e9dicale, ce qui la rend plus s\u00fbre [&hellip;]<\/p>\n","protected":false},"featured_media":1893,"template":"","meta":{"_acf_changed":false},"product_brand":[],"product_cat":[160,161],"product_tag":[180,164,174,179],"class_list":{"0":"post-2031","1":"product","2":"type-product","3":"status-publish","4":"has-post-thumbnail","6":"product_cat-aiguilles-cartouche","7":"product_cat-cartouches-emalla","8":"product_tag-025-mm","9":"product_tag-cone-long-fr","10":"product_tag-doublure-ronde-fr","11":"product_tag-epaisseur-de-laiguille-08","13":"first","14":"instock","15":"taxable","16":"shipping-taxable","17":"purchasable","18":"product-type-simple"},"ams_default_variation_id":0,"ams_product_points_reward":[],"ams_product_discount_percentage":0,"ams_price_to_display":25.5,"ams_acf":[],"acf":[],"_links":{"self":[{"href":"https:\/\/inkskin.nl\/fr\/wp-json\/wp\/v2\/product\/2031","targetHints":{"allow":["GET"]}}],"collection":[{"href":"https:\/\/inkskin.nl\/fr\/wp-json\/wp\/v2\/product"}],"about":[{"href":"https:\/\/inkskin.nl\/fr\/wp-json\/wp\/v2\/types\/product"}],"version-history":[{"count":0,"href":"https:\/\/inkskin.nl\/fr\/wp-json\/wp\/v2\/product\/2031\/revisions"}],"wp:featuredmedia":[{"embeddable":true,"href":"https:\/\/inkskin.nl\/fr\/wp-json\/wp\/v2\/media\/1893"}],"wp:attachment":[{"href":"https:\/\/inkskin.nl\/fr\/wp-json\/wp\/v2\/media?parent=2031"}],"wp:term":[{"taxonomy":"product_brand","embeddable":true,"href":"https:\/\/inkskin.nl\/fr\/wp-json\/wp\/v2\/product_brand?post=2031"},{"taxonomy":"product_cat","embeddable":true,"href":"https:\/\/inkskin.nl\/fr\/wp-json\/wp\/v2\/product_cat?post=2031"},{"taxonomy":"product_tag","embeddable":true,"href":"https:\/\/inkskin.nl\/fr\/wp-json\/wp\/v2\/product_tag?post=2031"}],"curies":[{"name":"wp","href":"https:\/\/api.w.org\/{rel}","templated":true}]}}