{"id":2030,"date":"2024-03-27T09:51:33","date_gmt":"2024-03-27T09:51:33","guid":{"rendered":"https:\/\/inkskin.nl\/products\/emalla-1005-rll\/"},"modified":"2024-03-27T09:51:33","modified_gmt":"2024-03-27T09:51:33","slug":"emalla-1005-rll","status":"publish","type":"product","link":"https:\/\/inkskin.nl\/fr\/products\/emalla-1005-rll\/","title":{"rendered":"Emalla 1005 RLL"},"content":{"rendered":"<p>D\u00e9couvrez la machine \u00e0 tatouer id\u00e9ale qui r\u00e9pond \u00e0 tous vos besoins : les cartouches Eliot d&rsquo;Emmalla ! Gr\u00e2ce aux aiguilles japonaises import\u00e9es de haute qualit\u00e9, dot\u00e9es de pointes ac\u00e9r\u00e9es et parfaitement dispos\u00e9es, vous \u00eates assur\u00e9 d&rsquo;obtenir des r\u00e9sultats pr\u00e9cis et professionnels. Le mat\u00e9riau de la coque, de qualit\u00e9 m\u00e9dicale, offre une s\u00e9curit\u00e9 suppl\u00e9mentaire, tandis que le syst\u00e8me de membrane, \u00e0 la fois souple et flexible, garantit une exp\u00e9rience de tatouage sans effort.<\/p>\n<p>  Ces cartouches ont une grande capacit\u00e9 de stockage d&rsquo;encre, ce qui garantit un flux d&rsquo;encre r\u00e9gulier et uniforme sans jets d&rsquo;encre ni \u00e9claboussures. La tige en plastique de forme carr\u00e9e maintient les aiguilles stables et rend la machine \u00e0 tatouer plus stable. La conception de la membrane de s\u00e9curit\u00e9 \u00e0 trois couches emp\u00eache le reflux de l&rsquo;encre, offrant ainsi \u00e0 votre machine \u00e0 tatouer une protection optimale.<\/p>\n<p>  Les cartouches Emmalla Eliot sont fabriqu\u00e9es avec pr\u00e9cision et de mani\u00e8re 100% hygi\u00e9nique, et sont st\u00e9rilis\u00e9es au gaz E.O.. Avec un long c\u00f4ne et une \u00e9paisseur d&rsquo;aiguille de 10 (0,30 mm), ces cartouches sont parfaites pour les tatouages ronds. Choisissez la qualit\u00e9 et la fiabilit\u00e9 des cartouches Emmalla Eliot et obtenez les meilleurs r\u00e9sultats pour vos tatouages !<\/p>\n<p><strong>Qu&rsquo;est-ce qui diff\u00e9rencie les cartouches Eliot d&rsquo;Emmalla des autres machines \u00e0 tatouer ?<\/strong><br \/>\n  Les cartouches Emmalla Eliot sont dot\u00e9es d&rsquo;aiguilles japonaises import\u00e9es de haute qualit\u00e9 qui garantissent des r\u00e9sultats pr\u00e9cis et professionnels. En outre, le mat\u00e9riau de la coque est de qualit\u00e9 m\u00e9dicale et le syst\u00e8me de membrane garantit une exp\u00e9rience de tatouage sans effort.<\/p>\n<p><strong>Comment la conception des cartouches Emmalla Eliot garantit-elle un \u00e9coulement r\u00e9gulier et uniforme de l&rsquo;encre ?<\/strong><br \/>\n  Les cartouches ont une grande capacit\u00e9 de stockage d&rsquo;encre et la barre en plastique de forme carr\u00e9e assure la stabilit\u00e9 des aiguilles et de la machine \u00e0 tatouer. En outre, la membrane de s\u00e9curit\u00e9 \u00e0 trois couches emp\u00eache le reflux de l&rsquo;encre et assure une protection optimale de la machine \u00e0 tatouer.<\/p>\n<p><strong>Comment les cartouches Emmalla Eliot sont-elles fabriqu\u00e9es et st\u00e9rilis\u00e9es ?<\/strong><br \/>\n  Les cartouches sont produites avec pr\u00e9cision et de mani\u00e8re 100% hygi\u00e9nique et sont st\u00e9rilis\u00e9es au gaz E.O.. Cela garantit une exp\u00e9rience de tatouage s\u00fbre et hygi\u00e9nique, tant pour le tatoueur que pour le client.<\/p>\n","protected":false},"excerpt":{"rendered":"<p>D\u00e9couvrez la machine \u00e0 tatouer id\u00e9ale qui r\u00e9pond \u00e0 tous vos besoins : les cartouches Eliot d&rsquo;Emmalla ! Gr\u00e2ce aux aiguilles japonaises import\u00e9es de haute qualit\u00e9, dot\u00e9es de pointes ac\u00e9r\u00e9es et parfaitement dispos\u00e9es, vous \u00eates assur\u00e9 d&rsquo;obtenir des r\u00e9sultats pr\u00e9cis et professionnels. Le mat\u00e9riau de la coque, de qualit\u00e9 m\u00e9dicale, offre une s\u00e9curit\u00e9 suppl\u00e9mentaire, tandis [&hellip;]<\/p>\n","protected":false},"featured_media":1893,"template":"","meta":{"_acf_changed":false},"product_brand":[],"product_cat":[160,161],"product_tag":[169,164,174,167],"class_list":{"0":"post-2030","1":"product","2":"type-product","3":"status-publish","4":"has-post-thumbnail","6":"product_cat-aiguilles-cartouche","7":"product_cat-cartouches-emalla","8":"product_tag-030-mm-fr","9":"product_tag-cone-long-fr","10":"product_tag-doublure-ronde-fr","11":"product_tag-epaisseur-de-laiguille-10","13":"first","14":"instock","15":"taxable","16":"shipping-taxable","17":"purchasable","18":"product-type-simple"},"ams_default_variation_id":0,"ams_product_points_reward":[],"ams_product_discount_percentage":0,"ams_price_to_display":23.5,"ams_acf":[],"acf":[],"_links":{"self":[{"href":"https:\/\/inkskin.nl\/fr\/wp-json\/wp\/v2\/product\/2030","targetHints":{"allow":["GET"]}}],"collection":[{"href":"https:\/\/inkskin.nl\/fr\/wp-json\/wp\/v2\/product"}],"about":[{"href":"https:\/\/inkskin.nl\/fr\/wp-json\/wp\/v2\/types\/product"}],"version-history":[{"count":0,"href":"https:\/\/inkskin.nl\/fr\/wp-json\/wp\/v2\/product\/2030\/revisions"}],"wp:featuredmedia":[{"embeddable":true,"href":"https:\/\/inkskin.nl\/fr\/wp-json\/wp\/v2\/media\/1893"}],"wp:attachment":[{"href":"https:\/\/inkskin.nl\/fr\/wp-json\/wp\/v2\/media?parent=2030"}],"wp:term":[{"taxonomy":"product_brand","embeddable":true,"href":"https:\/\/inkskin.nl\/fr\/wp-json\/wp\/v2\/product_brand?post=2030"},{"taxonomy":"product_cat","embeddable":true,"href":"https:\/\/inkskin.nl\/fr\/wp-json\/wp\/v2\/product_cat?post=2030"},{"taxonomy":"product_tag","embeddable":true,"href":"https:\/\/inkskin.nl\/fr\/wp-json\/wp\/v2\/product_tag?post=2030"}],"curies":[{"name":"wp","href":"https:\/\/api.w.org\/{rel}","templated":true}]}}