{"id":2029,"date":"2024-03-27T09:51:32","date_gmt":"2024-03-27T09:51:32","guid":{"rendered":"https:\/\/inkskin.nl\/products\/emalla-1005-rlm\/"},"modified":"2024-03-27T09:51:32","modified_gmt":"2024-03-27T09:51:32","slug":"emalla-1005-rlm","status":"publish","type":"product","link":"https:\/\/inkskin.nl\/fr\/products\/emalla-1005-rlm\/","title":{"rendered":"Emalla 1005 RLM"},"content":{"rendered":"<p>Vous \u00eates \u00e0 la recherche d&rsquo;une machine \u00e0 tatouer de qualit\u00e9 sup\u00e9rieure ? Dans ce cas, les cartouches Emmalla Eliot sont le choix id\u00e9al pour vous ! Cette machine est \u00e9quip\u00e9e d&rsquo;aiguilles japonaises import\u00e9es en acier inoxydable de haute qualit\u00e9, dont les pointes sont soigneusement dispos\u00e9es. Le mat\u00e9riau de la coque est un PC de qualit\u00e9 m\u00e9dicale, qui offre une exp\u00e9rience plus s\u00fbre que le PVC. Avec son syst\u00e8me de membrane et son mat\u00e9riau de membrane \u00e0 4 barres \u00e9paissies, il offre une flexibilit\u00e9 douce et forte, ainsi qu&rsquo;une grande durabilit\u00e9. La grande capacit\u00e9 de stockage de l&rsquo;encre garantit un flux d&rsquo;encre r\u00e9gulier et uniforme, sans jets d&rsquo;encre ni \u00e9claboussures. En outre, la membrane de s\u00e9curit\u00e9 emp\u00eache l&rsquo;encre de refluer, prot\u00e9geant ainsi votre machine \u00e0 tatouer. Les cartouches Emmalla Eliot sont fabriqu\u00e9es avec pr\u00e9cision et de mani\u00e8re 100% hygi\u00e9nique et sont st\u00e9rilis\u00e9es au gaz E.O.. Avec une conicit\u00e9 moyenne et une \u00e9paisseur d&rsquo;aiguille de 0,30 mm, elle est parfaite pour tracer des lignes rondes. Choisissez la qualit\u00e9 et la fiabilit\u00e9 avec les cartouches Emmalla Eliot !<\/p>\n<p><strong>Quel est le mat\u00e9riau des aiguilles des cartouches Emmalla Eliot ?<\/strong><br \/>\n  Les aiguilles des cartouches Emmalla Eliot sont fabriqu\u00e9es en acier inoxydable japonais import\u00e9 de haute qualit\u00e9.<\/p>\n<p><strong>Comment le flux d&rsquo;encre de la machine \u00e0 tatouer est-il contr\u00f4l\u00e9 ?<\/strong><br \/>\n  Les cartouches Emmalla Eliot ont une grande capacit\u00e9 de stockage d&rsquo;encre qui garantit un flux d&rsquo;encre r\u00e9gulier et uniforme, sans jets d&rsquo;encre ni \u00e9claboussures.<\/p>\n<p><strong>Comment les cartouches Emmalla Eliot sont-elles st\u00e9rilis\u00e9es ?<\/strong><br \/>\n  Produites avec pr\u00e9cision et 100 % d&rsquo;hygi\u00e8ne, les cartouches Eliot d&rsquo;Emmalla sont st\u00e9rilis\u00e9es au gaz E.O. pour une s\u00e9curit\u00e9 optimale.<\/p>\n","protected":false},"excerpt":{"rendered":"<p>Vous \u00eates \u00e0 la recherche d&rsquo;une machine \u00e0 tatouer de qualit\u00e9 sup\u00e9rieure ? Dans ce cas, les cartouches Emmalla Eliot sont le choix id\u00e9al pour vous ! Cette machine est \u00e9quip\u00e9e d&rsquo;aiguilles japonaises import\u00e9es en acier inoxydable de haute qualit\u00e9, dont les pointes sont soigneusement dispos\u00e9es. Le mat\u00e9riau de la coque est un PC de [&hellip;]<\/p>\n","protected":false},"featured_media":1893,"template":"","meta":{"_acf_changed":false},"product_brand":[],"product_cat":[160,161],"product_tag":[169,171,174,167],"class_list":{"0":"post-2029","1":"product","2":"type-product","3":"status-publish","4":"has-post-thumbnail","6":"product_cat-aiguilles-cartouche","7":"product_cat-cartouches-emalla","8":"product_tag-030-mm-fr","9":"product_tag-cone-moyen","10":"product_tag-doublure-ronde-fr","11":"product_tag-epaisseur-de-laiguille-10","13":"first","14":"instock","15":"taxable","16":"shipping-taxable","17":"purchasable","18":"product-type-simple"},"ams_default_variation_id":0,"ams_product_points_reward":[],"ams_product_discount_percentage":0,"ams_price_to_display":23.5,"ams_acf":[],"acf":[],"_links":{"self":[{"href":"https:\/\/inkskin.nl\/fr\/wp-json\/wp\/v2\/product\/2029","targetHints":{"allow":["GET"]}}],"collection":[{"href":"https:\/\/inkskin.nl\/fr\/wp-json\/wp\/v2\/product"}],"about":[{"href":"https:\/\/inkskin.nl\/fr\/wp-json\/wp\/v2\/types\/product"}],"version-history":[{"count":0,"href":"https:\/\/inkskin.nl\/fr\/wp-json\/wp\/v2\/product\/2029\/revisions"}],"wp:featuredmedia":[{"embeddable":true,"href":"https:\/\/inkskin.nl\/fr\/wp-json\/wp\/v2\/media\/1893"}],"wp:attachment":[{"href":"https:\/\/inkskin.nl\/fr\/wp-json\/wp\/v2\/media?parent=2029"}],"wp:term":[{"taxonomy":"product_brand","embeddable":true,"href":"https:\/\/inkskin.nl\/fr\/wp-json\/wp\/v2\/product_brand?post=2029"},{"taxonomy":"product_cat","embeddable":true,"href":"https:\/\/inkskin.nl\/fr\/wp-json\/wp\/v2\/product_cat?post=2029"},{"taxonomy":"product_tag","embeddable":true,"href":"https:\/\/inkskin.nl\/fr\/wp-json\/wp\/v2\/product_tag?post=2029"}],"curies":[{"name":"wp","href":"https:\/\/api.w.org\/{rel}","templated":true}]}}