{"id":2027,"date":"2024-03-27T09:51:30","date_gmt":"2024-03-27T09:51:30","guid":{"rendered":"https:\/\/inkskin.nl\/products\/emalla-1005-rsl\/"},"modified":"2024-03-27T09:51:30","modified_gmt":"2024-03-27T09:51:30","slug":"emalla-1005-rsl","status":"publish","type":"product","link":"https:\/\/inkskin.nl\/fr\/products\/emalla-1005-rsl\/","title":{"rendered":"Emalla 1005 RSL"},"content":{"rendered":"<p>D\u00e9couvrez les cartouches r\u00e9volutionnaires Emmalla Eliot ! Ces aiguilles de tatouage de qualit\u00e9 sup\u00e9rieure offrent une exp\u00e9rience in\u00e9gal\u00e9e lors du tatouage. Avec des aiguilles japonaises import\u00e9es en acier inoxydable de haute qualit\u00e9, aux pointes aiguis\u00e9es et bien dispos\u00e9es, ces cartouches offrent le summum de la pr\u00e9cision et du contr\u00f4le.<\/p>\n<p>  Le mat\u00e9riau de la coque, en PC de qualit\u00e9 m\u00e9dicale, offre une exp\u00e9rience plus s\u00fbre et plus fiable que le PVC. Le syst\u00e8me de membrane, \u00e0 la fois souple et tr\u00e8s flexible, assure un \u00e9coulement r\u00e9gulier et uniforme de l&rsquo;encre, sans jets ni \u00e9claboussures. La membrane est renforc\u00e9e par 4 barres \u00e9paisses pour une plus grande durabilit\u00e9.<\/p>\n<p>  Gr\u00e2ce \u00e0 la tige en plastique de forme carr\u00e9e, les aiguilles sont fix\u00e9es de mani\u00e8re stable, ce qui vous donne une machine \u00e0 tatouer stable. La membrane de s\u00e9curit\u00e9 \u00e0 trois couches emp\u00eache le reflux de l&rsquo;encre, ce qui permet de mieux prot\u00e9ger votre machine \u00e0 tatouer. De plus, chaque produit Emmalla Eliot Cartridges est fabriqu\u00e9 avec pr\u00e9cision et 100% hygi\u00e9nique. La st\u00e9rilisation par gaz E.O. garantit un environnement de travail s\u00fbr et propre.<\/p>\n<p>  D\u00e9couvrez la combinaison parfaite de pr\u00e9cision, de durabilit\u00e9 et d&rsquo;hygi\u00e8ne avec les cartouches Eliot d&rsquo;Emmalla. Commandez maintenant et faites passer votre art du tatouage au niveau sup\u00e9rieur !<\/p>\n<p><strong>Quels sont les mat\u00e9riaux utilis\u00e9s dans les cartouches Emmalla Eliot ?<\/strong><br \/>\n  Les cartouches Eliot d&rsquo;Emmalla sont fabriqu\u00e9es \u00e0 partir d&rsquo;aiguilles japonaises import\u00e9es en acier inoxydable, pour une pr\u00e9cision et un contr\u00f4le accrus. La coque est fabriqu\u00e9e en PC de qualit\u00e9 m\u00e9dicale pour une exp\u00e9rience plus s\u00fbre.<\/p>\n<p><strong>Quel est l&rsquo;avantage du syst\u00e8me de membrane des cartouches Emmalla Eliot ?<\/strong><br \/>\n  Le syst\u00e8me de membrane des cartouches Emmalla Eliot garantit un d\u00e9bit d&rsquo;encre r\u00e9gulier et uniforme, sans jets d&rsquo;encre ni \u00e9claboussures. La membrane est renforc\u00e9e par 4 barres \u00e9paisses pour une plus grande durabilit\u00e9.<\/p>\n<p><strong>Comment les cartouches Emmalla Eliot sont-elles st\u00e9rilis\u00e9es ?<\/strong><br \/>\n  Les cartouches Emmalla Eliot sont st\u00e9rilis\u00e9es par gaz E.O., ce qui garantit un environnement de travail s\u00fbr et propre. Chaque produit est fabriqu\u00e9 avec pr\u00e9cision et 100% hygi\u00e9nique.<\/p>\n","protected":false},"excerpt":{"rendered":"<p>D\u00e9couvrez les cartouches r\u00e9volutionnaires Emmalla Eliot ! Ces aiguilles de tatouage de qualit\u00e9 sup\u00e9rieure offrent une exp\u00e9rience in\u00e9gal\u00e9e lors du tatouage. Avec des aiguilles japonaises import\u00e9es en acier inoxydable de haute qualit\u00e9, aux pointes aiguis\u00e9es et bien dispos\u00e9es, ces cartouches offrent le summum de la pr\u00e9cision et du contr\u00f4le. Le mat\u00e9riau de la coque, en [&hellip;]<\/p>\n","protected":false},"featured_media":1893,"template":"","meta":{"_acf_changed":false},"product_brand":[],"product_cat":[160,161],"product_tag":[169,164,167,166],"class_list":{"0":"post-2027","1":"product","2":"type-product","3":"status-publish","4":"has-post-thumbnail","6":"product_cat-aiguilles-cartouche","7":"product_cat-cartouches-emalla","8":"product_tag-030-mm-fr","9":"product_tag-cone-long-fr","10":"product_tag-epaisseur-de-laiguille-10","11":"product_tag-ombres-rondes","13":"first","14":"instock","15":"taxable","16":"shipping-taxable","17":"purchasable","18":"product-type-simple"},"ams_default_variation_id":0,"ams_product_points_reward":[],"ams_product_discount_percentage":0,"ams_price_to_display":23.5,"ams_acf":[],"acf":[],"_links":{"self":[{"href":"https:\/\/inkskin.nl\/fr\/wp-json\/wp\/v2\/product\/2027","targetHints":{"allow":["GET"]}}],"collection":[{"href":"https:\/\/inkskin.nl\/fr\/wp-json\/wp\/v2\/product"}],"about":[{"href":"https:\/\/inkskin.nl\/fr\/wp-json\/wp\/v2\/types\/product"}],"version-history":[{"count":0,"href":"https:\/\/inkskin.nl\/fr\/wp-json\/wp\/v2\/product\/2027\/revisions"}],"wp:featuredmedia":[{"embeddable":true,"href":"https:\/\/inkskin.nl\/fr\/wp-json\/wp\/v2\/media\/1893"}],"wp:attachment":[{"href":"https:\/\/inkskin.nl\/fr\/wp-json\/wp\/v2\/media?parent=2027"}],"wp:term":[{"taxonomy":"product_brand","embeddable":true,"href":"https:\/\/inkskin.nl\/fr\/wp-json\/wp\/v2\/product_brand?post=2027"},{"taxonomy":"product_cat","embeddable":true,"href":"https:\/\/inkskin.nl\/fr\/wp-json\/wp\/v2\/product_cat?post=2027"},{"taxonomy":"product_tag","embeddable":true,"href":"https:\/\/inkskin.nl\/fr\/wp-json\/wp\/v2\/product_tag?post=2027"}],"curies":[{"name":"wp","href":"https:\/\/api.w.org\/{rel}","templated":true}]}}