{"id":2026,"date":"2024-03-27T09:51:35","date_gmt":"2024-03-27T09:51:35","guid":{"rendered":"https:\/\/inkskin.nl\/products\/emalla-1003-rll\/"},"modified":"2024-03-27T09:51:35","modified_gmt":"2024-03-27T09:51:35","slug":"emalla-1003-rll","status":"publish","type":"product","link":"https:\/\/inkskin.nl\/fr\/products\/emalla-1003-rll\/","title":{"rendered":"Emalla 1003 RLL"},"content":{"rendered":"<p>Vous recherchez une aiguille de tatouage de la plus haute qualit\u00e9 ? Dans ce cas, la cartouche Eliot d&rsquo;Emmalla est le choix id\u00e9al pour vous. Fabriqu\u00e9es en acier inoxydable japonais import\u00e9, ces aiguilles ont des pointes ac\u00e9r\u00e9es et bien dispos\u00e9es. La coque est fabriqu\u00e9e en PC m\u00e9dical, plus s\u00fbr que le PVC.  <\/p>\n<p>  Le syst\u00e8me de membrane de ces aiguilles offre une flexibilit\u00e9 douce et forte. Le mat\u00e9riau de la membrane comporte 4 barres \u00e9paisses, ce qui rend les aiguilles plus durables. En outre, la cartouche Emmalla Eliot dispose d&rsquo;une grande capacit\u00e9 de stockage d&rsquo;encre, ce qui garantit un d\u00e9bit d&rsquo;encre r\u00e9gulier et sans \u00e9claboussures.  <\/p>\n<p>  Gr\u00e2ce \u00e0 la tige en plastique de forme carr\u00e9e, les aiguilles restent bien en place, ce qui vous permet de travailler avec pr\u00e9cision. La membrane de s\u00e9curit\u00e9 \u00e0 trois couches emp\u00eache l&rsquo;\u00e9coulement de l&rsquo;encre, ce qui permet de mieux prot\u00e9ger votre machine \u00e0 tatouer.  <\/p>\n<p>  Les cartouches Emmalla Eliot sont fabriqu\u00e9es avec pr\u00e9cision et sont 100% hygi\u00e9niques. Ils sont st\u00e9rilis\u00e9s au gaz E.O., ce qui vous garantit un produit s\u00fbr et propre. Avec une \u00e9paisseur d&rsquo;aiguille de 0,30 mm et un long c\u00f4ne, cette aiguille est id\u00e9ale pour r\u00e9aliser des lignes serr\u00e9es. Choisissez la cartouche Eliot d&rsquo;Emmalla et profitez de la meilleure qualit\u00e9 pour vos tatouages !<\/p>\n<p><strong>Quel est le mat\u00e9riau des cartouches Emmalla Eliot ?<\/strong><br \/>\n  Les cartouches Emmalla Eliot sont fabriqu\u00e9es en acier inoxydable japonais import\u00e9 et la coque est en PC m\u00e9dical.<\/p>\n<p><strong>Quel est l&rsquo;avantage du syst\u00e8me de membrane des cartouches Emmalla Eliot ?<\/strong><br \/>\n  Le syst\u00e8me de membrane assure une flexibilit\u00e9 douce et forte des aiguilles, garantissant un flux d&rsquo;encre r\u00e9gulier et sans \u00e9claboussures.<\/p>\n<p><strong>Les cartouches Emmalla Eliot sont-elles hygi\u00e9niques et s\u00fbres ?<\/strong><br \/>\n  Oui, les cartouches Emmalla Eliot sont fabriqu\u00e9es avec pr\u00e9cision et de mani\u00e8re 100% hygi\u00e9nique, et elles sont st\u00e9rilis\u00e9es au gaz E.O.. Vous avez ainsi l&rsquo;assurance d&rsquo;obtenir un produit s\u00fbr et propre.<\/p>\n","protected":false},"excerpt":{"rendered":"<p>Vous recherchez une aiguille de tatouage de la plus haute qualit\u00e9 ? Dans ce cas, la cartouche Eliot d&rsquo;Emmalla est le choix id\u00e9al pour vous. Fabriqu\u00e9es en acier inoxydable japonais import\u00e9, ces aiguilles ont des pointes ac\u00e9r\u00e9es et bien dispos\u00e9es. La coque est fabriqu\u00e9e en PC m\u00e9dical, plus s\u00fbr que le PVC. Le syst\u00e8me de [&hellip;]<\/p>\n","protected":false},"featured_media":1893,"template":"","meta":{"_acf_changed":false},"product_brand":[],"product_cat":[42,60],"product_tag":[102,88,94,101],"class_list":{"0":"post-2026","1":"product","2":"type-product","3":"status-publish","4":"has-post-thumbnail","6":"product_cat-naalden-cartridge","7":"product_cat-emalla-cartridges","8":"product_tag-0-30-mm","9":"product_tag-long-taper","10":"product_tag-round-liner","11":"product_tag-naald-dikte-10","13":"first","14":"instock","15":"taxable","16":"shipping-taxable","17":"purchasable","18":"product-type-simple"},"ams_default_variation_id":0,"ams_product_points_reward":[],"ams_product_discount_percentage":0,"ams_price_to_display":23.5,"ams_acf":[],"acf":[],"_links":{"self":[{"href":"https:\/\/inkskin.nl\/fr\/wp-json\/wp\/v2\/product\/2026","targetHints":{"allow":["GET"]}}],"collection":[{"href":"https:\/\/inkskin.nl\/fr\/wp-json\/wp\/v2\/product"}],"about":[{"href":"https:\/\/inkskin.nl\/fr\/wp-json\/wp\/v2\/types\/product"}],"version-history":[{"count":0,"href":"https:\/\/inkskin.nl\/fr\/wp-json\/wp\/v2\/product\/2026\/revisions"}],"wp:featuredmedia":[{"embeddable":true,"href":"https:\/\/inkskin.nl\/fr\/wp-json\/wp\/v2\/media\/1893"}],"wp:attachment":[{"href":"https:\/\/inkskin.nl\/fr\/wp-json\/wp\/v2\/media?parent=2026"}],"wp:term":[{"taxonomy":"product_brand","embeddable":true,"href":"https:\/\/inkskin.nl\/fr\/wp-json\/wp\/v2\/product_brand?post=2026"},{"taxonomy":"product_cat","embeddable":true,"href":"https:\/\/inkskin.nl\/fr\/wp-json\/wp\/v2\/product_cat?post=2026"},{"taxonomy":"product_tag","embeddable":true,"href":"https:\/\/inkskin.nl\/fr\/wp-json\/wp\/v2\/product_tag?post=2026"}],"curies":[{"name":"wp","href":"https:\/\/api.w.org\/{rel}","templated":true}]}}