{"id":2025,"date":"2024-03-27T09:51:29","date_gmt":"2024-03-27T09:51:29","guid":{"rendered":"https:\/\/inkskin.nl\/products\/emalla-1007-cmm\/"},"modified":"2024-03-27T09:51:29","modified_gmt":"2024-03-27T09:51:29","slug":"emalla-1007-cmm","status":"publish","type":"product","link":"https:\/\/inkskin.nl\/fr\/products\/emalla-1007-cmm\/","title":{"rendered":"Emalla 1007 CMM"},"content":{"rendered":"<p>Vous cherchez une aiguille de tatouage de haute qualit\u00e9 ? Dans ce cas, les cartouches Emmalla Eliot sont exactement ce qu&rsquo;il vous faut ! Ces aiguilles sont fabriqu\u00e9es en acier inoxydable japonais import\u00e9 de premi\u00e8re qualit\u00e9, avec des pointes d&rsquo;aiguille bien dispos\u00e9es. La coque est fabriqu\u00e9e en PC de qualit\u00e9 m\u00e9dicale, ce qui la rend plus s\u00fbre que le PVC.<\/p>\n<p>  Gr\u00e2ce au syst\u00e8me de membrane, cette aiguille est \u00e0 la fois souple et tr\u00e8s flexible. Le mat\u00e9riau de la membrane est tr\u00e8s \u00e9pais, ce qui la rend plus durable. Avec une grande capacit\u00e9 de stockage d&rsquo;encre et un flux d&rsquo;encre fluide et uniforme, vous ne souffrirez pas de jets d&rsquo;encre et d&rsquo;\u00e9claboussures.<\/p>\n<p>  Les cartouches Emmalla Eliot sont \u00e9galement dot\u00e9es d&rsquo;une barre en plastique de forme carr\u00e9e qui permet de fixer solidement les aiguilles, ce qui les rend plus stables. En outre, cette aiguille est dot\u00e9e d&rsquo;une membrane de s\u00e9curit\u00e9 \u00e0 trois couches qui emp\u00eache le reflux de l&rsquo;encre, prot\u00e9geant ainsi mieux votre machine \u00e0 tatouer.<\/p>\n<p>  Ces cartouches sont fabriqu\u00e9es avec pr\u00e9cision et sont 100% hygi\u00e9niques. Ils sont st\u00e9rilis\u00e9s par gaz E.O., vous n&rsquo;avez donc pas \u00e0 vous soucier de la s\u00e9curit\u00e9. Avec une Magnum incurv\u00e9e, une conicit\u00e9 moyenne et une \u00e9paisseur d&rsquo;aiguille de 10 (0,30 mm), les cartouches Eliot d&rsquo;Emmalla sont le choix parfait pour tout tatoueur professionnel.<\/p>\n<p><strong>Les cartouches Emmalla Eliot conviennent-elles \u00e0 toutes les machines \u00e0 tatouer ?<\/strong><br \/>\n  Oui, les cartouches Emmalla Eliot conviennent \u00e0 toutes les machines \u00e0 tatouer professionnelles.<\/p>\n<p><strong>Les cartouches Emmalla Eliot sont-elles s\u00fbres et hygi\u00e9niques ?<\/strong><br \/>\n  Oui, les cartouches Emmalla Eliot sont fabriqu\u00e9es avec pr\u00e9cision et 100% hygi\u00e9niques. Ils sont st\u00e9rilis\u00e9s par gaz E.O., ce qui permet de les utiliser en toute s\u00e9curit\u00e9.<\/p>\n<p><strong>Quelle est la pointe de l&rsquo;aiguille des cartouches Emmalla Eliot ?<\/strong><br \/>\n  Les cartouches Eliot d&rsquo;Emmalla sont dot\u00e9es de pointes d&rsquo;aiguille ac\u00e9r\u00e9es et bien dispos\u00e9es, ce qui vous permet de r\u00e9aliser un tatouage pr\u00e9cis.<\/p>\n","protected":false},"excerpt":{"rendered":"<p>Vous cherchez une aiguille de tatouage de haute qualit\u00e9 ? Dans ce cas, les cartouches Emmalla Eliot sont exactement ce qu&rsquo;il vous faut ! Ces aiguilles sont fabriqu\u00e9es en acier inoxydable japonais import\u00e9 de premi\u00e8re qualit\u00e9, avec des pointes d&rsquo;aiguille bien dispos\u00e9es. La coque est fabriqu\u00e9e en PC de qualit\u00e9 m\u00e9dicale, ce qui la rend [&hellip;]<\/p>\n","protected":false},"featured_media":1893,"template":"","meta":{"_acf_changed":false},"product_brand":[],"product_cat":[160,161],"product_tag":[169,171,167,165],"class_list":{"0":"post-2025","1":"product","2":"type-product","3":"status-publish","4":"has-post-thumbnail","6":"product_cat-aiguilles-cartouche","7":"product_cat-cartouches-emalla","8":"product_tag-030-mm-fr","9":"product_tag-cone-moyen","10":"product_tag-epaisseur-de-laiguille-10","11":"product_tag-magnum-courbe","13":"first","14":"outofstock","15":"taxable","16":"shipping-taxable","17":"purchasable","18":"product-type-simple"},"ams_default_variation_id":0,"ams_product_points_reward":[],"ams_product_discount_percentage":0,"ams_price_to_display":25.5,"ams_acf":[],"acf":[],"_links":{"self":[{"href":"https:\/\/inkskin.nl\/fr\/wp-json\/wp\/v2\/product\/2025","targetHints":{"allow":["GET"]}}],"collection":[{"href":"https:\/\/inkskin.nl\/fr\/wp-json\/wp\/v2\/product"}],"about":[{"href":"https:\/\/inkskin.nl\/fr\/wp-json\/wp\/v2\/types\/product"}],"version-history":[{"count":0,"href":"https:\/\/inkskin.nl\/fr\/wp-json\/wp\/v2\/product\/2025\/revisions"}],"wp:featuredmedia":[{"embeddable":true,"href":"https:\/\/inkskin.nl\/fr\/wp-json\/wp\/v2\/media\/1893"}],"wp:attachment":[{"href":"https:\/\/inkskin.nl\/fr\/wp-json\/wp\/v2\/media?parent=2025"}],"wp:term":[{"taxonomy":"product_brand","embeddable":true,"href":"https:\/\/inkskin.nl\/fr\/wp-json\/wp\/v2\/product_brand?post=2025"},{"taxonomy":"product_cat","embeddable":true,"href":"https:\/\/inkskin.nl\/fr\/wp-json\/wp\/v2\/product_cat?post=2025"},{"taxonomy":"product_tag","embeddable":true,"href":"https:\/\/inkskin.nl\/fr\/wp-json\/wp\/v2\/product_tag?post=2025"}],"curies":[{"name":"wp","href":"https:\/\/api.w.org\/{rel}","templated":true}]}}