{"id":2024,"date":"2024-03-27T09:51:34","date_gmt":"2024-03-27T09:51:34","guid":{"rendered":"https:\/\/inkskin.nl\/products\/emalla-1005-mgm\/"},"modified":"2024-03-27T09:51:34","modified_gmt":"2024-03-27T09:51:34","slug":"emalla-1005-mgm","status":"publish","type":"product","link":"https:\/\/inkskin.nl\/fr\/products\/emalla-1005-mgm\/","title":{"rendered":"Emalla 1005 MGM"},"content":{"rendered":"<p>Vous \u00eates \u00e0 la recherche d&rsquo;une machine \u00e0 tatouer de qualit\u00e9 sup\u00e9rieure ? Les cartouches Emmalla Eliot sont faites pour vous ! Cette machine dispose de tout ce dont vous avez besoin pour r\u00e9aliser de magnifiques tatouages.<\/p>\n<p>  Les aiguilles sont fabriqu\u00e9es en acier inoxydable japonais de haute qualit\u00e9, ce qui les rend tranchantes et durables. De plus, ils sont bien rang\u00e9s pour que vous puissiez travailler sans effort.<\/p>\n<p>  La coque est fabriqu\u00e9e en PC m\u00e9dical, ce qui offre une s\u00e9curit\u00e9 accrue par rapport au PVC. Le syst\u00e8me de membrane a une flexibilit\u00e9 douce et forte, gr\u00e2ce au mat\u00e9riau de la membrane avec 4 barres \u00e9paissies pour une durabilit\u00e9 accrue.<\/p>\n<p>  La capacit\u00e9 de stockage de l&rsquo;encre est importante, ce qui vous permet de b\u00e9n\u00e9ficier d&rsquo;un flux d&rsquo;encre fluide et r\u00e9gulier, sans \u00e9claboussures ni jets. La barre en plastique de forme carr\u00e9e maintient les aiguilles stables et la machine stable.<\/p>\n<p>  En outre, il est dot\u00e9 d&rsquo;une membrane de s\u00e9curit\u00e9 \u00e0 trois couches, qui emp\u00eache l&rsquo;encre de refluer et prot\u00e8ge mieux votre machine. Et comme si cela ne suffisait pas, les cartouches Emmalla Eliot sont \u00e9galement produites de mani\u00e8re pr\u00e9cise et 100% hygi\u00e9nique, st\u00e9rilis\u00e9es par gaz E.O..<\/p>\n<p>  Avec la Magnum, conicit\u00e9 moyenne, \u00e9paisseur d&rsquo;aiguille 10 (0,30 mm), vous \u00eates assur\u00e9 d&rsquo;obtenir des r\u00e9sultats professionnels. N&rsquo;attendez plus et mettez la main sur la meilleure machine \u00e0 tatouer avec les cartouches Emmalla Eliot !<\/p>\n<p><strong>Les cartouches Emmalla Eliot sont-elles adapt\u00e9es \u00e0 un usage professionnel ?<\/strong><br \/>\n  Oui, les cartouches Emmalla Eliot sont con\u00e7ues pour un usage professionnel et offrent les caract\u00e9ristiques et la qualit\u00e9 n\u00e9cessaires pour r\u00e9aliser de beaux tatouages.<\/p>\n<p><strong>Qu&rsquo;est-ce qui rend les aiguilles des cartouches Emmalla Eliot si particuli\u00e8res ?<\/strong><br \/>\n  Les aiguilles des cartouches Emmalla Eliot sont fabriqu\u00e9es en acier inoxydable de haute qualit\u00e9 provenant du Japon, ce qui les rend tranchantes et durables. Elles sont \u00e9galement bien dispos\u00e9es pour faciliter le travail.<\/p>\n<p><strong>Quelle est la capacit\u00e9 de stockage d&rsquo;encre des cartouches Emmalla Eliot ?<\/strong><br \/>\n  La capacit\u00e9 de stockage d&rsquo;encre des cartouches Emmalla Eliot est importante, ce qui garantit un flux d&rsquo;encre r\u00e9gulier et sans \u00e9claboussures ni jets. Cela permet d&rsquo;obtenir des r\u00e9sultats professionnels.<\/p>\n","protected":false},"excerpt":{"rendered":"<p>Vous \u00eates \u00e0 la recherche d&rsquo;une machine \u00e0 tatouer de qualit\u00e9 sup\u00e9rieure ? Les cartouches Emmalla Eliot sont faites pour vous ! Cette machine dispose de tout ce dont vous avez besoin pour r\u00e9aliser de magnifiques tatouages. Les aiguilles sont fabriqu\u00e9es en acier inoxydable japonais de haute qualit\u00e9, ce qui les rend tranchantes et durables. [&hellip;]<\/p>\n","protected":false},"featured_media":1893,"template":"","meta":{"_acf_changed":false},"product_brand":[],"product_cat":[160,161],"product_tag":[169,171,167,177],"class_list":{"0":"post-2024","1":"product","2":"type-product","3":"status-publish","4":"has-post-thumbnail","6":"product_cat-aiguilles-cartouche","7":"product_cat-cartouches-emalla","8":"product_tag-030-mm-fr","9":"product_tag-cone-moyen","10":"product_tag-epaisseur-de-laiguille-10","11":"product_tag-magnum-fr-2","13":"first","14":"outofstock","15":"taxable","16":"shipping-taxable","17":"purchasable","18":"product-type-simple"},"ams_default_variation_id":0,"ams_product_points_reward":[],"ams_product_discount_percentage":0,"ams_price_to_display":23.5,"ams_acf":[],"acf":[],"_links":{"self":[{"href":"https:\/\/inkskin.nl\/fr\/wp-json\/wp\/v2\/product\/2024","targetHints":{"allow":["GET"]}}],"collection":[{"href":"https:\/\/inkskin.nl\/fr\/wp-json\/wp\/v2\/product"}],"about":[{"href":"https:\/\/inkskin.nl\/fr\/wp-json\/wp\/v2\/types\/product"}],"version-history":[{"count":0,"href":"https:\/\/inkskin.nl\/fr\/wp-json\/wp\/v2\/product\/2024\/revisions"}],"wp:featuredmedia":[{"embeddable":true,"href":"https:\/\/inkskin.nl\/fr\/wp-json\/wp\/v2\/media\/1893"}],"wp:attachment":[{"href":"https:\/\/inkskin.nl\/fr\/wp-json\/wp\/v2\/media?parent=2024"}],"wp:term":[{"taxonomy":"product_brand","embeddable":true,"href":"https:\/\/inkskin.nl\/fr\/wp-json\/wp\/v2\/product_brand?post=2024"},{"taxonomy":"product_cat","embeddable":true,"href":"https:\/\/inkskin.nl\/fr\/wp-json\/wp\/v2\/product_cat?post=2024"},{"taxonomy":"product_tag","embeddable":true,"href":"https:\/\/inkskin.nl\/fr\/wp-json\/wp\/v2\/product_tag?post=2024"}],"curies":[{"name":"wp","href":"https:\/\/api.w.org\/{rel}","templated":true}]}}