{"id":2023,"date":"2024-03-27T09:51:28","date_gmt":"2024-03-27T09:51:28","guid":{"rendered":"https:\/\/inkskin.nl\/products\/emalla-1007-mgm\/"},"modified":"2024-03-27T09:51:28","modified_gmt":"2024-03-27T09:51:28","slug":"emalla-1007-mgm","status":"publish","type":"product","link":"https:\/\/inkskin.nl\/fr\/products\/emalla-1007-mgm\/","title":{"rendered":"Emalla 1007 MGM"},"content":{"rendered":"<p>Vous \u00eates \u00e0 la recherche d&rsquo;une machine \u00e0 tatouer de qualit\u00e9 sup\u00e9rieure ? Dans ce cas, les cartouches Emmalla Eliot sont exactement ce qu&rsquo;il vous faut ! Gr\u00e2ce aux aiguilles japonaises import\u00e9es en acier inoxydable de haute qualit\u00e9, vous \u00eates assur\u00e9 d&rsquo;avoir des pointes d&rsquo;aiguille bien aiguis\u00e9es et une disposition soign\u00e9e. Le mat\u00e9riau de la coque, de qualit\u00e9 m\u00e9dicale, rend cette machine \u00e0 tatouer plus s\u00fbre que jamais.<\/p>\n<p>  Le syst\u00e8me de membrane des cartouches Emmalla Eliot offre une flexibilit\u00e9 douce et forte, gr\u00e2ce au mat\u00e9riau de la membrane et aux 4 barres \u00e9paissies. Il est donc durable et fiable. En outre, cette machine \u00e0 tatouer dispose d&rsquo;une grande capacit\u00e9 de stockage de l&rsquo;encre, ce qui garantit un flux d&rsquo;encre r\u00e9gulier et uniforme, sans jets d&rsquo;encre ni \u00e9claboussures.<\/p>\n<p>  Les cartouches Emmalla Eliot sont dot\u00e9es d&rsquo;une barre carr\u00e9e en plastique qui permet de fixer les aiguilles de mani\u00e8re stable, ce qui rend l&rsquo;appareil encore plus stable. Il est \u00e9galement dot\u00e9 d&rsquo;une membrane de s\u00e9curit\u00e9 \u00e0 trois couches qui emp\u00eache le reflux de l&rsquo;encre et prot\u00e8ge mieux votre machine \u00e0 tatouer.<\/p>\n<p>  De plus, la production des cartouches Emmalla Eliot est pr\u00e9cise et 100% hygi\u00e9nique. Chaque cartouche est st\u00e9rilis\u00e9e par gaz E.O., ce qui vous permet de travailler en toute tranquillit\u00e9. Avec un c\u00f4ne Magnum, Medium et une \u00e9paisseur d&rsquo;aiguille de 10 (0,30 mm), cette machine \u00e0 tatouer offre tout ce dont vous avez besoin pour un tatouage parfait. Investissez dans la qualit\u00e9 et choisissez les cartouches Emmalla Eliot !<\/p>\n<p><strong>Quelle est l&rsquo;\u00e9paisseur de l&rsquo;aiguille des cartouches Emmalla Eliot ?<\/strong><br \/>\n  L&rsquo;\u00e9paisseur de l&rsquo;aiguille des cartouches Eliot d&rsquo;Emmalla est de 10 (0,30 mm).<\/p>\n<p><strong>Comment les cartouches Emmalla Eliot sont-elles st\u00e9rilis\u00e9es ?<\/strong><br \/>\n  Chaque cartouche des cartouches Emmalla Eliot est st\u00e9rilis\u00e9e par gaz E.O..<\/p>\n<p><strong>Quel est le type de tige des cartouches Emmalla Eliot ?<\/strong><br \/>\n  Les cartouches Emmalla Eliot sont con\u00e7ues avec une tige carr\u00e9e en plastique.<\/p>\n","protected":false},"excerpt":{"rendered":"<p>Vous \u00eates \u00e0 la recherche d&rsquo;une machine \u00e0 tatouer de qualit\u00e9 sup\u00e9rieure ? Dans ce cas, les cartouches Emmalla Eliot sont exactement ce qu&rsquo;il vous faut ! Gr\u00e2ce aux aiguilles japonaises import\u00e9es en acier inoxydable de haute qualit\u00e9, vous \u00eates assur\u00e9 d&rsquo;avoir des pointes d&rsquo;aiguille bien aiguis\u00e9es et une disposition soign\u00e9e. Le mat\u00e9riau de la [&hellip;]<\/p>\n","protected":false},"featured_media":1893,"template":"","meta":{"_acf_changed":false},"product_brand":[],"product_cat":[160,161],"product_tag":[169,171,167,177],"class_list":{"0":"post-2023","1":"product","2":"type-product","3":"status-publish","4":"has-post-thumbnail","6":"product_cat-aiguilles-cartouche","7":"product_cat-cartouches-emalla","8":"product_tag-030-mm-fr","9":"product_tag-cone-moyen","10":"product_tag-epaisseur-de-laiguille-10","11":"product_tag-magnum-fr-2","13":"first","14":"outofstock","15":"taxable","16":"shipping-taxable","17":"purchasable","18":"product-type-simple"},"ams_default_variation_id":0,"ams_product_points_reward":[],"ams_product_discount_percentage":0,"ams_price_to_display":25.5,"ams_acf":[],"acf":[],"_links":{"self":[{"href":"https:\/\/inkskin.nl\/fr\/wp-json\/wp\/v2\/product\/2023","targetHints":{"allow":["GET"]}}],"collection":[{"href":"https:\/\/inkskin.nl\/fr\/wp-json\/wp\/v2\/product"}],"about":[{"href":"https:\/\/inkskin.nl\/fr\/wp-json\/wp\/v2\/types\/product"}],"version-history":[{"count":0,"href":"https:\/\/inkskin.nl\/fr\/wp-json\/wp\/v2\/product\/2023\/revisions"}],"wp:featuredmedia":[{"embeddable":true,"href":"https:\/\/inkskin.nl\/fr\/wp-json\/wp\/v2\/media\/1893"}],"wp:attachment":[{"href":"https:\/\/inkskin.nl\/fr\/wp-json\/wp\/v2\/media?parent=2023"}],"wp:term":[{"taxonomy":"product_brand","embeddable":true,"href":"https:\/\/inkskin.nl\/fr\/wp-json\/wp\/v2\/product_brand?post=2023"},{"taxonomy":"product_cat","embeddable":true,"href":"https:\/\/inkskin.nl\/fr\/wp-json\/wp\/v2\/product_cat?post=2023"},{"taxonomy":"product_tag","embeddable":true,"href":"https:\/\/inkskin.nl\/fr\/wp-json\/wp\/v2\/product_tag?post=2023"}],"curies":[{"name":"wp","href":"https:\/\/api.w.org\/{rel}","templated":true}]}}