{"id":2022,"date":"2024-03-27T09:51:24","date_gmt":"2024-03-27T09:51:24","guid":{"rendered":"https:\/\/inkskin.nl\/products\/emalla-1009-mgm\/"},"modified":"2024-03-27T09:51:24","modified_gmt":"2024-03-27T09:51:24","slug":"emalla-1009-mgm","status":"publish","type":"product","link":"https:\/\/inkskin.nl\/fr\/products\/emalla-1009-mgm\/","title":{"rendered":"Emalla 1009 MGM"},"content":{"rendered":"<p>Vous recherchez une machine \u00e0 tatouer r\u00e9pondant aux normes de qualit\u00e9 les plus strictes ? Dans ce cas, nos cartouches Emmalla Eliot sont exactement ce qu&rsquo;il vous faut ! Gr\u00e2ce aux aiguilles japonaises import\u00e9es en acier inoxydable de haute qualit\u00e9, vous \u00eates assur\u00e9 d&rsquo;avoir des pointes d&rsquo;aiguille bien aiguis\u00e9es et une disposition soign\u00e9e.  <\/p>\n<p>  En termes de s\u00e9curit\u00e9, vous \u00eates \u00e9galement au bon endroit avec cette machine \u00e0 tatouer. La coque est fabriqu\u00e9e en PC m\u00e9dical, plus s\u00fbr que le PVC. Il est \u00e9galement dot\u00e9 d&rsquo;un syst\u00e8me de membrane souple et tr\u00e8s flexible, gr\u00e2ce au mat\u00e9riau de la membrane avec 4 barres \u00e9paisses pour une plus grande durabilit\u00e9.  <\/p>\n<p>  Le flux d&rsquo;encre est r\u00e9gulier et uniforme, sans jets d&rsquo;encre ni \u00e9claboussures. La barre en plastique de forme carr\u00e9e assure la stabilit\u00e9 des aiguilles et de la machine \u00e0 tatouer. En outre, une membrane de s\u00e9curit\u00e9 \u00e0 trois couches emp\u00eache le reflux de l&rsquo;encre, ce qui renforce la protection de votre machine \u00e0 tatouer.<\/p>\n<p>  Et comme si cela ne suffisait pas, la production des cartouches Emmalla Eliot est pr\u00e9cise et 100% hygi\u00e9nique. St\u00e9rilis\u00e9e par gaz E.O., cette machine \u00e0 tatouer Magnum, \u00e0 conicit\u00e9 moyenne, avec une \u00e9paisseur d&rsquo;aiguille de 0,30 mm, vous permet de commencer sans souci. Optez pour la qualit\u00e9 et la commodit\u00e9 avec nos cartouches Emmalla Eliot !<\/p>\n<p><strong>De quel mat\u00e9riau est faite la machine \u00e0 tatouer Emmalla Eliot Cartridges ?<\/strong><br \/>\n  La machine \u00e0 tatouer est fabriqu\u00e9e en PC m\u00e9dical, plus s\u00fbr que le PVC.<\/p>\n<p><strong>Comment le d\u00e9bit d&rsquo;encre de la machine \u00e0 tatouer est-il garanti ?<\/strong><br \/>\n  Le flux d&rsquo;encre est r\u00e9gulier et uniforme, sans jets ni \u00e9claboussures, gr\u00e2ce \u00e0 la barre en plastique de forme carr\u00e9e qui assure la stabilit\u00e9 des aiguilles et de la machine \u00e0 tatouer.<\/p>\n<p><strong>La machine \u00e0 tatouer Emmalla Eliot Cartridges est-elle hygi\u00e9nique et s\u00fbre ?<\/strong><br \/>\n  Oui, la machine \u00e0 tatouer est produite de mani\u00e8re pr\u00e9cise et 100% hygi\u00e9nique. Il est st\u00e9rilis\u00e9 par gaz E.O. et comporte une membrane de s\u00e9curit\u00e9 \u00e0 trois couches qui emp\u00eache le reflux de l&rsquo;encre et assure une meilleure protection de la machine \u00e0 tatouer.<\/p>\n","protected":false},"excerpt":{"rendered":"<p>Vous recherchez une machine \u00e0 tatouer r\u00e9pondant aux normes de qualit\u00e9 les plus strictes ? Dans ce cas, nos cartouches Emmalla Eliot sont exactement ce qu&rsquo;il vous faut ! Gr\u00e2ce aux aiguilles japonaises import\u00e9es en acier inoxydable de haute qualit\u00e9, vous \u00eates assur\u00e9 d&rsquo;avoir des pointes d&rsquo;aiguille bien aiguis\u00e9es et une disposition soign\u00e9e. En termes [&hellip;]<\/p>\n","protected":false},"featured_media":1893,"template":"","meta":{"_acf_changed":false},"product_brand":[],"product_cat":[160,161],"product_tag":[169,171,167,177],"class_list":{"0":"post-2022","1":"product","2":"type-product","3":"status-publish","4":"has-post-thumbnail","6":"product_cat-aiguilles-cartouche","7":"product_cat-cartouches-emalla","8":"product_tag-030-mm-fr","9":"product_tag-cone-moyen","10":"product_tag-epaisseur-de-laiguille-10","11":"product_tag-magnum-fr-2","13":"first","14":"outofstock","15":"taxable","16":"shipping-taxable","17":"purchasable","18":"product-type-simple"},"ams_default_variation_id":0,"ams_product_points_reward":[],"ams_product_discount_percentage":0,"ams_price_to_display":25.5,"ams_acf":[],"acf":[],"_links":{"self":[{"href":"https:\/\/inkskin.nl\/fr\/wp-json\/wp\/v2\/product\/2022","targetHints":{"allow":["GET"]}}],"collection":[{"href":"https:\/\/inkskin.nl\/fr\/wp-json\/wp\/v2\/product"}],"about":[{"href":"https:\/\/inkskin.nl\/fr\/wp-json\/wp\/v2\/types\/product"}],"version-history":[{"count":0,"href":"https:\/\/inkskin.nl\/fr\/wp-json\/wp\/v2\/product\/2022\/revisions"}],"wp:featuredmedia":[{"embeddable":true,"href":"https:\/\/inkskin.nl\/fr\/wp-json\/wp\/v2\/media\/1893"}],"wp:attachment":[{"href":"https:\/\/inkskin.nl\/fr\/wp-json\/wp\/v2\/media?parent=2022"}],"wp:term":[{"taxonomy":"product_brand","embeddable":true,"href":"https:\/\/inkskin.nl\/fr\/wp-json\/wp\/v2\/product_brand?post=2022"},{"taxonomy":"product_cat","embeddable":true,"href":"https:\/\/inkskin.nl\/fr\/wp-json\/wp\/v2\/product_cat?post=2022"},{"taxonomy":"product_tag","embeddable":true,"href":"https:\/\/inkskin.nl\/fr\/wp-json\/wp\/v2\/product_tag?post=2022"}],"curies":[{"name":"wp","href":"https:\/\/api.w.org\/{rel}","templated":true}]}}