{"id":2021,"date":"2024-03-27T09:51:27","date_gmt":"2024-03-27T09:51:27","guid":{"rendered":"https:\/\/inkskin.nl\/products\/emalla-1007-rll\/"},"modified":"2024-03-27T09:51:27","modified_gmt":"2024-03-27T09:51:27","slug":"emalla-1007-rll","status":"publish","type":"product","link":"https:\/\/inkskin.nl\/fr\/products\/emalla-1007-rll\/","title":{"rendered":"Emalla 1007 RLL"},"content":{"rendered":"<p>Vous \u00eates \u00e0 la recherche d&rsquo;une machine \u00e0 tatouer de qualit\u00e9 sup\u00e9rieure ? Dans ce cas, les cartouches Emmalla Eliot sont le choix id\u00e9al pour vous ! Cette machine \u00e0 tatouer est \u00e9quip\u00e9e d&rsquo;aiguilles japonaises import\u00e9es en acier inoxydable de haute qualit\u00e9, avec des pointes d&rsquo;aiguille ac\u00e9r\u00e9es et une disposition soign\u00e9e. Le mat\u00e9riau de la coque est un PC de qualit\u00e9 m\u00e9dicale, qui offre plus de s\u00e9curit\u00e9 que le PVC.  <\/p>\n<p>  Le syst\u00e8me de membrane des cartouches Emmalla Eliot offre une flexibilit\u00e9 douce et forte, avec 4 barres \u00e9paissies pour une dur\u00e9e de vie plus longue. En outre, cette machine \u00e0 tatouer dispose d&rsquo;une grande capacit\u00e9 de stockage de l&rsquo;encre, ce qui garantit un flux d&rsquo;encre fluide et r\u00e9gulier, sans jets d&rsquo;encre ni \u00e9claboussures.  <\/p>\n<p>  Gr\u00e2ce \u00e0 la tige carr\u00e9e en plastique, les aiguilles restent stables et l&rsquo;aiguille est plus stable. La membrane de s\u00e9curit\u00e9 \u00e0 trois couches emp\u00eache le reflux de l&rsquo;encre, ce qui permet de mieux prot\u00e9ger votre machine \u00e0 tatouer.  <\/p>\n<p>  Les cartouches Emmalla Eliot sont fabriqu\u00e9es avec pr\u00e9cision et de mani\u00e8re 100% hygi\u00e9nique et sont st\u00e9rilis\u00e9es au gaz E.O.. Avec une \u00e9paisseur d&rsquo;aiguille de 10 (0,30 mm) et un long c\u00f4ne, cette machine \u00e0 tatouer est id\u00e9ale pour r\u00e9aliser des tatouages nets et d\u00e9taill\u00e9s.<\/p>\n<p><strong>Les cartouches Emmalla Eliot sont-elles livr\u00e9es avec des aiguilles de qualit\u00e9 sup\u00e9rieure ?<\/strong><br \/>\n  Oui, les cartouches Eliot d&rsquo;Emmalla sont dot\u00e9es d&rsquo;aiguilles japonaises en acier inoxydable import\u00e9es de haute qualit\u00e9.<\/p>\n<p><strong>Quel est le mat\u00e9riau de la machine \u00e0 tatouer et comment contribue-t-il \u00e0 la s\u00e9curit\u00e9 ?<\/strong><br \/>\n  La coque des cartouches Emmalla Eliot est fabriqu\u00e9e en PC de qualit\u00e9 m\u00e9dicale, ce qui offre plus de s\u00e9curit\u00e9 que le PVC.<\/p>\n<p><strong>Les cartouches Emmalla Eliot ont-elles un bon d\u00e9bit d&rsquo;encre sans \u00e9claboussures ?<\/strong><br \/>\n  Oui, la machine \u00e0 tatouer dispose d&rsquo;une grande capacit\u00e9 de stockage de l&rsquo;encre, ce qui garantit un flux d&rsquo;encre fluide et r\u00e9gulier, sans jets ni \u00e9claboussures.<\/p>\n","protected":false},"excerpt":{"rendered":"<p>Vous \u00eates \u00e0 la recherche d&rsquo;une machine \u00e0 tatouer de qualit\u00e9 sup\u00e9rieure ? Dans ce cas, les cartouches Emmalla Eliot sont le choix id\u00e9al pour vous ! Cette machine \u00e0 tatouer est \u00e9quip\u00e9e d&rsquo;aiguilles japonaises import\u00e9es en acier inoxydable de haute qualit\u00e9, avec des pointes d&rsquo;aiguille ac\u00e9r\u00e9es et une disposition soign\u00e9e. Le mat\u00e9riau de la [&hellip;]<\/p>\n","protected":false},"featured_media":1893,"template":"","meta":{"_acf_changed":false},"product_brand":[],"product_cat":[160,161],"product_tag":[169,164,174,167],"class_list":{"0":"post-2021","1":"product","2":"type-product","3":"status-publish","4":"has-post-thumbnail","6":"product_cat-aiguilles-cartouche","7":"product_cat-cartouches-emalla","8":"product_tag-030-mm-fr","9":"product_tag-cone-long-fr","10":"product_tag-doublure-ronde-fr","11":"product_tag-epaisseur-de-laiguille-10","13":"first","14":"instock","15":"taxable","16":"shipping-taxable","17":"purchasable","18":"product-type-simple"},"ams_default_variation_id":0,"ams_product_points_reward":[],"ams_product_discount_percentage":0,"ams_price_to_display":25.5,"ams_acf":[],"acf":[],"_links":{"self":[{"href":"https:\/\/inkskin.nl\/fr\/wp-json\/wp\/v2\/product\/2021","targetHints":{"allow":["GET"]}}],"collection":[{"href":"https:\/\/inkskin.nl\/fr\/wp-json\/wp\/v2\/product"}],"about":[{"href":"https:\/\/inkskin.nl\/fr\/wp-json\/wp\/v2\/types\/product"}],"version-history":[{"count":0,"href":"https:\/\/inkskin.nl\/fr\/wp-json\/wp\/v2\/product\/2021\/revisions"}],"wp:featuredmedia":[{"embeddable":true,"href":"https:\/\/inkskin.nl\/fr\/wp-json\/wp\/v2\/media\/1893"}],"wp:attachment":[{"href":"https:\/\/inkskin.nl\/fr\/wp-json\/wp\/v2\/media?parent=2021"}],"wp:term":[{"taxonomy":"product_brand","embeddable":true,"href":"https:\/\/inkskin.nl\/fr\/wp-json\/wp\/v2\/product_brand?post=2021"},{"taxonomy":"product_cat","embeddable":true,"href":"https:\/\/inkskin.nl\/fr\/wp-json\/wp\/v2\/product_cat?post=2021"},{"taxonomy":"product_tag","embeddable":true,"href":"https:\/\/inkskin.nl\/fr\/wp-json\/wp\/v2\/product_tag?post=2021"}],"curies":[{"name":"wp","href":"https:\/\/api.w.org\/{rel}","templated":true}]}}