{"id":2020,"date":"2024-03-27T09:51:23","date_gmt":"2024-03-27T09:51:23","guid":{"rendered":"https:\/\/inkskin.nl\/products\/emalla-1009-rll\/"},"modified":"2024-03-27T09:51:23","modified_gmt":"2024-03-27T09:51:23","slug":"emalla-1009-rll","status":"publish","type":"product","link":"https:\/\/inkskin.nl\/fr\/products\/emalla-1009-rll\/","title":{"rendered":"Emalla 1009 RLL"},"content":{"rendered":"<p>Vous \u00eates \u00e0 la recherche d&rsquo;une machine \u00e0 tatouer de qualit\u00e9 sup\u00e9rieure ? Dans ce cas, les cartouches Emmalla Eliot sont exactement ce qu&rsquo;il vous faut ! Gr\u00e2ce aux aiguilles japonaises import\u00e9es en acier inoxydable de haute qualit\u00e9, dot\u00e9es de pointes ac\u00e9r\u00e9es et bien dispos\u00e9es, vous \u00eates assur\u00e9 de la pr\u00e9cision et de l&rsquo;exactitude de chaque tatouage.<\/p>\n<p> Mais ce n&rsquo;est pas tout ! Le mat\u00e9riau de la coque, de qualit\u00e9 m\u00e9dicale, offre une s\u00e9curit\u00e9 accrue par rapport au mat\u00e9riau PVC. Et gr\u00e2ce au syst\u00e8me de membrane \u00e0 la flexibilit\u00e9 souple et forte, combin\u00e9 au mat\u00e9riau de membrane \u00e0 4 barres \u00e9paisses, cette machine \u00e0 tatouer est \u00e9galement durable et fiable.<\/p>\n<p>  Avec une grande capacit\u00e9 de stockage d&rsquo;encre et un flux d&rsquo;encre fluide et uniforme, vous n&rsquo;aurez pas \u00e0 vous soucier des jets d&rsquo;encre et des \u00e9claboussures. La barre carr\u00e9e en plastique garantit la stabilit\u00e9 des aiguilles et le bon fonctionnement de la machine \u00e0 tatouer. Et gr\u00e2ce \u00e0 la conception de la membrane de s\u00e9curit\u00e9 \u00e0 trois couches, le reflux d&rsquo;encre est \u00e9vit\u00e9 et votre machine \u00e0 tatouer reste prot\u00e9g\u00e9e de mani\u00e8re optimale.<\/p>\n<p>  Les cartouches Emmalla Eliot sont fabriqu\u00e9es de mani\u00e8re pr\u00e9cise et 100% hygi\u00e9nique. St\u00e9rilis\u00e9e par gaz E.O., vous avez l&rsquo;assurance d&rsquo;une machine \u00e0 tatouer s\u00fbre et fiable. Avec un long c\u00f4ne et une \u00e9paisseur d&rsquo;aiguille de 10 (0,30 mm), cette machine \u00e0 tatouer est parfaite pour les lignes rondes. N&rsquo;attendez plus et procurez-vous d\u00e8s aujourd&rsquo;hui les cartouches Emmalla Eliot pour une exp\u00e9rience de tatouage optimale !<\/p>\n<p><strong>Quel est le mat\u00e9riau des cartouches Emmalla Eliot ?<\/strong><br \/>\n  Le mat\u00e9riau de l&rsquo;enveloppe des cartouches Emmalla Eliot est de qualit\u00e9 m\u00e9dicale et non en PVC.<\/p>\n<p><strong>Comment les cartouches Emmalla Eliot garantissent-elles un d\u00e9bit d&rsquo;encre stable et emp\u00eachent-elles les jets d&rsquo;encre et les \u00e9claboussures ?<\/strong><br \/>\n  La barre carr\u00e9e en plastique de la machine \u00e0 tatouer permet aux aiguilles de rester stables et \u00e0 la machine \u00e0 tatouer de fonctionner de mani\u00e8re stable. Il en r\u00e9sulte un flux d&rsquo;encre lisse et uniforme, sans jets d&rsquo;encre ni \u00e9claboussures.<\/p>\n<p><strong>Comment les cartouches Emmalla Eliot sont-elles st\u00e9rilis\u00e9es ?<\/strong><br \/>\n  Les cartouches Emmalla Eliot sont st\u00e9rilis\u00e9es par gaz E.O., ce qui garantit une machine \u00e0 tatouer s\u00fbre et hygi\u00e9nique.<\/p>\n","protected":false},"excerpt":{"rendered":"<p>Vous \u00eates \u00e0 la recherche d&rsquo;une machine \u00e0 tatouer de qualit\u00e9 sup\u00e9rieure ? Dans ce cas, les cartouches Emmalla Eliot sont exactement ce qu&rsquo;il vous faut ! Gr\u00e2ce aux aiguilles japonaises import\u00e9es en acier inoxydable de haute qualit\u00e9, dot\u00e9es de pointes ac\u00e9r\u00e9es et bien dispos\u00e9es, vous \u00eates assur\u00e9 de la pr\u00e9cision et de l&rsquo;exactitude de [&hellip;]<\/p>\n","protected":false},"featured_media":1893,"template":"","meta":{"_acf_changed":false},"product_brand":[],"product_cat":[160,161],"product_tag":[169,164,174,167],"class_list":{"0":"post-2020","1":"product","2":"type-product","3":"status-publish","4":"has-post-thumbnail","6":"product_cat-aiguilles-cartouche","7":"product_cat-cartouches-emalla","8":"product_tag-030-mm-fr","9":"product_tag-cone-long-fr","10":"product_tag-doublure-ronde-fr","11":"product_tag-epaisseur-de-laiguille-10","13":"first","14":"instock","15":"taxable","16":"shipping-taxable","17":"purchasable","18":"product-type-simple"},"ams_default_variation_id":0,"ams_product_points_reward":[],"ams_product_discount_percentage":0,"ams_price_to_display":25.5,"ams_acf":[],"acf":[],"_links":{"self":[{"href":"https:\/\/inkskin.nl\/fr\/wp-json\/wp\/v2\/product\/2020","targetHints":{"allow":["GET"]}}],"collection":[{"href":"https:\/\/inkskin.nl\/fr\/wp-json\/wp\/v2\/product"}],"about":[{"href":"https:\/\/inkskin.nl\/fr\/wp-json\/wp\/v2\/types\/product"}],"version-history":[{"count":0,"href":"https:\/\/inkskin.nl\/fr\/wp-json\/wp\/v2\/product\/2020\/revisions"}],"wp:featuredmedia":[{"embeddable":true,"href":"https:\/\/inkskin.nl\/fr\/wp-json\/wp\/v2\/media\/1893"}],"wp:attachment":[{"href":"https:\/\/inkskin.nl\/fr\/wp-json\/wp\/v2\/media?parent=2020"}],"wp:term":[{"taxonomy":"product_brand","embeddable":true,"href":"https:\/\/inkskin.nl\/fr\/wp-json\/wp\/v2\/product_brand?post=2020"},{"taxonomy":"product_cat","embeddable":true,"href":"https:\/\/inkskin.nl\/fr\/wp-json\/wp\/v2\/product_cat?post=2020"},{"taxonomy":"product_tag","embeddable":true,"href":"https:\/\/inkskin.nl\/fr\/wp-json\/wp\/v2\/product_tag?post=2020"}],"curies":[{"name":"wp","href":"https:\/\/api.w.org\/{rel}","templated":true}]}}