{"id":2019,"date":"2024-03-27T09:51:26","date_gmt":"2024-03-27T09:51:26","guid":{"rendered":"https:\/\/inkskin.nl\/products\/emalla-1007-rlm\/"},"modified":"2024-03-27T09:51:26","modified_gmt":"2024-03-27T09:51:26","slug":"emalla-1007-rlm","status":"publish","type":"product","link":"https:\/\/inkskin.nl\/fr\/products\/emalla-1007-rlm\/","title":{"rendered":"Emalla 1007 RLM"},"content":{"rendered":"<p>Vous \u00eates \u00e0 la recherche d&rsquo;une machine \u00e0 tatouer de haute qualit\u00e9 ? Dans ce cas, les cartouches Emmalla Eliot sont exactement ce qu&rsquo;il vous faut ! Cette machine est fabriqu\u00e9e en acier inoxydable japonais import\u00e9, ce qui rend les aiguilles super tranchantes et bien dispos\u00e9es. La coque est fabriqu\u00e9e en PC m\u00e9dical, ce qui la rend plus s\u00fbre que le PVC.  <\/p>\n<p>  Son syst\u00e8me de membrane assure une flexibilit\u00e9 souple et forte. Le mat\u00e9riau de la membrane comporte m\u00eame 4 barres \u00e9paisses, ce qui lui conf\u00e8re une durabilit\u00e9 accrue. Il dispose \u00e9galement d&rsquo;une grande capacit\u00e9 de stockage de l&rsquo;encre, ce qui permet \u00e0 l&rsquo;encre de s&rsquo;\u00e9couler de mani\u00e8re fluide et r\u00e9guli\u00e8re, sans \u00e9claboussures.  <\/p>\n<p>  Les cartouches Emmalla Eliot sont \u00e9galement dot\u00e9es d&rsquo;une barre en plastique de forme carr\u00e9e qui permet de fixer solidement les aiguilles, garantissant ainsi une exp\u00e9rience de tatouage stable. Il est \u00e9galement dot\u00e9 d&rsquo;une membrane de s\u00e9curit\u00e9 \u00e0 trois couches, qui emp\u00eache le reflux de l&rsquo;encre et prot\u00e8ge mieux votre machine \u00e0 tatouer.  <\/p>\n<p>  Ces cartouches sont \u00e9galement produites de mani\u00e8re pr\u00e9cise et 100% hygi\u00e9nique et sont st\u00e9rilis\u00e9es par gaz E.O.. Avec une conicit\u00e9 moyenne et une \u00e9paisseur d&rsquo;aiguille de 10 (0,30 mm), c&rsquo;est la machine id\u00e9ale pour vos tatouages.<\/p>\n<p><strong>Quel est le mat\u00e9riau des cartouches Emmalla Eliot ?<\/strong><br \/>\n  Les cartouches Eliot d&rsquo;Emmalla sont fabriqu\u00e9es en acier inoxydable japonais import\u00e9.<\/p>\n<p><strong>Quel type de mat\u00e9riau est utilis\u00e9 pour la coque de la machine ?<\/strong><br \/>\n  La coque de la machine est fabriqu\u00e9e en PC m\u00e9dical, un mat\u00e9riau plus s\u00fbr que le PVC.<\/p>\n<p><strong>Quelle est l&rsquo;\u00e9paisseur des aiguilles des cartouches Emmalla Eliot ?<\/strong><br \/>\n  Les aiguilles des cartouches Emmalla Eliot ont une \u00e9paisseur de 10 (0,30 mm).<\/p>\n","protected":false},"excerpt":{"rendered":"<p>Vous \u00eates \u00e0 la recherche d&rsquo;une machine \u00e0 tatouer de haute qualit\u00e9 ? Dans ce cas, les cartouches Emmalla Eliot sont exactement ce qu&rsquo;il vous faut ! Cette machine est fabriqu\u00e9e en acier inoxydable japonais import\u00e9, ce qui rend les aiguilles super tranchantes et bien dispos\u00e9es. La coque est fabriqu\u00e9e en PC m\u00e9dical, ce qui [&hellip;]<\/p>\n","protected":false},"featured_media":1893,"template":"","meta":{"_acf_changed":false},"product_brand":[],"product_cat":[160,161],"product_tag":[169,171,174,167],"class_list":{"0":"post-2019","1":"product","2":"type-product","3":"status-publish","4":"has-post-thumbnail","6":"product_cat-aiguilles-cartouche","7":"product_cat-cartouches-emalla","8":"product_tag-030-mm-fr","9":"product_tag-cone-moyen","10":"product_tag-doublure-ronde-fr","11":"product_tag-epaisseur-de-laiguille-10","13":"first","14":"outofstock","15":"taxable","16":"shipping-taxable","17":"purchasable","18":"product-type-simple"},"ams_default_variation_id":0,"ams_product_points_reward":[],"ams_product_discount_percentage":0,"ams_price_to_display":23.8,"ams_acf":[],"acf":[],"_links":{"self":[{"href":"https:\/\/inkskin.nl\/fr\/wp-json\/wp\/v2\/product\/2019","targetHints":{"allow":["GET"]}}],"collection":[{"href":"https:\/\/inkskin.nl\/fr\/wp-json\/wp\/v2\/product"}],"about":[{"href":"https:\/\/inkskin.nl\/fr\/wp-json\/wp\/v2\/types\/product"}],"version-history":[{"count":0,"href":"https:\/\/inkskin.nl\/fr\/wp-json\/wp\/v2\/product\/2019\/revisions"}],"wp:featuredmedia":[{"embeddable":true,"href":"https:\/\/inkskin.nl\/fr\/wp-json\/wp\/v2\/media\/1893"}],"wp:attachment":[{"href":"https:\/\/inkskin.nl\/fr\/wp-json\/wp\/v2\/media?parent=2019"}],"wp:term":[{"taxonomy":"product_brand","embeddable":true,"href":"https:\/\/inkskin.nl\/fr\/wp-json\/wp\/v2\/product_brand?post=2019"},{"taxonomy":"product_cat","embeddable":true,"href":"https:\/\/inkskin.nl\/fr\/wp-json\/wp\/v2\/product_cat?post=2019"},{"taxonomy":"product_tag","embeddable":true,"href":"https:\/\/inkskin.nl\/fr\/wp-json\/wp\/v2\/product_tag?post=2019"}],"curies":[{"name":"wp","href":"https:\/\/api.w.org\/{rel}","templated":true}]}}