{"id":2018,"date":"2024-03-27T09:51:22","date_gmt":"2024-03-27T09:51:22","guid":{"rendered":"https:\/\/inkskin.nl\/products\/emalla-1009-rlm\/"},"modified":"2024-03-27T09:51:22","modified_gmt":"2024-03-27T09:51:22","slug":"emalla-1009-rlm","status":"publish","type":"product","link":"https:\/\/inkskin.nl\/fr\/products\/emalla-1009-rlm\/","title":{"rendered":"Emalla 1009 RLM"},"content":{"rendered":"<p>Vous voulez la meilleure qualit\u00e9 pour votre exp\u00e9rience de tatouage ? La cartouche Eliot d&rsquo;Emmalla est faite pour vous ! Gr\u00e2ce aux aiguilles japonaises import\u00e9es de haute qualit\u00e9, vous \u00eates assur\u00e9 d&rsquo;avoir des pointes d&rsquo;aiguille bien aiguis\u00e9es et une disposition soign\u00e9e. Mais ce n&rsquo;est pas tout ! La coque est fabriqu\u00e9e en PC m\u00e9dical, plus s\u00fbr que le PVC. Le syst\u00e8me de membrane offre une flexibilit\u00e9 douce et forte, avec un mat\u00e9riau de membrane renforc\u00e9 par 4 barres \u00e9paisses pour une durabilit\u00e9 accrue. Et le meilleur de tous ? La grande capacit\u00e9 de stockage de l&rsquo;encre garantit un flux d&rsquo;encre r\u00e9gulier et uniforme, sans jets ni \u00e9claboussures. La conception de la membrane de s\u00e9curit\u00e9 \u00e0 trois couches assure une protection optimale de votre machine \u00e0 tatouer. Et comme si cela ne suffisait pas, les cartouches Emmalla Eliot sont produites de mani\u00e8re pr\u00e9cise et 100% hygi\u00e9nique. St\u00e9rilis\u00e9 par gaz E.O., vous pouvez profiter de votre exp\u00e9rience de tatouage en toute s\u00e9r\u00e9nit\u00e9. Optez pour le meilleur et choisissez les cartouches Emmalla Eliot !<\/p>\n<p><strong>Quelles sont les principales caract\u00e9ristiques des cartouches Emmalla Eliot ?<\/strong><br \/>\n  Les cartouches Emmalla Eliot sont dot\u00e9es d&rsquo;aiguilles japonaises import\u00e9es de haute qualit\u00e9, d&rsquo;une coque en PC m\u00e9dical et d&rsquo;un syst\u00e8me de membrane pour une flexibilit\u00e9 douce et forte. Ils disposent \u00e9galement d&rsquo;une grande capacit\u00e9 de stockage d&rsquo;encre pour un flux d&rsquo;encre fluide et uniforme, et d&rsquo;une membrane de s\u00e9curit\u00e9 \u00e0 trois couches pour une protection optimale.<\/p>\n<p><strong>Comment les cartouches Emmalla Eliot sont-elles produites ?<\/strong><br \/>\n  Les cartouches Emmalla Eliot sont produites de mani\u00e8re pr\u00e9cise et 100% hygi\u00e9nique. Ils sont st\u00e9rilis\u00e9s par gaz E.O., ce qui garantit une exp\u00e9rience de tatouage s\u00fbre.<\/p>\n<p><strong>Quel est l&rsquo;avantage d&rsquo;utiliser les cartouches Emmalla Eliot ?<\/strong><br \/>\n  L&rsquo;utilisation des cartouches Emmalla Eliot pr\u00e9sente plusieurs avantages. Tout d&rsquo;abord, des aiguilles japonaises import\u00e9es de haute qualit\u00e9 garantissent des pointes d&rsquo;aiguille tranchantes et une disposition nette. En outre, la coque est fabriqu\u00e9e en PC m\u00e9dical, un mat\u00e9riau plus s\u00fbr que le PVC. Le syst\u00e8me de membrane assure flexibilit\u00e9 et durabilit\u00e9, tandis que la grande capacit\u00e9 de stockage de l&rsquo;encre garantit un flux d&rsquo;encre r\u00e9gulier, sans jets ni \u00e9claboussures. La conception de la membrane de s\u00e9curit\u00e9 \u00e0 trois couches assure une protection optimale de la machine \u00e0 tatouer. De plus, les cartouches sont<\/p>\n","protected":false},"excerpt":{"rendered":"<p>Vous voulez la meilleure qualit\u00e9 pour votre exp\u00e9rience de tatouage ? La cartouche Eliot d&rsquo;Emmalla est faite pour vous ! Gr\u00e2ce aux aiguilles japonaises import\u00e9es de haute qualit\u00e9, vous \u00eates assur\u00e9 d&rsquo;avoir des pointes d&rsquo;aiguille bien aiguis\u00e9es et une disposition soign\u00e9e. Mais ce n&rsquo;est pas tout ! La coque est fabriqu\u00e9e en PC m\u00e9dical, plus [&hellip;]<\/p>\n","protected":false},"featured_media":1893,"template":"","meta":{"_acf_changed":false},"product_brand":[],"product_cat":[160,161],"product_tag":[169,171,174,167],"class_list":{"0":"post-2018","1":"product","2":"type-product","3":"status-publish","4":"has-post-thumbnail","6":"product_cat-aiguilles-cartouche","7":"product_cat-cartouches-emalla","8":"product_tag-030-mm-fr","9":"product_tag-cone-moyen","10":"product_tag-doublure-ronde-fr","11":"product_tag-epaisseur-de-laiguille-10","13":"first","14":"outofstock","15":"taxable","16":"shipping-taxable","17":"purchasable","18":"product-type-simple"},"ams_default_variation_id":0,"ams_product_points_reward":[],"ams_product_discount_percentage":0,"ams_price_to_display":25.5,"ams_acf":[],"acf":[],"_links":{"self":[{"href":"https:\/\/inkskin.nl\/fr\/wp-json\/wp\/v2\/product\/2018","targetHints":{"allow":["GET"]}}],"collection":[{"href":"https:\/\/inkskin.nl\/fr\/wp-json\/wp\/v2\/product"}],"about":[{"href":"https:\/\/inkskin.nl\/fr\/wp-json\/wp\/v2\/types\/product"}],"version-history":[{"count":0,"href":"https:\/\/inkskin.nl\/fr\/wp-json\/wp\/v2\/product\/2018\/revisions"}],"wp:featuredmedia":[{"embeddable":true,"href":"https:\/\/inkskin.nl\/fr\/wp-json\/wp\/v2\/media\/1893"}],"wp:attachment":[{"href":"https:\/\/inkskin.nl\/fr\/wp-json\/wp\/v2\/media?parent=2018"}],"wp:term":[{"taxonomy":"product_brand","embeddable":true,"href":"https:\/\/inkskin.nl\/fr\/wp-json\/wp\/v2\/product_brand?post=2018"},{"taxonomy":"product_cat","embeddable":true,"href":"https:\/\/inkskin.nl\/fr\/wp-json\/wp\/v2\/product_cat?post=2018"},{"taxonomy":"product_tag","embeddable":true,"href":"https:\/\/inkskin.nl\/fr\/wp-json\/wp\/v2\/product_tag?post=2018"}],"curies":[{"name":"wp","href":"https:\/\/api.w.org\/{rel}","templated":true}]}}