{"id":2017,"date":"2024-03-27T09:51:21","date_gmt":"2024-03-27T09:51:21","guid":{"rendered":"https:\/\/inkskin.nl\/products\/emalla-1009-rsl\/"},"modified":"2024-03-27T09:51:21","modified_gmt":"2024-03-27T09:51:21","slug":"emalla-1009-rsl","status":"publish","type":"product","link":"https:\/\/inkskin.nl\/fr\/products\/emalla-1009-rsl\/","title":{"rendered":"Emalla 1009 RSL"},"content":{"rendered":"<p>Vous cherchez une aiguille de tatouage de la plus haute qualit\u00e9 ? Dans ce cas, les cartouches Emmalla Eliot sont exactement ce qu&rsquo;il vous faut ! Ces aiguilles sont fabriqu\u00e9es \u00e0 partir d&rsquo;acier inoxydable japonais import\u00e9 de la plus haute qualit\u00e9, ce qui garantit des pointes d&rsquo;aiguille tranchantes et une disposition nette.<\/p>\n<p> Mais ce n&rsquo;est pas tout ! Le mat\u00e9riau de la coque est un PC de qualit\u00e9 m\u00e9dicale, qui offre une exp\u00e9rience plus s\u00fbre que le PVC. Le syst\u00e8me de membrane des aiguilles apporte \u00e0 la fois douceur et fermet\u00e9, gr\u00e2ce au mat\u00e9riau de la membrane et aux 4 barres \u00e9paissies.<\/p>\n<p>  Gr\u00e2ce \u00e0 la grande capacit\u00e9 de stockage d&rsquo;encre de ces aiguilles, vous b\u00e9n\u00e9ficiez d&rsquo;un flux d&rsquo;encre fluide et r\u00e9gulier, sans les probl\u00e8mes de jets d&rsquo;encre et d&rsquo;\u00e9claboussures. La barre carr\u00e9e en plastique assure la stabilit\u00e9 des aiguilles pendant le tatouage.<\/p>\n<p> Et le meilleur de tous ? Les cartouches Emmalla Eliot sont con\u00e7ues avec une membrane de s\u00e9curit\u00e9 \u00e0 3 couches, emp\u00eachant l&rsquo;encre de refluer et prot\u00e9geant mieux votre machine \u00e0 tatouer. Ces aiguilles sont \u00e9galement fabriqu\u00e9es avec pr\u00e9cision et sont 100% hygi\u00e9niques, st\u00e9rilis\u00e9es par gaz E.O.<\/p>\n<p>  Avec un long c\u00f4ne et une \u00e9paisseur d&rsquo;aiguille de 10 (0,30 mm), les cartouches Eliot d&rsquo;Emmalla sont parfaites pour r\u00e9aliser des ombres rondes. Qu&rsquo;attendez-vous ? Am\u00e9liorez votre exp\u00e9rience du tatouage gr\u00e2ce \u00e0 ces aiguilles de haute qualit\u00e9 !<\/p>\n<p><strong>Les cartouches Emmalla Eliot sont-elles compatibles avec ma machine \u00e0 tatouer ?<\/strong><br \/>\n  Oui, les cartouches Emmalla Eliot sont compatibles avec la plupart des machines \u00e0 tatouer courantes.<\/p>\n<p><strong>Les cartouches Emmalla Eliot ne conviennent-elles qu&rsquo;aux ombrages ronds ?<\/strong><br \/>\n  Non, les cartouches Eliot d&rsquo;Emmalla sont sp\u00e9cifiquement con\u00e7ues pour les ombres rondes, mais peuvent \u00e9galement \u00eatre utilis\u00e9es pour d&rsquo;autres techniques de tatouage telles que le trac\u00e9 et la cr\u00e9ation de d\u00e9tails fins.<\/p>\n<p><strong>Quelle est la dur\u00e9e de vie des aiguilles d&rsquo;Emmalla Eliot ?<\/strong><br \/>\n  La durabilit\u00e9 des aiguilles peut varier en fonction de plusieurs facteurs, tels que la technique et la pression appliqu\u00e9es pendant le tatouage. Dans l&rsquo;ensemble, les cartouches Eliot d&rsquo;Emmalla durent longtemps et offrent des performances constantes pendant le tatouage. Toutefois, il est recommand\u00e9 de remplacer les aiguilles apr\u00e8s chaque s\u00e9ance de tatouage afin de maintenir une qualit\u00e9 et une s\u00e9curit\u00e9 optimales.<\/p>\n","protected":false},"excerpt":{"rendered":"<p>Vous cherchez une aiguille de tatouage de la plus haute qualit\u00e9 ? Dans ce cas, les cartouches Emmalla Eliot sont exactement ce qu&rsquo;il vous faut ! Ces aiguilles sont fabriqu\u00e9es \u00e0 partir d&rsquo;acier inoxydable japonais import\u00e9 de la plus haute qualit\u00e9, ce qui garantit des pointes d&rsquo;aiguille tranchantes et une disposition nette. Mais ce n&rsquo;est [&hellip;]<\/p>\n","protected":false},"featured_media":1893,"template":"","meta":{"_acf_changed":false},"product_brand":[],"product_cat":[160,161],"product_tag":[169,164,167,166],"class_list":{"0":"post-2017","1":"product","2":"type-product","3":"status-publish","4":"has-post-thumbnail","6":"product_cat-aiguilles-cartouche","7":"product_cat-cartouches-emalla","8":"product_tag-030-mm-fr","9":"product_tag-cone-long-fr","10":"product_tag-epaisseur-de-laiguille-10","11":"product_tag-ombres-rondes","13":"first","14":"instock","15":"taxable","16":"shipping-taxable","17":"purchasable","18":"product-type-simple"},"ams_default_variation_id":0,"ams_product_points_reward":[],"ams_product_discount_percentage":0,"ams_price_to_display":25.5,"ams_acf":[],"acf":[],"_links":{"self":[{"href":"https:\/\/inkskin.nl\/fr\/wp-json\/wp\/v2\/product\/2017","targetHints":{"allow":["GET"]}}],"collection":[{"href":"https:\/\/inkskin.nl\/fr\/wp-json\/wp\/v2\/product"}],"about":[{"href":"https:\/\/inkskin.nl\/fr\/wp-json\/wp\/v2\/types\/product"}],"version-history":[{"count":0,"href":"https:\/\/inkskin.nl\/fr\/wp-json\/wp\/v2\/product\/2017\/revisions"}],"wp:featuredmedia":[{"embeddable":true,"href":"https:\/\/inkskin.nl\/fr\/wp-json\/wp\/v2\/media\/1893"}],"wp:attachment":[{"href":"https:\/\/inkskin.nl\/fr\/wp-json\/wp\/v2\/media?parent=2017"}],"wp:term":[{"taxonomy":"product_brand","embeddable":true,"href":"https:\/\/inkskin.nl\/fr\/wp-json\/wp\/v2\/product_brand?post=2017"},{"taxonomy":"product_cat","embeddable":true,"href":"https:\/\/inkskin.nl\/fr\/wp-json\/wp\/v2\/product_cat?post=2017"},{"taxonomy":"product_tag","embeddable":true,"href":"https:\/\/inkskin.nl\/fr\/wp-json\/wp\/v2\/product_tag?post=2017"}],"curies":[{"name":"wp","href":"https:\/\/api.w.org\/{rel}","templated":true}]}}