{"id":2016,"date":"2024-03-27T09:51:25","date_gmt":"2024-03-27T09:51:25","guid":{"rendered":"https:\/\/inkskin.nl\/products\/emalla-1009-cmm\/"},"modified":"2024-03-27T09:51:25","modified_gmt":"2024-03-27T09:51:25","slug":"emalla-1009-cmm","status":"publish","type":"product","link":"https:\/\/inkskin.nl\/fr\/products\/emalla-1009-cmm\/","title":{"rendered":"Emalla 1009 CMM"},"content":{"rendered":"<p>Vous voulez la meilleure qualit\u00e9 et la meilleure s\u00e9curit\u00e9 pour votre machine \u00e0 tatouer ? Dans ce cas, la cartouche Eliot d&rsquo;Emmalla est le choix id\u00e9al pour vous. Gr\u00e2ce aux aiguilles japonaises import\u00e9es en acier inoxydable de haute qualit\u00e9, vous \u00eates assur\u00e9 d&rsquo;avoir des pointes d&rsquo;aiguille bien aiguis\u00e9es et une disposition soign\u00e9e. Le mat\u00e9riau de la coque, de qualit\u00e9 m\u00e9dicale, est plus s\u00fbr que le PVC.  <\/p>\n<p>  La cartouche Eliot d&rsquo;Emmalla est \u00e9quip\u00e9e d&rsquo;un syst\u00e8me de membrane, offrant une flexibilit\u00e9 douce et forte. Le mat\u00e9riau de la membrane comporte 4 barres \u00e9paisses pour une plus grande durabilit\u00e9. Gr\u00e2ce \u00e0 la grande capacit\u00e9 de stockage de l&rsquo;encre, vous b\u00e9n\u00e9ficiez d&rsquo;un flux d&rsquo;encre r\u00e9gulier et uniforme, sans jets d&rsquo;encre ni \u00e9claboussures.  <\/p>\n<p>  La tige en plastique de forme carr\u00e9e fixe les aiguilles de mani\u00e8re stable, ce qui les rend plus stables pendant le tatouage. La conception de la membrane de s\u00e9curit\u00e9 \u00e0 trois couches emp\u00eache le reflux de l&rsquo;encre, offrant ainsi \u00e0 votre machine \u00e0 tatouer une protection optimale.  <\/p>\n<p>  Les cartouches Emmalla Eliot sont fabriqu\u00e9es avec pr\u00e9cision et 100% d&rsquo;hygi\u00e8ne. Ils sont st\u00e9rilis\u00e9s au gaz E.O., ce qui vous permet de commencer \u00e0 travailler en toute tranquillit\u00e9. Choisissez la Magnum incurv\u00e9e, \u00e0 conicit\u00e9 moyenne, avec une \u00e9paisseur d&rsquo;aiguille de 10 (0,30 mm) et vivez la meilleure exp\u00e9rience de tatouage qui soit !<\/p>\n<p><strong>Comment le syst\u00e8me de membrane de la cartouche Emmalla Eliot garantit-il la flexibilit\u00e9 et la durabilit\u00e9 ?<\/strong><br \/>\n  Le syst\u00e8me de membrane de la cartouche Emmalla Eliot se compose de 4 barres \u00e9paissies qui offrent une durabilit\u00e9 accrue. Ce syst\u00e8me offre \u00e9galement une flexibilit\u00e9 souple et forte pendant le tatouage.<\/p>\n<p><strong>Comment la conception de la membrane de s\u00e9curit\u00e9 \u00e0 trois couches emp\u00eache-t-elle le reflux de l&rsquo;encre ?<\/strong><br \/>\n  La membrane de s\u00e9curit\u00e9 \u00e0 trois couches de la cartouche Emmalla Eliot emp\u00eache le reflux de l&rsquo;encre en formant une barri\u00e8re entre l&rsquo;encre et la machine. La machine \u00e0 tatouer est ainsi prot\u00e9g\u00e9e de mani\u00e8re optimale contre les reflux d&rsquo;encre.<\/p>\n<p><strong>Comment les cartouches Emmalla Eliot sont-elles st\u00e9rilis\u00e9es ?<\/strong><br \/>\n  Les cartouches Emmalla Eliot sont st\u00e9rilis\u00e9es au gaz E.O., ce qui garantit une hygi\u00e8ne \u00e0 100 %. Cela signifie que vous pouvez commencer \u00e0 utiliser les cartouches sans inqui\u00e9tude, sachant qu&rsquo;elles sont compl\u00e8tement st\u00e9riles.<\/p>\n","protected":false},"excerpt":{"rendered":"<p>Vous voulez la meilleure qualit\u00e9 et la meilleure s\u00e9curit\u00e9 pour votre machine \u00e0 tatouer ? Dans ce cas, la cartouche Eliot d&rsquo;Emmalla est le choix id\u00e9al pour vous. Gr\u00e2ce aux aiguilles japonaises import\u00e9es en acier inoxydable de haute qualit\u00e9, vous \u00eates assur\u00e9 d&rsquo;avoir des pointes d&rsquo;aiguille bien aiguis\u00e9es et une disposition soign\u00e9e. Le mat\u00e9riau de [&hellip;]<\/p>\n","protected":false},"featured_media":1893,"template":"","meta":{"_acf_changed":false},"product_brand":[],"product_cat":[160,161],"product_tag":[169,171,167,165],"class_list":{"0":"post-2016","1":"product","2":"type-product","3":"status-publish","4":"has-post-thumbnail","6":"product_cat-aiguilles-cartouche","7":"product_cat-cartouches-emalla","8":"product_tag-030-mm-fr","9":"product_tag-cone-moyen","10":"product_tag-epaisseur-de-laiguille-10","11":"product_tag-magnum-courbe","13":"first","14":"outofstock","15":"taxable","16":"shipping-taxable","17":"purchasable","18":"product-type-simple"},"ams_default_variation_id":0,"ams_product_points_reward":[],"ams_product_discount_percentage":0,"ams_price_to_display":25.5,"ams_acf":[],"acf":[],"_links":{"self":[{"href":"https:\/\/inkskin.nl\/fr\/wp-json\/wp\/v2\/product\/2016","targetHints":{"allow":["GET"]}}],"collection":[{"href":"https:\/\/inkskin.nl\/fr\/wp-json\/wp\/v2\/product"}],"about":[{"href":"https:\/\/inkskin.nl\/fr\/wp-json\/wp\/v2\/types\/product"}],"version-history":[{"count":0,"href":"https:\/\/inkskin.nl\/fr\/wp-json\/wp\/v2\/product\/2016\/revisions"}],"wp:featuredmedia":[{"embeddable":true,"href":"https:\/\/inkskin.nl\/fr\/wp-json\/wp\/v2\/media\/1893"}],"wp:attachment":[{"href":"https:\/\/inkskin.nl\/fr\/wp-json\/wp\/v2\/media?parent=2016"}],"wp:term":[{"taxonomy":"product_brand","embeddable":true,"href":"https:\/\/inkskin.nl\/fr\/wp-json\/wp\/v2\/product_brand?post=2016"},{"taxonomy":"product_cat","embeddable":true,"href":"https:\/\/inkskin.nl\/fr\/wp-json\/wp\/v2\/product_cat?post=2016"},{"taxonomy":"product_tag","embeddable":true,"href":"https:\/\/inkskin.nl\/fr\/wp-json\/wp\/v2\/product_tag?post=2016"}],"curies":[{"name":"wp","href":"https:\/\/api.w.org\/{rel}","templated":true}]}}