{"id":2015,"date":"2024-03-27T09:51:25","date_gmt":"2024-03-27T09:51:25","guid":{"rendered":"https:\/\/inkskin.nl\/products\/emalla-1007-rsl\/"},"modified":"2024-03-27T09:51:25","modified_gmt":"2024-03-27T09:51:25","slug":"emalla-1007-rsl","status":"publish","type":"product","link":"https:\/\/inkskin.nl\/fr\/products\/emalla-1007-rsl\/","title":{"rendered":"Emalla 1007 RSL"},"content":{"rendered":"<p>D\u00e9couvrez les cartouches Emmalla Eliot, les aiguilles de tatouage les plus performantes qui vous permettront de passer \u00e0 la vitesse sup\u00e9rieure en mati\u00e8re de tatouage. Gr\u00e2ce \u00e0 des aiguilles japonaises import\u00e9es de la plus haute qualit\u00e9, aux pointes aiguis\u00e9es et bien dispos\u00e9es, vous avez la garantie d&rsquo;une pr\u00e9cision et d&rsquo;une perfection \u00e0 chaque mouvement.<\/p>\n<p>  Mais ce n&rsquo;est pas tout. Les cartouches Emmalla Eliot sont fabriqu\u00e9es en PC de qualit\u00e9 m\u00e9dicale, ce qui garantit une s\u00e9ance de tatouage s\u00fbre et hygi\u00e9nique. Le syst\u00e8me de membrane \u00e0 flexibilit\u00e9 souple et forte, associ\u00e9 au mat\u00e9riau de la membrane \u00e0 4 tiges, garantit la durabilit\u00e9 et la fiabilit\u00e9.<\/p>\n<p>  Avec une grande capacit\u00e9 de stockage d&rsquo;encre et un flux d&rsquo;encre fluide et uniforme, vous ne serez pas g\u00ean\u00e9 par les jets d&rsquo;encre et les \u00e9claboussures. La barre en plastique de forme carr\u00e9e maintient les aiguilles stables et assure la stabilit\u00e9 de la machine \u00e0 tatouer.<\/p>\n<p>  Et ce n&rsquo;est pas tout. La membrane de s\u00e9curit\u00e9 \u00e0 trois couches emp\u00eache le reflux de l&rsquo;encre et prot\u00e8ge mieux votre machine \u00e0 tatouer. Et avec la pr\u00e9cision et l&rsquo;hygi\u00e8ne des cartouches 100% st\u00e9riles, st\u00e9rilis\u00e9es par gaz E.O., vous pouvez profiter de vos s\u00e9ances de tatouage en toute s\u00e9r\u00e9nit\u00e9.<\/p>\n<p>  Choisissez les cartouches Emmalla Eliot et offrez-vous la meilleure exp\u00e9rience de tatouage que vous ayez jamais eue.<\/p>\n<p><strong>Qu&rsquo;est-ce qui diff\u00e9rencie les cartouches Emmalla Eliot des autres aiguilles \u00e0 tatouer disponibles sur le march\u00e9 ?<\/strong><br \/>\n  Emmalla Eliot Cartridges utilise des aiguilles japonaises import\u00e9es de la plus haute qualit\u00e9, avec des pointes d&rsquo;aiguille aiguis\u00e9es et bien dispos\u00e9es, pour une pr\u00e9cision et une perfection \u00e0 chaque mouvement. En outre, ils sont fabriqu\u00e9s en PC de qualit\u00e9 m\u00e9dicale, ce qui garantit une s\u00e9ance de tatouage s\u00fbre et hygi\u00e9nique.<\/p>\n<p><strong>Comment le syst\u00e8me de membrane d&rsquo;Emmalla Eliot Cartridges garantit-il la durabilit\u00e9 et la fiabilit\u00e9 ?<\/strong><br \/>\n  Le syst\u00e8me de membrane des cartouches Emmalla Eliot est \u00e0 la fois souple et r\u00e9sistant. Il est constitu\u00e9 de tiges de membrane de quatre \u00e9paisseurs. Les cartouches sont ainsi durables et fiables pendant le tatouage.<\/p>\n<p><strong>En quoi la conception de la membrane de s\u00e9curit\u00e9 des cartouches Emmalla Eliot offre-t-elle une protection suppl\u00e9mentaire ?<\/strong><br \/>\n  La membrane de s\u00e9curit\u00e9 des cartouches Emmalla Eliot est compos\u00e9e de 3 couches, emp\u00eachant le reflux de l&rsquo;encre et prot\u00e9geant mieux la machine \u00e0 tatouer. De plus, les cartouches sont 100% st\u00e9riles et st\u00e9rilis\u00e9es par gaz E.O., garantissant pr\u00e9cision et hygi\u00e8ne lors des s\u00e9ances de tatouage.<\/p>\n","protected":false},"excerpt":{"rendered":"<p>D\u00e9couvrez les cartouches Emmalla Eliot, les aiguilles de tatouage les plus performantes qui vous permettront de passer \u00e0 la vitesse sup\u00e9rieure en mati\u00e8re de tatouage. Gr\u00e2ce \u00e0 des aiguilles japonaises import\u00e9es de la plus haute qualit\u00e9, aux pointes aiguis\u00e9es et bien dispos\u00e9es, vous avez la garantie d&rsquo;une pr\u00e9cision et d&rsquo;une perfection \u00e0 chaque mouvement. Mais [&hellip;]<\/p>\n","protected":false},"featured_media":1893,"template":"","meta":{"_acf_changed":false},"product_brand":[],"product_cat":[160,161],"product_tag":[169,164,167,166],"class_list":{"0":"post-2015","1":"product","2":"type-product","3":"status-publish","4":"has-post-thumbnail","6":"product_cat-aiguilles-cartouche","7":"product_cat-cartouches-emalla","8":"product_tag-030-mm-fr","9":"product_tag-cone-long-fr","10":"product_tag-epaisseur-de-laiguille-10","11":"product_tag-ombres-rondes","13":"first","14":"instock","15":"taxable","16":"shipping-taxable","17":"purchasable","18":"product-type-simple"},"ams_default_variation_id":0,"ams_product_points_reward":[],"ams_product_discount_percentage":0,"ams_price_to_display":25.5,"ams_acf":[],"acf":[],"_links":{"self":[{"href":"https:\/\/inkskin.nl\/fr\/wp-json\/wp\/v2\/product\/2015","targetHints":{"allow":["GET"]}}],"collection":[{"href":"https:\/\/inkskin.nl\/fr\/wp-json\/wp\/v2\/product"}],"about":[{"href":"https:\/\/inkskin.nl\/fr\/wp-json\/wp\/v2\/types\/product"}],"version-history":[{"count":0,"href":"https:\/\/inkskin.nl\/fr\/wp-json\/wp\/v2\/product\/2015\/revisions"}],"wp:featuredmedia":[{"embeddable":true,"href":"https:\/\/inkskin.nl\/fr\/wp-json\/wp\/v2\/media\/1893"}],"wp:attachment":[{"href":"https:\/\/inkskin.nl\/fr\/wp-json\/wp\/v2\/media?parent=2015"}],"wp:term":[{"taxonomy":"product_brand","embeddable":true,"href":"https:\/\/inkskin.nl\/fr\/wp-json\/wp\/v2\/product_brand?post=2015"},{"taxonomy":"product_cat","embeddable":true,"href":"https:\/\/inkskin.nl\/fr\/wp-json\/wp\/v2\/product_cat?post=2015"},{"taxonomy":"product_tag","embeddable":true,"href":"https:\/\/inkskin.nl\/fr\/wp-json\/wp\/v2\/product_tag?post=2015"}],"curies":[{"name":"wp","href":"https:\/\/api.w.org\/{rel}","templated":true}]}}