{"id":2014,"date":"2024-03-27T09:51:20","date_gmt":"2024-03-27T09:51:20","guid":{"rendered":"https:\/\/inkskin.nl\/products\/emalla-1011-cml\/"},"modified":"2024-03-27T09:51:20","modified_gmt":"2024-03-27T09:51:20","slug":"emalla-1011-cml","status":"publish","type":"product","link":"https:\/\/inkskin.nl\/fr\/products\/emalla-1011-cml\/","title":{"rendered":"Emalla 1011 CML"},"content":{"rendered":"<p>Vous m\u00e9ritez ce qu&rsquo;il y a de mieux pour votre machine \u00e0 tatouer. C&rsquo;est pourquoi nous vous pr\u00e9sentons les cartouches Emmalla Eliot. Ces cartouches sont fabriqu\u00e9es avec des mat\u00e9riaux de haute qualit\u00e9 pour vous offrir la meilleure exp\u00e9rience de tatouage. Les aiguilles sont fabriqu\u00e9es en acier inoxydable japonais import\u00e9 et leurs pointes sont bien dispos\u00e9es. La coque est fabriqu\u00e9e en PC de qualit\u00e9 m\u00e9dicale, plus s\u00fbr que le PVC.<\/p>\n<p>  Le syst\u00e8me de membrane des cartouches offre une flexibilit\u00e9 douce et forte, et le mat\u00e9riau de la membrane est tr\u00e8s \u00e9pais pour une durabilit\u00e9 accrue. Avec une grande capacit\u00e9 de stockage d&rsquo;encre, la cartouche garantit un flux d&rsquo;encre r\u00e9gulier et uniforme, sans jets d&rsquo;encre ni \u00e9claboussures. La barre en plastique de forme carr\u00e9e garantit la stabilit\u00e9 des aiguilles et la membrane de s\u00e9curit\u00e9 \u00e0 trois couches emp\u00eache le reflux de l&rsquo;encre, ce qui permet de mieux prot\u00e9ger votre machine \u00e0 tatouer.<\/p>\n<p>  Les cartouches Emmalla Eliot sont fabriqu\u00e9es avec pr\u00e9cision et 100% hygi\u00e9niques. Ils sont st\u00e9rilis\u00e9s au gaz E.O. pour une s\u00e9curit\u00e9 optimale. Avec le Magnum incurv\u00e9, le c\u00f4ne long et une \u00e9paisseur d&rsquo;aiguille de 10 (0,30 mm), vous \u00eates assur\u00e9 d&rsquo;obtenir des r\u00e9sultats professionnels. Choisissez les cartouches Emmalla Eliot et vivez la meilleure exp\u00e9rience de tatouage que vous puissiez souhaiter.<\/p>\n<p><strong>Quels sont les avantages de l&rsquo;utilisation des cartouches Emmalla Eliot pour les tatouages ?<\/strong><br \/>\n  Les cartouches Emmalla Eliot sont fabriqu\u00e9es avec des mat\u00e9riaux de haute qualit\u00e9 et offrent la meilleure exp\u00e9rience de tatouage. Ils sont dot\u00e9s de pointes d&rsquo;aiguille ac\u00e9r\u00e9es en acier inoxydable japonais import\u00e9, d&rsquo;un syst\u00e8me de membrane pour la flexibilit\u00e9 et d&rsquo;un grand r\u00e9servoir d&rsquo;encre pour un flux d&rsquo;encre fluide et uniforme. De plus, la conception de la membrane de s\u00e9curit\u00e9 \u00e0 trois couches garantit une meilleure protection de votre machine \u00e0 tatouer lors de l&rsquo;utilisation des cartouches.<\/p>\n<p><strong>Les cartouches Emmalla Eliot sont-elles hygi\u00e9niques ?<\/strong><br \/>\n  Les cartouches Emmalla Eliot sont 100% hygi\u00e9niques et fabriqu\u00e9es avec pr\u00e9cision. Ils sont st\u00e9rilis\u00e9s par gaz E.O., ce qui garantit une s\u00e9curit\u00e9 optimale lors du tatouage. Ces cartouches r\u00e9pondent \u00e0 toutes les normes d&rsquo;hygi\u00e8ne et constituent une solution fiable pour les tatoueurs professionnels.<\/p>\n<p><strong>Quelles sont les aiguilles et l&rsquo;\u00e9paisseur des cartouches Emmalla Eliot ?<\/strong><br \/>\n  Les cartouches Emmalla Eliot sont disponibles avec une aiguille Magnum courb\u00e9e, un c\u00f4ne long et une \u00e9paisseur d&rsquo;aiguille de 10 (0,30 mm). Cette combinaison d&rsquo;aiguilles et d&rsquo;\u00e9paisseur garantit des r\u00e9sultats de tatouage professionnels. Les aiguilles sont dispos\u00e9es avec pr\u00e9cision et l&rsquo;\u00e9paisseur garantit la pr\u00e9cision et la durabilit\u00e9.<\/p>\n","protected":false},"excerpt":{"rendered":"<p>Vous m\u00e9ritez ce qu&rsquo;il y a de mieux pour votre machine \u00e0 tatouer. C&rsquo;est pourquoi nous vous pr\u00e9sentons les cartouches Emmalla Eliot. Ces cartouches sont fabriqu\u00e9es avec des mat\u00e9riaux de haute qualit\u00e9 pour vous offrir la meilleure exp\u00e9rience de tatouage. Les aiguilles sont fabriqu\u00e9es en acier inoxydable japonais import\u00e9 et leurs pointes sont bien dispos\u00e9es. [&hellip;]<\/p>\n","protected":false},"featured_media":1893,"template":"","meta":{"_acf_changed":false},"product_brand":[],"product_cat":[160,161],"product_tag":[169,164,167,165],"class_list":{"0":"post-2014","1":"product","2":"type-product","3":"status-publish","4":"has-post-thumbnail","6":"product_cat-aiguilles-cartouche","7":"product_cat-cartouches-emalla","8":"product_tag-030-mm-fr","9":"product_tag-cone-long-fr","10":"product_tag-epaisseur-de-laiguille-10","11":"product_tag-magnum-courbe","13":"first","14":"instock","15":"taxable","16":"shipping-taxable","17":"purchasable","18":"product-type-simple"},"ams_default_variation_id":0,"ams_product_points_reward":[],"ams_product_discount_percentage":0,"ams_price_to_display":28.5,"ams_acf":[],"acf":[],"_links":{"self":[{"href":"https:\/\/inkskin.nl\/fr\/wp-json\/wp\/v2\/product\/2014","targetHints":{"allow":["GET"]}}],"collection":[{"href":"https:\/\/inkskin.nl\/fr\/wp-json\/wp\/v2\/product"}],"about":[{"href":"https:\/\/inkskin.nl\/fr\/wp-json\/wp\/v2\/types\/product"}],"version-history":[{"count":0,"href":"https:\/\/inkskin.nl\/fr\/wp-json\/wp\/v2\/product\/2014\/revisions"}],"wp:featuredmedia":[{"embeddable":true,"href":"https:\/\/inkskin.nl\/fr\/wp-json\/wp\/v2\/media\/1893"}],"wp:attachment":[{"href":"https:\/\/inkskin.nl\/fr\/wp-json\/wp\/v2\/media?parent=2014"}],"wp:term":[{"taxonomy":"product_brand","embeddable":true,"href":"https:\/\/inkskin.nl\/fr\/wp-json\/wp\/v2\/product_brand?post=2014"},{"taxonomy":"product_cat","embeddable":true,"href":"https:\/\/inkskin.nl\/fr\/wp-json\/wp\/v2\/product_cat?post=2014"},{"taxonomy":"product_tag","embeddable":true,"href":"https:\/\/inkskin.nl\/fr\/wp-json\/wp\/v2\/product_tag?post=2014"}],"curies":[{"name":"wp","href":"https:\/\/api.w.org\/{rel}","templated":true}]}}