{"id":166,"date":"2024-03-27T09:42:34","date_gmt":"2024-03-27T09:42:34","guid":{"rendered":"https:\/\/p2pbeta.nl\/product\/biotat-numbing-tattoo-glide-100gr-2\/"},"modified":"2026-04-17T19:16:53","modified_gmt":"2026-04-17T19:16:53","slug":"biotat-numbing-tattoo-glide-100gr-2","status":"publish","type":"product","link":"https:\/\/inkskin.nl\/fr\/products\/biotat-numbing-tattoo-glide-100gr-2\/","title":{"rendered":"BIOTAT Numbing tattoo glide 100gr"},"content":{"rendered":"<p>Biotat numbing glide is 100% natuurlijk, gemaakt in Groot-Brittanni\u00eb, luxe glide met kruidnagelolie, alo\u00eb vera en lavendel om de huid mild te verdoven en roodheid te verminderen. Het is 100% lidoca\u00efnevrij.<\/p>\n","protected":false},"excerpt":{"rendered":"<p>Biotat numbing glide is 100% natuurlijk, gemaakt in Groot-Brittanni\u00eb, luxe glide met kruidnagelolie, alo\u00eb vera en lavendel om de huid mild te verdoven en roodheid te verminderen. Het is 100% lidoca\u00efnevrij.<\/p>\n","protected":false},"featured_media":1160,"template":"","meta":{"_acf_changed":false},"product_brand":[],"product_cat":[17,75],"product_tag":[81],"class_list":{"0":"post-166","1":"product","2":"type-product","3":"status-publish","4":"has-post-thumbnail","6":"product_cat-aftercare","7":"product_cat-biotat","8":"product_tag-biotat","10":"first","11":"instock","12":"taxable","13":"shipping-taxable","14":"purchasable","15":"product-type-simple"},"ams_default_variation_id":0,"ams_product_points_reward":[],"ams_product_discount_percentage":0,"ams_price_to_display":12,"ams_acf":[],"acf":[],"_links":{"self":[{"href":"https:\/\/inkskin.nl\/fr\/wp-json\/wp\/v2\/product\/166","targetHints":{"allow":["GET"]}}],"collection":[{"href":"https:\/\/inkskin.nl\/fr\/wp-json\/wp\/v2\/product"}],"about":[{"href":"https:\/\/inkskin.nl\/fr\/wp-json\/wp\/v2\/types\/product"}],"version-history":[{"count":0,"href":"https:\/\/inkskin.nl\/fr\/wp-json\/wp\/v2\/product\/166\/revisions"}],"wp:featuredmedia":[{"embeddable":true,"href":"https:\/\/inkskin.nl\/fr\/wp-json\/wp\/v2\/media\/1160"}],"wp:attachment":[{"href":"https:\/\/inkskin.nl\/fr\/wp-json\/wp\/v2\/media?parent=166"}],"wp:term":[{"taxonomy":"product_brand","embeddable":true,"href":"https:\/\/inkskin.nl\/fr\/wp-json\/wp\/v2\/product_brand?post=166"},{"taxonomy":"product_cat","embeddable":true,"href":"https:\/\/inkskin.nl\/fr\/wp-json\/wp\/v2\/product_cat?post=166"},{"taxonomy":"product_tag","embeddable":true,"href":"https:\/\/inkskin.nl\/fr\/wp-json\/wp\/v2\/product_tag?post=166"}],"curies":[{"name":"wp","href":"https:\/\/api.w.org\/{rel}","templated":true}]}}