{"id":1970,"date":"2024-04-16T09:12:21","date_gmt":"2024-04-16T09:12:21","guid":{"rendered":"https:\/\/inkskin.nl\/politique-de-confidentialite\/"},"modified":"2024-05-28T07:36:44","modified_gmt":"2024-05-28T07:36:44","slug":"politique-de-confidentialite","status":"publish","type":"page","link":"https:\/\/inkskin.nl\/fr\/politique-de-confidentialite\/","title":{"rendered":"Politique de confidentialit\u00e9"},"content":{"rendered":"\t\t<div data-elementor-type=\"wp-page\" data-elementor-id=\"1970\" class=\"elementor elementor-1970 elementor-1095\" data-elementor-post-type=\"page\">\n\t\t\t\t<div class=\"elementor-element elementor-element-8a141c2 p2p-section-lg e-flex e-con-boxed e-con e-parent\" data-id=\"8a141c2\" data-element_type=\"container\" data-e-type=\"container\" data-settings=\"{&quot;jet_parallax_layout_list&quot;:[]}\">\n\t\t\t\t\t<div class=\"e-con-inner\">\n\t\t<div class=\"elementor-element elementor-element-b2981ed e-con-full e-flex e-con e-child\" data-id=\"b2981ed\" data-element_type=\"container\" data-e-type=\"container\" data-settings=\"{&quot;jet_parallax_layout_list&quot;:[]}\">\n\t\t\t\t<div class=\"elementor-element elementor-element-6cf7e7c elementor-widget elementor-widget-heading\" data-id=\"6cf7e7c\" data-element_type=\"widget\" data-e-type=\"widget\" data-widget_type=\"heading.default\">\n\t\t\t\t<div class=\"elementor-widget-container\">\n\t\t\t\t\t<h1 class=\"elementor-heading-title elementor-size-default\">Politique de confidentialit\u00e9<\/h1>\t\t\t\t<\/div>\n\t\t\t\t<\/div>\n\t\t\t\t<div class=\"elementor-element elementor-element-0288c59 elementor-widget elementor-widget-text-editor\" data-id=\"0288c59\" data-element_type=\"widget\" data-e-type=\"widget\" data-widget_type=\"text-editor.default\">\n\t\t\t\t<div class=\"elementor-widget-container\">\n\t\t\t\t\t\t\t\t\t<p class=\"p1\"><span class=\"s1\"><b>D\u00e9claration de confidentialit\u00e9 Tattoo &amp; Beauty Care B.V.<\/b><\/span><\/p>\n<p class=\"p3\"><span class=\"s1\">Tattoo &amp; Beauty Care B.V. (ci-apr\u00e8s Tattoo &amp; Beauty Care) vend des produits pour le suivi et l&rsquo;entretien des tatouages et des piercings. Tattoo &amp; Beauty Care met \u00e0 la disposition de ses clients son expertise et ses ann\u00e9es d&rsquo;exp\u00e9rience dans ce domaine. Comme Tattoo &amp; Beauty Care traite \u00e9galement des donn\u00e9es personnelles, elle a pr\u00e9par\u00e9 cette d\u00e9claration de confidentialit\u00e9 afin de vous informer sur les donn\u00e9es personnelles que Tattoo &amp; Beauty Care recueille et \u00e0 quelles fins. Enfin, dans cette d\u00e9claration de confidentialit\u00e9, Tattoo &amp; Beauty Care vous informe de vos droits en tant que personne concern\u00e9e et de la mani\u00e8re dont vous pouvez les exercer.<\/span><\/p>\n<h3 class=\"p3\"><span class=\"s1\"><b>1. Coordonn\u00e9es<\/b><\/span><\/h3>\n<p class=\"p3\"><span class=\"s1\">Tattoo &amp; Beauty Care B.V.<\/span><\/p>\n<p class=\"p3\">30 Cour de la Gaule<\/p>\n<p class=\"p3\"><span class=\"s1\">5349BV Oss<\/span><\/p>\n<p class=\"p3\"><span class=\"s1\">T\u00e9l\u00e9phone :  <\/span><\/p>\n<p class=\"p3\"><span class=\"s1\">Courriel : Info@inkskin.nl<\/span><\/p>\n<p class=\"p3\"><span class=\"s1\">Contact pour la protection de la vie priv\u00e9e : Peggy Borst  <\/span><\/p>\n<p class=\"p3\"><span class=\"s1\">Site web de tatouage et de soins de beaut\u00e9 : <span class=\"s2\">inkskin.co.uk<\/span><\/span><\/p>\n<p class=\"p3\"><span class=\"s1\">Veuillez envoyer vos questions relatives \u00e0 la protection de la vie priv\u00e9e par courrier \u00e9lectronique : info@inkskin.nl<\/span><\/p>\n<h3 class=\"p3\"><span class=\"s1\"><b>2. Types de donn\u00e9es collect\u00e9es<\/b><\/span><\/h3>\n<p class=\"p3\"><span class=\"s1\">Tattoo &amp; Beauty Care traite des donn\u00e9es \u00e0 caract\u00e8re personnel lorsqu&rsquo;elle conclut des contrats avec des clients. Dans ce cas, le traitement des donn\u00e9es personnelles se limite souvent, dans un premier temps, \u00e0 l&rsquo;enregistrement des donn\u00e9es clients suivantes : pr\u00e9nom, nom, adresse, e-mail et num\u00e9ro de t\u00e9l\u00e9phone.<\/span><\/p>\n<p class=\"p5\"><span class=\"s1\"><b>A. Demandeurs<\/b><\/span><\/p>\n<p class=\"p3\"><span class=\"s1\">Tattoo &amp; Beauty Care s&rsquo;occupe des demandeurs d&#8217;emploi. Pour traiter une demande, Tattoo &amp; Beauty Care traite des donn\u00e9es \u00e0 caract\u00e8re personnel. Pour les besoins de l&rsquo;application, Tattoo &amp; Beauty Care traite les donn\u00e9es suivantes :  <\/span><\/p>\n<p class=\"p6\"><span class=\"s1\">a. Nom, sexe, date de naissance, num\u00e9ro de t\u00e9l\u00e9phone, nationalit\u00e9 et lieu de naissance ;<\/span><\/p>\n<p class=\"p5\"><span class=\"s1\">b. les formations, cours et stages suivis et \u00e0 suivre ;<\/span><\/p>\n<p class=\"p5\"><span class=\"s1\">c. la position sur laquelle porte la demande ;<\/span><\/p>\n<p class=\"p6\"><span class=\"s1\">d. des pr\u00e9cisions sur la nature et le contenu de l&#8217;emploi actuel et sur sa cessation ;<\/span><\/p>\n<p class=\"p6\"><span class=\"s1\">e. les donn\u00e9es relatives \u00e0 la nature et au contenu de l&#8217;emploi pr\u00e9c\u00e9dent, ainsi qu&rsquo;\u00e0 sa cessation ;<\/span><\/p>\n<p class=\"p5\"><span class=\"s1\">f. la motivation pour le poste et l&rsquo;organisation ;<\/span><\/p>\n<p class=\"p6\"><span class=\"s1\">g. les donn\u00e9es autres que celles mentionn\u00e9es ci-dessus dont le traitement est requis ou n\u00e9cessaire dans le cadre de l&rsquo;application d&rsquo;une autre loi.<\/span><\/p>\n<p class=\"p3\"><span class=\"s1\">Les donn\u00e9es personnelles susmentionn\u00e9es ne sont visibles que par le d\u00e9partement des ressources humaines ou d&rsquo;autres personnes impliqu\u00e9es dans la candidature, s&rsquo;il existe une base en vertu de la LVA.<\/span><\/p>\n<p class=\"p5\"><span class=\"s1\"><b>B. Contact<\/b><\/span><\/p>\n<p class=\"p3\"><span class=\"s1\">Gr\u00e2ce au site web de Tattoo &amp; Beauty Care, il est possible de le contacter pour poser des questions.<\/span><\/p>\n<p class=\"p3\"><span class=\"s1\">Dans ce cas, Tattoo &amp; Beauty Care demande les donn\u00e9es suivantes :  <\/span><\/p>\n<p class=\"p5\"><span class=\"s1\">&#8211; Votre nom<\/span><\/p>\n<p class=\"p5\"><span class=\"s1\">&#8211; Votre e-mail<\/span><\/p>\n<p class=\"p5\"><span class=\"s1\">&#8211; Sujet<\/span><\/p>\n<p class=\"p5\"><span class=\"s1\">&#8211; Message<\/span><\/p>\n<p class=\"p5\"><span class=\"s1\"><b>C. Visites du site web\/am\u00e9lioration du site web<\/b><\/span><\/p>\n<p class=\"p3\"><span class=\"s1\">Tattoo &amp; Beauty Care utilise Google Analytics pour am\u00e9liorer son site web. Au cours de ce processus, les donn\u00e9es suivantes sont collect\u00e9es :  <\/span><\/p>\n<p class=\"p5\"><span class=\"s1\">&#8211; Pages que vous visitez<\/span><\/p>\n<p class=\"p5\"><span class=\"s1\">&#8211; Le nombre de visiteurs du site web<\/span><\/p>\n<p class=\"p5\"><span class=\"s1\">&#8211; Dur\u00e9e de la visite du site web<\/span><\/p>\n<p class=\"p3\"><span class=\"s1\">Il est important que vous sachiez que ces donn\u00e9es restent anonymes et ne sont pas li\u00e9es \u00e0 vos donn\u00e9es personnelles.<\/span><\/p>\n<p class=\"p3\"><span class=\"s1\"><b>Toutes les donn\u00e9es ne sont pas toujours utilis\u00e9es<\/b><\/span><\/p>\n<p class=\"p3\"><span class=\"s1\">Il convient de noter que Tattoo &amp; Beauty Care n&rsquo;utilise pas toujours toutes les donn\u00e9es. L&rsquo;utilisation des donn\u00e9es d\u00e9pend de la finalit\u00e9 pour laquelle Tattoo &amp; Beauty Care traite les donn\u00e9es.  <\/span><\/p>\n<p class=\"p3\"><span class=\"s1\">Tattoo &amp; Beauty Care ne traite pas les donn\u00e9es personnelles \u00e0 des fins autres que celles pour lesquelles elles ont \u00e9t\u00e9 fournies. Si le traitement des donn\u00e9es \u00e0 caract\u00e8re personnel est utilis\u00e9 pour une finalit\u00e9 autre que celle pour laquelle les donn\u00e9es \u00e0 caract\u00e8re personnel ont \u00e9t\u00e9 collect\u00e9es, Tattoo &amp; Beauty Care demandera un consentement explicite \u00e0 cet effet.<\/span><\/p>\n<p class=\"p3\"><span class=\"s1\">Les donn\u00e9es personnelles trait\u00e9es par Tattoo &amp; Beauty Care sont les suivantes :<\/span><\/p>\n<ul class=\"ul1\">\n<li class=\"li3\"><span class=\"s1\">&#8211; Nom<\/span><\/li>\n<li class=\"li3\"><span class=\"s1\">&#8211; Adresse<\/span><\/li>\n<li class=\"li3\"><span class=\"s1\">&#8211; Courrier \u00e9lectronique<\/span><\/li>\n<li class=\"li3\"><span class=\"s1\">&#8211; Num\u00e9ro de t\u00e9l\u00e9phone<\/span><\/li>\n<\/ul>\n<h3 class=\"p3\"><span class=\"s1\"><b>3. Donn\u00e9es \u00e0 caract\u00e8re personnel particuli\u00e8res et\/ou sensibles<\/b><\/span><\/h3>\n<p class=\"p3\"><span class=\"s1\">Tattoo &amp; Beauty Care ne traite pas de donn\u00e9es personnelles particuli\u00e8res telles que l&rsquo;origine ethnique, la race, les opinions politiques, les croyances religieuses, l&rsquo;appartenance \u00e0 un syndicat, l&rsquo;orientation sexuelle ou les donn\u00e9es criminelles.<\/span><\/p>\n<p class=\"p3\"><span class=\"s1\">Tattoo &amp; Beauty Care traite les donn\u00e9es personnelles que les clients, les candidats \u00e0 l&#8217;emploi et les visiteurs du site Web fournissent eux-m\u00eames \u00e0 Tattoo &amp; Beauty Care.<\/span><\/p>\n<p class=\"p3\"><span class=\"s1\">Tattoo &amp; Beauty Care n&rsquo;a pas l&rsquo;intention, par le biais du site web ou de ses services, de collecter des donn\u00e9es sur les visiteurs du site web \u00e2g\u00e9s de moins de 16 ans. Si vous pensez que nous avons collect\u00e9 des donn\u00e9es \u00e0 caract\u00e8re personnel concernant un mineur sans son consentement, veuillez nous contacter \u00e0 l&rsquo;adresse suivante : info@inkskin.nl.  <\/span><span class=\"s1\">nous supprimerons alors ces informations.<\/span><\/p>\n<h3 class=\"p3\"><span class=\"s1\"><b>4. Traitement des donn\u00e9es<\/b><\/span><\/h3>\n<p class=\"p3\"><span class=\"s1\">Les donn\u00e9es sensibles sont trait\u00e9es par les services de Tattoo &amp; Beauty Care. Ce traitement signifie toute utilisation de vos donn\u00e9es \u00e0 caract\u00e8re personnel telle que la modification, le stockage, la transmission ou la suppression de celles-ci.  <\/span><\/p>\n<p class=\"p3\"><span class=\"s1\">Tattoo &amp; Beauty Care utilise notamment ces donn\u00e9es :  <\/span><\/p>\n<p class=\"p5\"><span class=\"s1\">&#8211; Lorsque vous visitez ou utilisez nos sites web ou nos canaux de m\u00e9dias sociaux ;<\/span><\/p>\n<p class=\"p5\"><span class=\"s1\">&#8211; Lorsque vous achetez nos services ;<\/span><\/p>\n<p class=\"p5\"><span class=\"s1\">&#8211; Pour la gestion des relations ;<\/span><\/p>\n<p class=\"p5\"><span class=\"s1\">&#8211; pour l&rsquo;ex\u00e9cution de l&rsquo;accord ;<\/span><\/p>\n<p class=\"p5\"><span class=\"s1\">&#8211; Lorsque vous nous fournissez vos services ;<\/span><\/p>\n<p class=\"p5\"><span class=\"s1\">&#8211; pour remplir des obligations l\u00e9gales ;<\/span><\/p>\n<p class=\"p6\"><span class=\"s1\">&#8211; lorsque vous consentez au traitement des donn\u00e9es \u00e0 caract\u00e8re personnel. Si vous y consentez, vous pouvez \u00e9galement retirer ce consentement \u00e0 tout moment ;<\/span><\/p>\n<p class=\"p6\"><span class=\"s1\">&#8211; Lorsque vous nous contactez via le formulaire de contact ;<\/span><\/p>\n<p class=\"p5\"><span class=\"s1\">&#8211; Lorsque vous participez \u00e0 nos \u00e9v\u00e9nements professionnels.  <\/span><\/p>\n<p class=\"p3\"><span class=\"s1\">Tattoo &amp; Beauty Care peut \u00e9galement traiter des donn\u00e9es s&rsquo;il existe un int\u00e9r\u00eat l\u00e9gitime pour Tattoo &amp; Beauty Care elle-m\u00eame ou pour un tiers \u00e0 le faire. Il peut s&rsquo;agir, par exemple, d&rsquo;int\u00e9r\u00eats commerciaux. Dans un tel cas, Tattoo &amp; Beauty Care proc\u00e9dera toujours \u00e0 une mise en balance minutieuse des int\u00e9r\u00eats en jeu et de vos int\u00e9r\u00eats en mati\u00e8re de protection de la vie priv\u00e9e.  <\/span><\/p>\n<h3 class=\"p3\"><span class=\"s1\"><b>5. D\u00e9lais de conservation<\/b><\/span><\/h3>\n<p class=\"p5\"><span class=\"s1\"><b>A. Demandeurs<\/b><\/span><\/p>\n<p class=\"p3\"><span class=\"s1\">Tattoo &amp; Beauty Care traite les demandes d&#8217;emploi comme suit. Tattoo &amp; Beauty Care conserve vos donn\u00e9es dans le cadre de l&rsquo;application. Si vous n&rsquo;avez pas donn\u00e9 \u00e0 Tattoo &amp; Beauty Care l&rsquo;autorisation de conserver les donn\u00e9es pendant plus de quatre semaines, Tattoo &amp; Beauty Care effacera les donn\u00e9es quatre semaines apr\u00e8s la demande. Si vous consentez \u00e0 une conservation plus longue, Tattoo &amp; Beauty Care conservera vos donn\u00e9es pendant un an apr\u00e8s la demande.<\/span><\/p>\n<p class=\"p5\"><span class=\"s1\"><b>B. Contact<\/b><\/span><\/p>\n<p class=\"p3\"><span class=\"s1\">Tattoo &amp; Beauty Care peut \u00e9galement traiter des donn\u00e9es si la loi l&rsquo;y oblige. En vertu de la loi, Tattoo &amp; Beauty Care doit, par exemple, conserver les donn\u00e9es de paiement pendant 7 ans pour les autorit\u00e9s fiscales. En outre, Tattoo &amp; Beauty Care doit conserver les donn\u00e9es relatives \u00e0 son activit\u00e9 et ses archives pendant 7 ans \u00e0 l&rsquo;intention de l&rsquo;administration fiscale.  <\/span><\/p>\n<p class=\"p5\"><span class=\"s1\"><b>C. Visites du site web\/am\u00e9lioration du site web<\/b><\/span><\/p>\n<p class=\"p3\"><span class=\"s1\">Les donn\u00e9es collect\u00e9es par Google Analytics sont anonymes et peuvent donc \u00eatre conserv\u00e9es ind\u00e9finiment.  <\/span><\/p>\n<p class=\"p3\"><span class=\"s1\">Tattoo &amp; Beauty Care ne conservera pas les donn\u00e9es personnelles plus longtemps que n\u00e9cessaire. Pour les donn\u00e9es administratives et financi\u00e8res (y compris les donn\u00e9es personnelles), la dur\u00e9e de conservation des donn\u00e9es personnelles est de 7 ans \u00e0 compter de leur saisie. Pour les autres donn\u00e9es, Tattoo &amp; Beauty Care applique un d\u00e9lai de conservation de 5 ans \u00e0 compter de leur saisie. Si cela est n\u00e9cessaire dans le cadre de l&rsquo;accord, Tattoo &amp; Beauty Care conservera les donn\u00e9es plus longtemps.  <\/span><\/p>\n<h3 class=\"p3\"><span class=\"s1\"><b>6. Destinataires des donn\u00e9es \u00e0 caract\u00e8re personnel<\/b><\/span><\/h3>\n<p class=\"p3\"><span class=\"s1\">Pour le traitement des donn\u00e9es personnelles, Tattoo &amp; Beauty Care fait appel \u00e0 des prestataires de services tiers qui ont parfois acc\u00e8s \u00e0 vos donn\u00e9es. Tattoo &amp; Beauty Care prendra des dispositions avec ces sous-traitants en ce qui concerne les instructions et les normes de s\u00e9curit\u00e9 qu&rsquo;ils doivent respecter. Tattoo &amp; Beauty Care enregistre cela dans un accord dit de traitement.  <\/span><\/p>\n<p class=\"p3\"><span class=\"s1\">Tattoo &amp; Beauty Care ne transf\u00e8re pas de donn\u00e9es vers des pays situ\u00e9s en dehors de l&rsquo;UE, \u00e0 moins que Tattoo &amp; Beauty Care n&rsquo;y soit contraint par la loi ou par une d\u00e9cision de justice.<\/span><\/p>\n<h3 class=\"p3\"><span class=\"s1\"><b>7. S\u00e9curit\u00e9 des donn\u00e9es personnelles<\/b><\/span><\/h3>\n<p class=\"p3\"><span class=\"s1\">Tattoo &amp; Beauty Care respecte les droits et obligations d\u00e9coulant du r\u00e8glement g\u00e9n\u00e9ral sur la protection des donn\u00e9es (RGPD). Tattoo &amp; Beauty Care s&rsquo;efforce de s\u00e9curiser au mieux les donn\u00e9es personnelles et prend les mesures techniques et organisationnelles appropri\u00e9es qui, compte tenu de l&rsquo;\u00e9tat de la technique, visent \u00e0 emp\u00eacher tout acc\u00e8s non autoris\u00e9 aux donn\u00e9es, de sorte que celles-ci sont tenues secr\u00e8tes. Tattoo &amp; Beauty Care s\u00e9curise ses donn\u00e9es, entre autres, par le biais de &#8230;.<span class=\"Apple-converted-space\">  <\/span>Si Tattoo &amp; Beauty Care fait appel \u00e0 des sous-traitants, Tattoo &amp; Beauty Care les oblige \u00e0 traiter vos donn\u00e9es selon les m\u00eames normes de s\u00e9curit\u00e9.<\/span><\/p>\n<h3 class=\"p3\"><span class=\"s1\"><b>8. Vos droits en tant que personne concern\u00e9e<\/b><\/span><\/h3>\n<p class=\"p3\"><span class=\"s1\">Vous pouvez nous demander d&rsquo;acc\u00e9der \u00e0 vos donn\u00e9es personnelles. Vous pouvez \u00e9galement nous demander de rectifier, compl\u00e9ter, supprimer ou bloquer vos donn\u00e9es personnelles si elles sont inexactes, incompl\u00e8tes, non pertinentes ou trait\u00e9es en violation d&rsquo;une obligation l\u00e9gale. En outre, vous pouvez vous opposer au traitement des donn\u00e9es \u00e0 caract\u00e8re personnel et demander leur transfert.  <\/span><\/p>\n<p class=\"p3\"><span class=\"s1\">Vous pouvez \u00e9galement nous demander d&rsquo;exercer l&rsquo;un des droits susmentionn\u00e9s \u00e0 tout moment. Envoyez ensuite un courriel \u00e0 info@inkskin.nl.<\/span> <span class=\"s1\">Dans votre courrier \u00e9lectronique, veuillez indiquer le plus clairement possible sur quelles donn\u00e9es personnelles porte votre demande et quel droit vous souhaitez exercer. Tattoo &amp; Beauty Care s&rsquo;efforcera de vous r\u00e9pondre dans un d\u00e9lai de 4 semaines.<\/span><\/p>\n<p class=\"p3\"><span class=\"s1\">En outre, vous avez le droit de d\u00e9poser une plainte aupr\u00e8s de l&rsquo;autorit\u00e9 charg\u00e9e des donn\u00e9es personnelles.<\/span><\/p>\n<h3 class=\"p3\"><span class=\"s1\"><b>9. Cookies  <\/b><\/span><\/h3>\n<p class=\"p3\"><span class=\"s1\">Sur ce site et d&rsquo;autres sites de Tattoo &amp; Beauty Care, nous utilisons des cookies. Les cookies sont de petits fichiers texte que notre site web place sur votre ordinateur, votre t\u00e9l\u00e9phone portable ou votre tablette. Les cookies nous permettent de stocker des informations sur votre visite du site web. En installant les cookies, des donn\u00e9es personnelles sont trait\u00e9es. Les cookies peuvent vous permettre d&rsquo;\u00eatre reconnu lors de votre prochaine visite sur le site web. Tattoo &amp; Beauty Care utilise les cookies suivants : &#8230;&#8230;&#8230;&#8230;&#8230;&#8230;..<\/span><\/p>\n<h3 class=\"p3\"><span class=\"s1\"><b>10. Changements<\/b><\/span><\/h3>\n<p class=\"p3\"><span class=\"s1\">Tattoo &amp; Beauty Care se r\u00e9serve le droit d&rsquo;amender ou de modifier unilat\u00e9ralement la pr\u00e9sente d\u00e9claration de confidentialit\u00e9 \u00e0 tout moment et pour quelque raison que ce soit.<\/span><\/p>\n\t\t\t\t\t\t\t\t<\/div>\n\t\t\t\t<\/div>\n\t\t\t\t<\/div>\n\t\t\t\t\t<\/div>\n\t\t\t\t<\/div>\n\t\t\t\t<\/div>\n\t\t","protected":false},"excerpt":{"rendered":"<p>Politique de confidentialit\u00e9 D\u00e9claration de confidentialit\u00e9 Tattoo &amp; Beauty Care B.V. Tattoo &amp; Beauty Care B.V. (ci-apr\u00e8s Tattoo &amp; Beauty Care) vend des produits pour le suivi et l&rsquo;entretien des tatouages et des piercings. Tattoo &amp; Beauty Care met \u00e0 la disposition de ses clients son expertise et ses ann\u00e9es d&rsquo;exp\u00e9rience dans ce domaine. Comme [&hellip;]<\/p>\n","protected":false},"author":1,"featured_media":0,"parent":0,"menu_order":0,"comment_status":"closed","ping_status":"closed","template":"","meta":{"_acf_changed":false,"footnotes":""},"class_list":["post-1970","page","type-page","status-publish","hentry"],"ams_acf":[],"acf":[],"_links":{"self":[{"href":"https:\/\/inkskin.nl\/fr\/wp-json\/wp\/v2\/pages\/1970","targetHints":{"allow":["GET"]}}],"collection":[{"href":"https:\/\/inkskin.nl\/fr\/wp-json\/wp\/v2\/pages"}],"about":[{"href":"https:\/\/inkskin.nl\/fr\/wp-json\/wp\/v2\/types\/page"}],"author":[{"embeddable":true,"href":"https:\/\/inkskin.nl\/fr\/wp-json\/wp\/v2\/users\/1"}],"replies":[{"embeddable":true,"href":"https:\/\/inkskin.nl\/fr\/wp-json\/wp\/v2\/comments?post=1970"}],"version-history":[{"count":0,"href":"https:\/\/inkskin.nl\/fr\/wp-json\/wp\/v2\/pages\/1970\/revisions"}],"wp:attachment":[{"href":"https:\/\/inkskin.nl\/fr\/wp-json\/wp\/v2\/media?parent=1970"}],"curies":[{"name":"wp","href":"https:\/\/api.w.org\/{rel}","templated":true}]}}