{"id":1968,"date":"2024-04-16T09:17:42","date_gmt":"2024-04-16T09:17:42","guid":{"rendered":"https:\/\/inkskin.nl\/informations-sur-le-contact\/"},"modified":"2024-12-04T11:10:35","modified_gmt":"2024-12-04T11:10:35","slug":"informations-sur-le-contact","status":"publish","type":"page","link":"https:\/\/inkskin.nl\/fr\/informations-sur-le-contact\/","title":{"rendered":"Informations sur le contact"},"content":{"rendered":"\t\t<div data-elementor-type=\"wp-page\" data-elementor-id=\"1968\" class=\"elementor elementor-1968 elementor-1097\" data-elementor-post-type=\"page\">\n\t\t\t\t<div class=\"elementor-element elementor-element-967f9a5 p2p-section-lg e-flex e-con-boxed e-con e-parent\" data-id=\"967f9a5\" data-element_type=\"container\" data-e-type=\"container\" data-settings=\"{&quot;jet_parallax_layout_list&quot;:[]}\">\n\t\t\t\t\t<div class=\"e-con-inner\">\n\t\t<div class=\"elementor-element elementor-element-4f43c67 e-con-full e-flex e-con e-child\" data-id=\"4f43c67\" data-element_type=\"container\" data-e-type=\"container\" data-settings=\"{&quot;jet_parallax_layout_list&quot;:[]}\">\n\t\t\t\t<div class=\"elementor-element elementor-element-b84710b elementor-widget elementor-widget-heading\" data-id=\"b84710b\" data-element_type=\"widget\" data-e-type=\"widget\" data-widget_type=\"heading.default\">\n\t\t\t\t<div class=\"elementor-widget-container\">\n\t\t\t\t\t<h2 class=\"elementor-heading-title elementor-size-default\">Coordonn\u00e9es de la personne \u00e0 contacter<\/h2>\t\t\t\t<\/div>\n\t\t\t\t<\/div>\n\t\t\t\t<div class=\"elementor-element elementor-element-034c5ab elementor-widget elementor-widget-text-editor\" data-id=\"034c5ab\" data-element_type=\"widget\" data-e-type=\"widget\" data-widget_type=\"text-editor.default\">\n\t\t\t\t<div class=\"elementor-widget-container\">\n\t\t\t\t\t\t\t\t\t<p class=\"p3\"><span class=\"s1\"><br><\/span><br>I<span class=\"s1\">nkskin tattoo supplies B.V.<\/span>Habsburgstraat 27s 5346 <span class=\"s1\"><span class=\"s1\">SB Oss<\/span><\/span><\/p>\n<p><br>Num\u00e9ro de t\u00e9l\u00e9phone : +31 6 43 87 93 36<span class=\"s1\">E-mail : Info@inkskin.nl<br><\/span><\/p>\t\t\t\t\t\t\t\t<\/div>\n\t\t\t\t<\/div>\n\t\t\t\t<div class=\"elementor-element elementor-element-c9144f0 elementor-widget elementor-widget-text-editor\" data-id=\"c9144f0\" data-element_type=\"widget\" data-e-type=\"widget\" data-widget_type=\"text-editor.default\">\n\t\t\t\t<div class=\"elementor-widget-container\">\n\t\t\t\t\t\t\t\t\t<p class=\"p3\"><strong><br \/><\/strong><br \/>R<strong>\u00e9gion Nord des Pays-Bas :<\/strong>Rene van Assema 06 43 87 93 37<strong><\/strong><\/p>\n<p><strong><br \/><\/strong><br \/>R<strong>\u00e9gion Sud &#8211; Est des Pays-Bas :<\/strong>Hans van Loon 06 43 87 93 35<strong><\/strong><\/p>\n<p><strong><br \/><\/strong><br \/>R<strong>\u00e9gion Belgique\/Pays-Bas occidentaux<\/strong>Marc van Schoonderwalt +31 6 43 87 93 39<strong><\/strong><\/p>\n\t\t\t\t\t\t\t\t<\/div>\n\t\t\t\t<\/div>\n\t\t\t\t<\/div>\n\t\t<div class=\"elementor-element elementor-element-a2bff0f e-con-full e-flex e-con e-child\" data-id=\"a2bff0f\" data-element_type=\"container\" data-e-type=\"container\" data-settings=\"{&quot;jet_parallax_layout_list&quot;:[]}\">\n\t\t\t\t<div class=\"elementor-element elementor-element-c2920d2 elementor-widget elementor-widget-contact-form-7\" data-id=\"c2920d2\" data-element_type=\"widget\" data-e-type=\"widget\" data-widget_type=\"contact-form-7.default\">\n\t\t\t\t<div class=\"elementor-widget-container\">\n\t\t\t\t\t<div class=\"elementor-contact-form-7 jet-elements\">\n<div class=\"wpcf7 no-js\" id=\"wpcf7-f1978-o1\" lang=\"fr-FR\" dir=\"ltr\" data-wpcf7-id=\"1978\">\n<div class=\"screen-reader-response\"><p role=\"status\" aria-live=\"polite\" aria-atomic=\"true\"><\/p> <ul><\/ul><\/div>\n<form action=\"\/fr\/wp-json\/wp\/v2\/pages\/1968#wpcf7-f1978-o1\" method=\"post\" class=\"wpcf7-form init\" aria-label=\"Formulaire de contact\" novalidate=\"novalidate\" data-status=\"init\">\n<fieldset class=\"hidden-fields-container\"><input type=\"hidden\" name=\"_wpcf7\" value=\"1978\" \/><input type=\"hidden\" name=\"_wpcf7_version\" value=\"6.1.5\" \/><input type=\"hidden\" name=\"_wpcf7_locale\" value=\"fr_FR\" \/><input type=\"hidden\" name=\"_wpcf7_unit_tag\" value=\"wpcf7-f1978-o1\" \/><input type=\"hidden\" name=\"_wpcf7_container_post\" value=\"0\" \/><input type=\"hidden\" name=\"_wpcf7_posted_data_hash\" value=\"\" \/><input type=\"hidden\" name=\"_wpcf7_recaptcha_response\" value=\"\" \/>\n<\/fieldset>\n<p><label> Votre nom<br \/>\n<span class=\"wpcf7-form-control-wrap\" data-name=\"your-name\"><input size=\"40\" maxlength=\"400\" class=\"wpcf7-form-control wpcf7-text wpcf7-validates-as-required\" autocomplete=\"name\" aria-required=\"true\" aria-invalid=\"false\" value=\"\" type=\"text\" name=\"your-name\" \/><\/span> <\/label>\n<\/p>\n<p><label> Votre e-mail<br \/>\n<span class=\"wpcf7-form-control-wrap\" data-name=\"your-email\"><input size=\"40\" maxlength=\"400\" class=\"wpcf7-form-control wpcf7-email wpcf7-validates-as-required wpcf7-text wpcf7-validates-as-email\" autocomplete=\"email\" aria-required=\"true\" aria-invalid=\"false\" value=\"\" type=\"email\" name=\"your-email\" \/><\/span> <\/label>\n<\/p>\n<p><label> Sujet<br \/>\n<span class=\"wpcf7-form-control-wrap\" data-name=\"your-subject\"><input size=\"40\" maxlength=\"400\" class=\"wpcf7-form-control wpcf7-text wpcf7-validates-as-required\" aria-required=\"true\" aria-invalid=\"false\" value=\"\" type=\"text\" name=\"your-subject\" \/><\/span> <\/label>\n<\/p>\n<p><label> Votre message (facultatif)<br \/>\n<span class=\"wpcf7-form-control-wrap\" data-name=\"your-message\"><textarea cols=\"40\" rows=\"10\" maxlength=\"2000\" class=\"wpcf7-form-control wpcf7-textarea\" aria-invalid=\"false\" name=\"your-message\"><\/textarea><\/span> <\/label>\n<\/p>\n<p><input class=\"wpcf7-form-control wpcf7-submit has-spinner\" type=\"submit\" value=\"Verzenden\" \/>\n<\/p><div class=\"wpcf7-response-output\" aria-hidden=\"true\"><\/div>\n<\/form>\n<\/div>\n<\/div>\t\t\t\t<\/div>\n\t\t\t\t<\/div>\n\t\t\t\t<\/div>\n\t\t\t\t\t<\/div>\n\t\t\t\t<\/div>\n\t\t\t\t<\/div>\n\t\t","protected":false},"excerpt":{"rendered":"<p>Coordonn\u00e9es de la personne \u00e0 contacter Inkskin tattoo supplies B.V.Habsburgstraat 27s 5346 SB Oss Num\u00e9ro de t\u00e9l\u00e9phone : +31 6 43 87 93 36E-mail : Info@inkskin.nl R\u00e9gion Nord des Pays-Bas :Rene van Assema 06 43 87 93 37 R\u00e9gion Sud &#8211; Est des Pays-Bas :Hans van Loon 06 43 87 93 35 R\u00e9gion Belgique\/Pays-Bas occidentauxMarc [&hellip;]<\/p>\n","protected":false},"author":1,"featured_media":0,"parent":0,"menu_order":0,"comment_status":"closed","ping_status":"closed","template":"","meta":{"_acf_changed":false,"footnotes":""},"class_list":["post-1968","page","type-page","status-publish","hentry"],"ams_acf":[],"acf":[],"_links":{"self":[{"href":"https:\/\/inkskin.nl\/fr\/wp-json\/wp\/v2\/pages\/1968","targetHints":{"allow":["GET"]}}],"collection":[{"href":"https:\/\/inkskin.nl\/fr\/wp-json\/wp\/v2\/pages"}],"about":[{"href":"https:\/\/inkskin.nl\/fr\/wp-json\/wp\/v2\/types\/page"}],"author":[{"embeddable":true,"href":"https:\/\/inkskin.nl\/fr\/wp-json\/wp\/v2\/users\/1"}],"replies":[{"embeddable":true,"href":"https:\/\/inkskin.nl\/fr\/wp-json\/wp\/v2\/comments?post=1968"}],"version-history":[{"count":0,"href":"https:\/\/inkskin.nl\/fr\/wp-json\/wp\/v2\/pages\/1968\/revisions"}],"wp:attachment":[{"href":"https:\/\/inkskin.nl\/fr\/wp-json\/wp\/v2\/media?parent=1968"}],"curies":[{"name":"wp","href":"https:\/\/api.w.org\/{rel}","templated":true}]}}